{"id":8598,"date":"2025-10-21T11:18:00","date_gmt":"2025-10-21T11:18:00","guid":{"rendered":"https:\/\/stg.techspace.no\/?page_id=8598"},"modified":"2026-01-09T13:36:34","modified_gmt":"2026-01-09T13:36:34","slug":"marknadsforing-i-sociala-medier-2","status":"publish","type":"page","link":"https:\/\/techspace.no\/sv\/digital-markedsforing-tjenester\/markedsforing-i-sosiale-medier\/","title":{"rendered":"Marknadsf\u00f6ring i sociala medier"},"content":{"rendered":"<div data-elementor-type=\"wp-page\" data-elementor-id=\"8598\" class=\"elementor elementor-8598\" data-elementor-post-type=\"page\">\n\t\t\t\t<div class=\"elementor-element elementor-element-b4e98cd e-flex e-con-boxed e-con e-parent\" data-id=\"b4e98cd\" data-element_type=\"container\" data-e-type=\"container\" data-settings=\"{&quot;background_background&quot;:&quot;classic&quot;}\">\n\t\t\t\t\t<div class=\"e-con-inner\">\n\t\t\t\t<div class=\"elementor-element elementor-element-e3e4af7 elementor-widget__width-initial elementor-widget elementor-widget-heading\" data-id=\"e3e4af7\" data-element_type=\"widget\" data-e-type=\"widget\" data-widget_type=\"heading.default\">\n\t\t\t\t\t<h1 class=\"elementor-heading-title elementor-size-default\">Marknadsf\u00f6ring i sociala medier i Norge\n<\/h1>\t\t\t\t<\/div>\n\t\t\t\t<div class=\"elementor-element elementor-element-1d0a8c9 elementor-widget__width-initial elementor-widget elementor-widget-text-editor\" data-id=\"1d0a8c9\" data-element_type=\"widget\" data-e-type=\"widget\" data-widget_type=\"text-editor.default\">\n\t\t\t\t\t\t\t\t\t<p>F\u00f6rst\u00e4rk ditt varum\u00e4rke med riktad marknadsf\u00f6ring i sociala medier som ger verkliga resultat.<br \/>P\u00e5 Techspace skapar vi skr\u00e4ddarsydda strategier f\u00f6r sociala medier f\u00f6r norska f\u00f6retag - och hj\u00e4lper dig att n\u00e5 r\u00e4tt m\u00e5lgrupp, \u00f6ka engagemanget och uppn\u00e5 m\u00e4tbar tillv\u00e4xt.<\/p>\t\t\t\t\t\t\t\t<\/div>\n\t\t\t\t<div class=\"elementor-element elementor-element-4f31496 elementor-widget elementor-widget-button\" data-id=\"4f31496\" data-element_type=\"widget\" data-e-type=\"widget\" data-widget_type=\"button.default\">\n\t\t\t\t\t\t\t\t\t\t<a class=\"elementor-button elementor-button-link elementor-size-sm\" href=\"\/sv\/kontakta-oss\/#Contact-now\">\n\t\t\t\t\t\t<span class=\"elementor-button-content-wrapper\">\n\t\t\t\t\t\t\t\t\t<span class=\"elementor-button-text\">F\u00e5 en kostnadsfri offert<\/span>\n\t\t\t\t\t<\/span>\n\t\t\t\t\t<\/a>\n\t\t\t\t\t\t\t\t<\/div>\n\t\t\t\t\t<\/div>\n\t\t\t\t<\/div>\n\t\t<div class=\"elementor-element elementor-element-23a814e e-flex e-con-boxed e-con e-parent\" data-id=\"23a814e\" data-element_type=\"container\" data-e-type=\"container\">\n\t\t\t\t\t<div class=\"e-con-inner\">\n\t\t\t\t<div class=\"elementor-element elementor-element-68fad67 elementor-widget elementor-widget-heading\" data-id=\"68fad67\" data-element_type=\"widget\" data-e-type=\"widget\" data-widget_type=\"heading.default\">\n\t\t\t\t\t<h2 class=\"elementor-heading-title elementor-size-default\">Varf\u00f6r beh\u00f6ver ditt norska f\u00f6retag en strategi f\u00f6r sociala medier?\n<\/h2>\t\t\t\t<\/div>\n\t\t\t\t<div class=\"elementor-element elementor-element-6a2c384 elementor-widget__width-initial elementor-widget-mobile__width-inherit elementor-widget elementor-widget-text-editor\" data-id=\"6a2c384\" data-element_type=\"widget\" data-e-type=\"widget\" data-widget_type=\"text-editor.default\">\n\t\t\t\t\t\t\t\t\t<p>Du kan inte bara anv\u00e4nda gamla metoder f\u00f6r marknadsf\u00f6ring i sociala medier i Norge. Den norska marknaden \u00e4r unik. Konsumenterna v\u00e4rdes\u00e4tter transparens med h\u00f6gkvalitativt inneh\u00e5ll, bilder och lokal relevans.<\/p>\t\t\t\t\t\t\t\t<\/div>\n\t\t<div class=\"elementor-element elementor-element-e00e19c e-con-full e-flex e-con e-child\" data-id=\"e00e19c\" data-element_type=\"container\" data-e-type=\"container\">\n\t\t<div class=\"elementor-element elementor-element-7c8a25e e-con-full e-flex e-con e-child\" data-id=\"7c8a25e\" data-element_type=\"container\" data-e-type=\"container\" data-settings=\"{&quot;background_background&quot;:&quot;classic&quot;}\">\n\t\t\t\t<div class=\"elementor-element elementor-element-a685dc7 elementor-widget elementor-widget-icon-box\" data-id=\"a685dc7\" data-element_type=\"widget\" data-e-type=\"widget\" data-widget_type=\"icon-box.default\">\n\t\t\t\t\t\t\t<div class=\"elementor-icon-box-wrapper\">\n\n\t\t\t\n\t\t\t\t\t\t<div class=\"elementor-icon-box-content\">\n\n\t\t\t\t\t\t\t\t\t<h3 class=\"elementor-icon-box-title\">\n\t\t\t\t\t\t<span  >\n\t\t\t\t\t\t\tN\u00e5 ut till en v\u00e4rdefull m\u00e5lgrupp\t\t\t\t\t\t<\/span>\n\t\t\t\t\t<\/h3>\n\t\t\t\t\n\t\t\t\t\t\t\t\t\t<p class=\"elementor-icon-box-description\">\n\t\t\t\t\t\tNorrm\u00e4nnen \u00e4r mycket bekv\u00e4ma med digitala verktyg och har pengar att spendera. Cirka 77,5 % av befolkningen \u00e4r aktiva p\u00e5 sociala medier. Du m\u00e5ste k\u00e4nna till deras lokala vanor f\u00f6r att skapa en stark koppling.\n\n\t\t\t\t\t<\/p>\n\t\t\t\t\n\t\t\t<\/div>\n\t\t\t\n\t\t<\/div>\n\t\t\t\t\t\t<\/div>\n\t\t\t\t<div class=\"elementor-element elementor-element-85c5edd elementor-widget elementor-widget-text-editor\" data-id=\"85c5edd\" data-element_type=\"widget\" data-e-type=\"widget\" data-widget_type=\"text-editor.default\">\n\t\t\t\t\t\t\t\t\t<ul><li><strong>Facebook<\/strong> \u00e4r fortfarande den st\u00f6rsta plattformen f\u00f6r potentiella kunder. Alla f\u00f6retag beh\u00f6ver ha en stark n\u00e4rvaro p\u00e5 Facebook p\u00e5 grund av dess stora marknad. Det bidrar till bred annonsering och r\u00e4ckvidd.<\/li><li><strong>Pinterest<\/strong> och Instagram \u00e4r effektiva val f\u00f6r att n\u00e5 ut till din m\u00e5lgrupp eller potentiella kunder genom ditt varum\u00e4rkes visuella uttryck. Det kommer att ansluta dig till en bredare publik.<\/li><li><strong>LinkedIn<\/strong> \u00e4r perfekt f\u00f6r B2B-relationer och professionellt n\u00e4tverkande. Det passar perfekt med Norges starka aff\u00e4rskultur.<\/li><li><strong>TikTok<\/strong> \u00e4r en relativt ny plattform, men den har ett st\u00f6rre och bredare genomslag. Du kan dela korta, intressanta videor<\/li><\/ul>\t\t\t\t\t\t\t\t<\/div>\n\t\t\t\t<\/div>\n\t\t<div class=\"elementor-element elementor-element-3f50dd4 e-con-full e-flex e-con e-child\" data-id=\"3f50dd4\" data-element_type=\"container\" data-e-type=\"container\" data-settings=\"{&quot;background_background&quot;:&quot;classic&quot;}\">\n\t\t\t\t<div class=\"elementor-element elementor-element-4ae76dd elementor-widget elementor-widget-icon-box\" data-id=\"4ae76dd\" data-element_type=\"widget\" data-e-type=\"widget\" data-widget_type=\"icon-box.default\">\n\t\t\t\t\t\t\t<div class=\"elementor-icon-box-wrapper\">\n\n\t\t\t\n\t\t\t\t\t\t<div class=\"elementor-icon-box-content\">\n\n\t\t\t\t\t\t\t\t\t<h3 class=\"elementor-icon-box-title\">\n\t\t\t\t\t\t<span  >\n\t\t\t\t\t\t\t Navigera bland lokala lagar och regler f\u00f6r \u00f6ppenhet\t\t\t\t\t\t<\/span>\n\t\t\t\t\t<\/h3>\n\t\t\t\t\n\t\t\t\t\t\t\t\t\t<p class=\"elementor-icon-box-description\">\n\t\t\t\t\t\tNorge har n\u00e5gra av v\u00e4rldens str\u00e4ngaste regler f\u00f6r reklam, s\u00e4rskilt f\u00f6r sociala medier. Om du inte f\u00f6ljer dessa regler kommer ditt varum\u00e4rkes image att bli lidande.\n\t\t\t\t\t<\/p>\n\t\t\t\t\n\t\t\t<\/div>\n\t\t\t\n\t\t<\/div>\n\t\t\t\t\t\t<\/div>\n\t\t\t\t<div class=\"elementor-element elementor-element-ea3963d elementor-widget elementor-widget-text-editor\" data-id=\"ea3963d\" data-element_type=\"widget\" data-e-type=\"widget\" data-widget_type=\"text-editor.default\">\n\t\t\t\t\t\t\t\t\t<p>En viktig regel \u00e4r att vara <strong>\u00e4rlig i annonser<\/strong>:<\/p><p>\u00a0<\/p><ul><li><strong>Offentligg\u00f6rande av annons:<\/strong> Alla betalda inl\u00e4gg, \u00e4ven de fr\u00e5n influencers, m\u00e5ste tydligt m\u00e4rkas som \u00abannons\u00bb eller \u00abmarknadsf\u00f6ring\u00bb.<\/li><li><strong>Lag om bilreparationer:<\/strong> Norge har en mycket strikt lag om bildredigering. Om du \u00e4ndrar en persons kroppsform, storlek eller hud, \u00e4ven med ett filter, m\u00e5ste du l\u00e4gga till en standardiserad officiell tagg. Detta g\u00e4ller b\u00e5de f\u00f6retag och betalda influencers.<\/li><\/ul>\t\t\t\t\t\t\t\t<\/div>\n\t\t\t\t<\/div>\n\t\t\t\t<div class=\"elementor-element elementor-element-685dad6 elementor-widget elementor-widget-text-editor\" data-id=\"685dad6\" data-element_type=\"widget\" data-e-type=\"widget\" data-widget_type=\"text-editor.default\">\n\t\t\t\t\t\t\t\t\t<p>Vi skapar ditt inneh\u00e5ll s\u00e5 att det passar norska preferenser. Vi fokuserar p\u00e5 att kommunicera tydligt och undvika aggressiva s\u00e4ljargument, eftersom lokala kunder inte reagerar bra p\u00e5 dem.<\/p>\t\t\t\t\t\t\t\t<\/div>\n\t\t\t\t<\/div>\n\t\t\t\t\t<\/div>\n\t\t\t\t<\/div>\n\t\t<div class=\"elementor-element elementor-element-3a05c54 e-flex e-con-boxed e-con e-parent\" data-id=\"3a05c54\" data-element_type=\"container\" data-e-type=\"container\" data-settings=\"{&quot;background_background&quot;:&quot;classic&quot;}\">\n\t\t\t\t\t<div class=\"e-con-inner\">\n\t\t<div class=\"elementor-element elementor-element-3970bcb e-con-full e-flex e-con e-child\" data-id=\"3970bcb\" data-element_type=\"container\" data-e-type=\"container\">\n\t\t\t\t<div class=\"elementor-element elementor-element-c255e58 elementor-widget elementor-widget-heading\" data-id=\"c255e58\" data-element_type=\"widget\" data-e-type=\"widget\" data-widget_type=\"heading.default\">\n\t\t\t\t\t<h2 class=\"elementor-heading-title elementor-size-default\">\u00c4r du redo att b\u00f6rja din framg\u00e5ngssaga i sociala medier?\n<\/h2>\t\t\t\t<\/div>\n\t\t\t\t<div class=\"elementor-element elementor-element-12bebdd elementor-widget elementor-widget-text-editor\" data-id=\"12bebdd\" data-element_type=\"widget\" data-e-type=\"widget\" data-widget_type=\"text-editor.default\">\n\t\t\t\t\t\t\t\t\t<p>Du har ett aff\u00e4rsm\u00e5l. Techspace har kunskap om den norska marknaden och expertis inom <strong>marknadsf\u00f6ring i sociala medier<\/strong> <strong>media<\/strong> som kan hj\u00e4lpa dig att uppn\u00e5 det. Sluta sl\u00f6sa tid p\u00e5 plattformar som inte fungerar och b\u00f6rja se verkliga resultat av dina digitala initiativ.<br \/>Kontakta oss idag f\u00f6r en kostnadsfri konsultation. Vi \u00e4r redo att vara den expertis inom sociala medier som ditt f\u00f6retag beh\u00f6ver i Norge.<\/p>\t\t\t\t\t\t\t\t<\/div>\n\t\t\t\t<div class=\"elementor-element elementor-element-50c6eb0 elementor-widget elementor-widget-button\" data-id=\"50c6eb0\" data-element_type=\"widget\" data-e-type=\"widget\" data-widget_type=\"button.default\">\n\t\t\t\t\t\t\t\t\t\t<a class=\"elementor-button elementor-button-link elementor-size-sm\" href=\"\/sv\/fa-et-tilbud\/#gratis_tilbud\">\n\t\t\t\t\t\t<span class=\"elementor-button-content-wrapper\">\n\t\t\t\t\t\t\t\t\t<span class=\"elementor-button-text\">F\u00e5 en kostnadsfri konsultation<\/span>\n\t\t\t\t\t<\/span>\n\t\t\t\t\t<\/a>\n\t\t\t\t\t\t\t\t<\/div>\n\t\t\t\t<\/div>\n\t\t\t\t\t<\/div>\n\t\t\t\t<\/div>\n\t\t<div class=\"elementor-element elementor-element-cba69c0 e-flex e-con-boxed e-con e-parent\" data-id=\"cba69c0\" data-element_type=\"container\" data-e-type=\"container\">\n\t\t\t\t\t<div class=\"e-con-inner\">\n\t\t\t\t<div class=\"elementor-element elementor-element-1ec7a70 elementor-widget elementor-widget-heading\" data-id=\"1ec7a70\" data-element_type=\"widget\" data-e-type=\"widget\" data-widget_type=\"heading.default\">\n\t\t\t\t\t<h2 class=\"elementor-heading-title elementor-size-default\">V\u00e5ra viktigaste tj\u00e4nster inom marknadsf\u00f6ring i sociala medier\n<\/h2>\t\t\t\t<\/div>\n\t\t\t\t<div class=\"elementor-element elementor-element-2a8ffbf elementor-widget__width-initial elementor-widget-mobile__width-inherit elementor-widget elementor-widget-text-editor\" data-id=\"2a8ffbf\" data-element_type=\"widget\" data-e-type=\"widget\" data-widget_type=\"text-editor.default\">\n\t\t\t\t\t\t\t\t\t<p>Som din dedikerade social media manager hanterar Tech Space alla aspekter av din kampanj. Vi anv\u00e4nder ett datadrivet tillv\u00e4gag\u00e5ngss\u00e4tt och f\u00f6ljer kontinuerligt upp resultatet f\u00f6r att ge dig b\u00e4sta m\u00f6jliga avkastning p\u00e5 investeringen (ROI).<\/p>\t\t\t\t\t\t\t\t<\/div>\n\t\t<div class=\"elementor-element elementor-element-0151d06 e-con-full e-flex e-con e-child\" data-id=\"0151d06\" data-element_type=\"container\" data-e-type=\"container\">\n\t\t<div class=\"elementor-element elementor-element-3bdba62 e-con-full e-flex e-con e-child\" data-id=\"3bdba62\" data-element_type=\"container\" data-e-type=\"container\" data-settings=\"{&quot;background_background&quot;:&quot;classic&quot;}\">\n\t\t\t\t<div class=\"elementor-element elementor-element-9775d15 elementor-widget elementor-widget-icon-box\" data-id=\"9775d15\" data-element_type=\"widget\" data-e-type=\"widget\" data-widget_type=\"icon-box.default\">\n\t\t\t\t\t\t\t<div class=\"elementor-icon-box-wrapper\">\n\n\t\t\t\n\t\t\t\t\t\t<div class=\"elementor-icon-box-content\">\n\n\t\t\t\t\t\t\t\t\t<h3 class=\"elementor-icon-box-title\">\n\t\t\t\t\t\t<span  >\n\t\t\t\t\t\t\tStrategi och planering f\u00f6r sociala medier\t\t\t\t\t\t<\/span>\n\t\t\t\t\t<\/h3>\n\t\t\t\t\n\t\t\t\t\t\t\t\t\t<p class=\"elementor-icon-box-description\">\n\t\t\t\t\t\tV\u00e5ra experter s\u00e4tter sig in i din verksamhet, dina m\u00e5l och din m\u00e5lgrupp. D\u00e4refter g\u00f6r vi en detaljerad genomg\u00e5ng av din \u00f6vergripande n\u00e4rvaro p\u00e5 n\u00e4tet och dina konkurrenters n\u00e4rvaro i Norge. Vi skapar sedan en skr\u00e4ddarsydd strategi f\u00f6r att bygga en solid grund med de plattformar och inneh\u00e5llspelare som b\u00e4st passar ditt varum\u00e4rke.\t\t\t\t\t<\/p>\n\t\t\t\t\n\t\t\t<\/div>\n\t\t\t\n\t\t<\/div>\n\t\t\t\t\t\t<\/div>\n\t\t\t\t<\/div>\n\t\t<div class=\"elementor-element elementor-element-d0d6a4b e-con-full e-flex e-con e-child\" data-id=\"d0d6a4b\" data-element_type=\"container\" data-e-type=\"container\" data-settings=\"{&quot;background_background&quot;:&quot;classic&quot;}\">\n\t\t\t\t<div class=\"elementor-element elementor-element-5eb5006 elementor-widget elementor-widget-icon-box\" data-id=\"5eb5006\" data-element_type=\"widget\" data-e-type=\"widget\" data-widget_type=\"icon-box.default\">\n\t\t\t\t\t\t\t<div class=\"elementor-icon-box-wrapper\">\n\n\t\t\t\n\t\t\t\t\t\t<div class=\"elementor-icon-box-content\">\n\n\t\t\t\t\t\t\t\t\t<h3 class=\"elementor-icon-box-title\">\n\t\t\t\t\t\t<span  >\n\t\t\t\t\t\t\tF\u00f6rvaltning och engagemang i samh\u00e4llet\t\t\t\t\t\t<\/span>\n\t\t\t\t\t<\/h3>\n\t\t\t\t\n\t\t\t\t\t\t\t\t\t<p class=\"elementor-icon-box-description\">\n\t\t\t\t\t\tSociala medier \u00e4r en tv\u00e5v\u00e4gskommunikationskanal. Vi hanterar dina kunders kommentarer, meddelanden och recensioner med den lyh\u00f6rdhet och omsorg som f\u00f6rv\u00e4ntas i Norge. Detta proaktiva, kundfokuserade engagemang \u00e4r den typ av aktivitet som bygger upp en lojal gemenskap kring ditt varum\u00e4rke.\n\t\t\t\t\t<\/p>\n\t\t\t\t\n\t\t\t<\/div>\n\t\t\t\n\t\t<\/div>\n\t\t\t\t\t\t<\/div>\n\t\t\t\t<\/div>\n\t\t<div class=\"elementor-element elementor-element-f9d5f8e e-con-full e-flex e-con e-child\" data-id=\"f9d5f8e\" data-element_type=\"container\" data-e-type=\"container\" data-settings=\"{&quot;background_background&quot;:&quot;classic&quot;}\">\n\t\t\t\t<div class=\"elementor-element elementor-element-afb5593 elementor-widget elementor-widget-icon-box\" data-id=\"afb5593\" data-element_type=\"widget\" data-e-type=\"widget\" data-widget_type=\"icon-box.default\">\n\t\t\t\t\t\t\t<div class=\"elementor-icon-box-wrapper\">\n\n\t\t\t\n\t\t\t\t\t\t<div class=\"elementor-icon-box-content\">\n\n\t\t\t\t\t\t\t\t\t<h3 class=\"elementor-icon-box-title\">\n\t\t\t\t\t\t<span  >\n\t\t\t\t\t\t\tRiktad annonsering p\u00e5 sociala medier (betalda annonser)\t\t\t\t\t\t<\/span>\n\t\t\t\t\t<\/h3>\n\t\t\t\t\n\t\t\t\t\t\t\t\t\t<p class=\"elementor-icon-box-description\">\n\t\t\t\t\t\tDen organiska r\u00e4ckvidden \u00e4r begr\u00e4nsad. Betald annonsering ger de snabbaste resultaten. V\u00e5rt expertteam kommer att hantera din annonseringsbudget. Vi garanterar relevant r\u00e4ckvidd till h\u00f6gre m\u00e5lgruppssegment i Norge. Vi fokuserar p\u00e5:\t\t\t\t\t<\/p>\n\t\t\t\t\n\t\t\t<\/div>\n\t\t\t\n\t\t<\/div>\n\t\t\t\t\t\t<\/div>\n\t\t\t\t<div class=\"elementor-element elementor-element-6890767 elementor-widget elementor-widget-text-editor\" data-id=\"6890767\" data-element_type=\"widget\" data-e-type=\"widget\" data-widget_type=\"text-editor.default\">\n\t\t\t\t\t\t\t\t\t<ul><li><strong>Kampanjer f\u00f6r att generera leads: <\/strong>Vi hittar och kopplar ihop dig med v\u00e4rdefulla kunder som \u00e4r redo att k\u00f6pa.<\/li><li><strong>E-handel:<\/strong> Vi hj\u00e4lper dig att skapa starka produktlistor och driva kampanjer med fokus p\u00e5 att \u00f6ka f\u00f6rs\u00e4ljningen.<\/li><li><strong>Ny m\u00e5lgruppsinriktning:<\/strong> Vi tar tillbaka kunder som har bes\u00f6kt din webbplats men inte k\u00f6pt n\u00e5got.<\/li><\/ul><p>\u00a0<\/p><p>Vi hanterar allt fr\u00e5n den f\u00f6rsta konfigurationen och m\u00e5lgruppsdefinitionen till daglig annons\u00f6vervakning och budgetjustering. Detta \u00e4r komplex internetmarknadsf\u00f6ring i sociala medier som g\u00f6rs enkel f\u00f6r dig.<\/p>\t\t\t\t\t\t\t\t<\/div>\n\t\t\t\t<\/div>\n\t\t<div class=\"elementor-element elementor-element-8151c38 e-con-full e-flex e-con e-child\" data-id=\"8151c38\" data-element_type=\"container\" data-e-type=\"container\" data-settings=\"{&quot;background_background&quot;:&quot;classic&quot;}\">\n\t\t\t\t<div class=\"elementor-element elementor-element-350da9a elementor-widget elementor-widget-icon-box\" data-id=\"350da9a\" data-element_type=\"widget\" data-e-type=\"widget\" data-widget_type=\"icon-box.default\">\n\t\t\t\t\t\t\t<div class=\"elementor-icon-box-wrapper\">\n\n\t\t\t\n\t\t\t\t\t\t<div class=\"elementor-icon-box-content\">\n\n\t\t\t\t\t\t\t\t\t<h3 class=\"elementor-icon-box-title\">\n\t\t\t\t\t\t<span  >\n\t\t\t\t\t\t\tProduktion och hantering av inneh\u00e5ll\t\t\t\t\t\t<\/span>\n\t\t\t\t\t<\/h3>\n\t\t\t\t\n\t\t\t\t\t\t\t\t\t<p class=\"elementor-icon-box-description\">\n\t\t\t\t\t\tV\u00e5rt team kommer att skapa originalinneh\u00e5ll av h\u00f6g kvalitet. Skarpa slogans och HD-bilder kommer att tilltala norska konsumenter direkt. Vi kommer att g\u00f6ra f\u00f6ljande:\t\t\t\t\t<\/p>\n\t\t\t\t\n\t\t\t<\/div>\n\t\t\t\n\t\t<\/div>\n\t\t\t\t\t\t<\/div>\n\t\t\t\t<div class=\"elementor-element elementor-element-3efaee0 elementor-widget elementor-widget-text-editor\" data-id=\"3efaee0\" data-element_type=\"widget\" data-e-type=\"widget\" data-widget_type=\"text-editor.default\">\n\t\t\t\t\t\t\t\t\t<ul><li><strong>Daglig publicering och planering:<\/strong> Vi publicerar dagligen f\u00f6r att h\u00e5lla dina fl\u00f6den aktiva och intressanta. V\u00e5ra experter kommer att skapa relevanta inl\u00e4gg p\u00e5 Facebook, Instagram, LinkedIn etc.<\/li><li><strong>Visuell design:<\/strong> V\u00e5r designer kommer att skapa fantastisk grafik och videoinneh\u00e5ll exklusivt f\u00f6r varje plattform.<\/li><li><strong>Lokaliserad copywriting:<\/strong> Vi skriver texter som har r\u00e4tt tonfall och spr\u00e5k och som skapar en djup kontakt med den lokala publiken.<\/li><\/ul>\t\t\t\t\t\t\t\t<\/div>\n\t\t\t\t<\/div>\n\t\t\t\t<\/div>\n\t\t\t\t\t<\/div>\n\t\t\t\t<\/div>\n\t\t<div class=\"elementor-element elementor-element-f1aa052 e-flex e-con-boxed e-con e-parent\" data-id=\"f1aa052\" data-element_type=\"container\" data-e-type=\"container\">\n\t\t\t\t\t<div class=\"e-con-inner\">\n\t\t<div class=\"elementor-element elementor-element-11f8bd6 e-con-full e-flex e-con e-child\" data-id=\"11f8bd6\" data-element_type=\"container\" data-e-type=\"container\" data-settings=\"{&quot;background_background&quot;:&quot;classic&quot;}\">\n\t\t\t\t<\/div>\n\t\t<div class=\"elementor-element elementor-element-dc61c9c e-con-full e-flex e-con e-child\" data-id=\"dc61c9c\" data-element_type=\"container\" data-e-type=\"container\">\n\t\t\t\t<div class=\"elementor-element elementor-element-38485f9 elementor-widget elementor-widget-heading\" data-id=\"38485f9\" data-element_type=\"widget\" data-e-type=\"widget\" data-widget_type=\"heading.default\">\n\t\t\t\t\t<h2 class=\"elementor-heading-title elementor-size-default\">Transparent priss\u00e4ttning och tydliga resultat\n<\/h2>\t\t\t\t<\/div>\n\t\t\t\t<div class=\"elementor-element elementor-element-0af6f9d elementor-widget elementor-widget-text-editor\" data-id=\"0af6f9d\" data-element_type=\"widget\" data-e-type=\"widget\" data-widget_type=\"text-editor.default\">\n\t\t\t\t\t\t\t\t\t<p>Att anst\u00e4lla en heltidsanst\u00e4lld social media manager kan vara kostsamt i ett land med h\u00f6ga levnadskostnader som Norge. Genom att outsourca din hantering av sociala medier till Tech Space f\u00e5r du tillg\u00e5ng till ett helt team av onlineexperter till ett \u00f6verkomligt pris. <br \/>V\u00e5ra priser varierar beroende p\u00e5 vad du beh\u00f6ver. Kostnaden f\u00f6r v\u00e5rt kompletta paket f\u00f6r sociala medier ligger vanligtvis p\u00e5 mellan 2 000 och 3 000 US-dollar per m\u00e5nad. I det h\u00e4r paketet ing\u00e5r alla standardtj\u00e4nster: vi hanterar dagliga inl\u00e4gg, kommunicerar med dina f\u00f6ljare online och skickar en detaljerad rapport till dig varje m\u00e5nad.<br \/>Vi tar ut ett fast pris, s\u00e5 att du alltid vet exakt vad du betalar och vad vi g\u00f6r f\u00f6r dina pengar.<\/p><ul><li><p><strong>Grundl\u00e4ggande:<\/strong> Enkel kontohantering med 3-5 inl\u00e4gg per vecka.<\/p><\/li><li><p><strong>Standard:<\/strong> Dagliga inl\u00e4gg, kommunikation med f\u00f6ljare, rapportering och hj\u00e4lp med att hantera din annonsbudget.<\/p><\/li><li><p><strong>Premium:<\/strong> Fullst\u00e4ndig kontohantering, hantering av betald annonsering, avancerad inneh\u00e5llsskapande och en komplett strategi.<\/p><\/li><\/ul>\t\t\t\t\t\t\t\t<\/div>\n\t\t\t\t<\/div>\n\t\t\t\t\t<\/div>\n\t\t\t\t<\/div>\n\t\t\t\t<\/div>","protected":false},"excerpt":{"rendered":"<p>Sosiale medier-markedsf\u00f8ring i Norge Utvid merkevaren din med m\u00e5lrettet markedsf\u00f8ring i sosiale medier som gir reelle resultater.Hos Techspace lager vi skreddersydde strategier for sosiale medier for norske bedrifter \u2013 vi hjelper deg med \u00e5 n\u00e5 riktig m\u00e5lgruppe, \u00f8ke engasjementet og oppn\u00e5 m\u00e5lbar vekst. F\u00e5 et gratis tilbud Hvorfor trenger din norske virksomhet en strategi for [&hellip;]<\/p>\n","protected":false},"author":1,"featured_media":0,"parent":3643,"menu_order":0,"comment_status":"closed","ping_status":"closed","template":"","meta":{"footnotes":"","_wp_rev_ctl_limit":""},"class_list":["post-8598","page","type-page","status-publish","hentry"],"_links":{"self":[{"href":"https:\/\/techspace.no\/sv\/wp-json\/wp\/v2\/pages\/8598","targetHints":{"allow":["GET"]}}],"collection":[{"href":"https:\/\/techspace.no\/sv\/wp-json\/wp\/v2\/pages"}],"about":[{"href":"https:\/\/techspace.no\/sv\/wp-json\/wp\/v2\/types\/page"}],"author":[{"embeddable":true,"href":"https:\/\/techspace.no\/sv\/wp-json\/wp\/v2\/users\/1"}],"replies":[{"embeddable":true,"href":"https:\/\/techspace.no\/sv\/wp-json\/wp\/v2\/comments?post=8598"}],"version-history":[{"count":0,"href":"https:\/\/techspace.no\/sv\/wp-json\/wp\/v2\/pages\/8598\/revisions"}],"up":[{"embeddable":true,"href":"https:\/\/techspace.no\/sv\/wp-json\/wp\/v2\/pages\/3643"}],"wp:attachment":[{"href":"https:\/\/techspace.no\/sv\/wp-json\/wp\/v2\/media?parent=8598"}],"curies":[{"name":"wp","href":"https:\/\/api.w.org\/{rel}","templated":true}]}}