{"id":8149,"date":"2025-10-17T06:45:54","date_gmt":"2025-10-17T06:45:54","guid":{"rendered":"https:\/\/stg.techspace.no\/?page_id=8149"},"modified":"2026-01-09T13:49:14","modified_gmt":"2026-01-09T13:49:14","slug":"meta-annonser","status":"publish","type":"page","link":"https:\/\/techspace.no\/sv\/digital-markedsforing-tjenester\/meta-annonser\/","title":{"rendered":"Metaannonser"},"content":{"rendered":"<div data-elementor-type=\"wp-page\" data-elementor-id=\"8149\" class=\"elementor elementor-8149\" data-elementor-post-type=\"page\">\n\t\t\t\t<div class=\"elementor-element elementor-element-57d434b e-flex e-con-boxed e-con e-parent\" data-id=\"57d434b\" data-element_type=\"container\" data-e-type=\"container\" data-settings=\"{&quot;background_background&quot;:&quot;classic&quot;}\">\n\t\t\t\t\t<div class=\"e-con-inner\">\n\t\t\t\t<div class=\"elementor-element elementor-element-b0abcd5 elementor-widget__width-initial elementor-widget elementor-widget-heading\" data-id=\"b0abcd5\" data-element_type=\"widget\" data-e-type=\"widget\" data-widget_type=\"heading.default\">\n\t\t\t\t\t<h1 class=\"elementor-heading-title elementor-size-default\">Meta Ads-tj\u00e4nster i Norge\n<\/h1>\t\t\t\t<\/div>\n\t\t\t\t<div class=\"elementor-element elementor-element-db46c47 elementor-widget__width-initial elementor-widget elementor-widget-text-editor\" data-id=\"db46c47\" data-element_type=\"widget\" data-e-type=\"widget\" data-widget_type=\"text-editor.default\">\n\t\t\t\t\t\t\t\t\t<p>\u00d6ka int\u00e4kterna med metareklam som fungerar.<br \/>Techspace \u00e4r en ledande Meta Ads-byr\u00e5 i Norge som hj\u00e4lper varum\u00e4rken att v\u00e4xa genom effektiva Facebook- och Instagram-kampanjer som ger verklig f\u00f6rs\u00e4ljning, leads och lojala kunder.<\/p>\t\t\t\t\t\t\t\t<\/div>\n\t\t\t\t<div class=\"elementor-element elementor-element-9a7f5fe elementor-widget elementor-widget-button\" data-id=\"9a7f5fe\" data-element_type=\"widget\" data-e-type=\"widget\" data-widget_type=\"button.default\">\n\t\t\t\t\t\t\t\t\t\t<a class=\"elementor-button elementor-button-link elementor-size-sm\" href=\"\/sv\/kontakta-oss\/#Contact-now\">\n\t\t\t\t\t\t<span class=\"elementor-button-content-wrapper\">\n\t\t\t\t\t\t\t\t\t<span class=\"elementor-button-text\">F\u00e5 en kostnadsfri offert<\/span>\n\t\t\t\t\t<\/span>\n\t\t\t\t\t<\/a>\n\t\t\t\t\t\t\t\t<\/div>\n\t\t\t\t\t<\/div>\n\t\t\t\t<\/div>\n\t\t<div class=\"elementor-element elementor-element-7ba172d e-flex e-con-boxed e-con e-parent\" data-id=\"7ba172d\" data-element_type=\"container\" data-e-type=\"container\">\n\t\t\t\t\t<div class=\"e-con-inner\">\n\t\t<div class=\"elementor-element elementor-element-186c6dd e-con-full e-flex e-con e-child\" data-id=\"186c6dd\" data-element_type=\"container\" data-e-type=\"container\" data-settings=\"{&quot;background_background&quot;:&quot;classic&quot;}\">\n\t\t\t\t<\/div>\n\t\t<div class=\"elementor-element elementor-element-2c0f189 e-con-full e-flex e-con e-child\" data-id=\"2c0f189\" data-element_type=\"container\" data-e-type=\"container\">\n\t\t\t\t<div class=\"elementor-element elementor-element-c01e35e elementor-widget elementor-widget-heading\" data-id=\"c01e35e\" data-element_type=\"widget\" data-e-type=\"widget\" data-widget_type=\"heading.default\">\n\t\t\t\t\t<h2 class=\"elementor-heading-title elementor-size-default\">Varf\u00f6r meta-annonser bryter ny mark\n<\/h2>\t\t\t\t<\/div>\n\t\t\t\t<div class=\"elementor-element elementor-element-995aa2e elementor-widget elementor-widget-text-editor\" data-id=\"995aa2e\" data-element_type=\"widget\" data-e-type=\"widget\" data-widget_type=\"text-editor.default\">\n\t\t\t\t\t\t\t\t\t<p>Ett av de mest effektiva annonseringsverktygen idag \u00e4r Meta Ads (Facebook och Instagram). De till\u00e5ter dig att:<\/p><ul><li><p>Annonsera till miljarder anv\u00e4ndare \u00f6ver hela v\u00e4rlden och n\u00e5 exakt den publik du vill ha i Norge.<\/p><p>Rikta dig till r\u00e4tt personer vid r\u00e4tt tidpunkt med \u00f6verl\u00e4gsen m\u00e5linriktning.<\/p><\/li><li><p>Presentera produkter och tj\u00e4nster i mycket interaktiva annonsformat.<\/p><p>\u00d6vervaka prestandan i realtid f\u00f6r att f\u00f6rb\u00e4ttra ROI.<\/p><\/li><li><p>Growth Scale-kampanjer kan enkelt ut\u00f6kas i takt med att ditt f\u00f6retag v\u00e4xer.<\/p><\/li><li><p>Kort sagt, Meta Ads ger dig m\u00f6jlighet att styra din egen utveckling, \u00f6ka din r\u00e4ckvidd och maximera konverteringar till ett pris som passar din pl\u00e5nbok.<\/p><\/li><\/ul>\t\t\t\t\t\t\t\t<\/div>\n\t\t\t\t<\/div>\n\t\t\t\t\t<\/div>\n\t\t\t\t<\/div>\n\t\t<div class=\"elementor-element elementor-element-47cb602 e-flex e-con-boxed e-con e-parent\" data-id=\"47cb602\" data-element_type=\"container\" data-e-type=\"container\">\n\t\t\t\t\t<div class=\"e-con-inner\">\n\t\t\t\t<div class=\"elementor-element elementor-element-9a3e33f elementor-widget elementor-widget-heading\" data-id=\"9a3e33f\" data-element_type=\"widget\" data-e-type=\"widget\" data-widget_type=\"heading.default\">\n\t\t\t\t\t<h2 class=\"elementor-heading-title elementor-size-default\">V\u00e5ra tj\u00e4nster f\u00f6r metaannonser<\/h2>\t\t\t\t<\/div>\n\t\t\t\t<div class=\"elementor-element elementor-element-8b8f30a elementor-widget__width-initial elementor-widget-mobile__width-inherit elementor-widget elementor-widget-text-editor\" data-id=\"8b8f30a\" data-element_type=\"widget\" data-e-type=\"widget\" data-widget_type=\"text-editor.default\">\n\t\t\t\t\t\t\t\t\t<p>Vi erbjuder kompletta Meta Ads-paket som ger f\u00f6retag mer \u00e4n bara ett enda klick. V\u00e5ra kampanjer \u00e4r utvecklade f\u00f6r att f\u00f6rvandla bes\u00f6kare till k\u00f6pare och garanterar l\u00e5ngsiktiga resultat.<\/p>\t\t\t\t\t\t\t\t<\/div>\n\t\t<div class=\"elementor-element elementor-element-9d81611 e-con-full e-flex e-con e-child\" data-id=\"9d81611\" data-element_type=\"container\" data-e-type=\"container\">\n\t\t<div class=\"elementor-element elementor-element-5902749 e-con-full e-flex e-con e-child\" data-id=\"5902749\" data-element_type=\"container\" data-e-type=\"container\" data-settings=\"{&quot;background_background&quot;:&quot;classic&quot;}\">\n\t\t\t\t<div class=\"elementor-element elementor-element-0b13c99 elementor-widget elementor-widget-icon-box\" data-id=\"0b13c99\" data-element_type=\"widget\" data-e-type=\"widget\" data-widget_type=\"icon-box.default\">\n\t\t\t\t\t\t\t<div class=\"elementor-icon-box-wrapper\">\n\n\t\t\t\n\t\t\t\t\t\t<div class=\"elementor-icon-box-content\">\n\n\t\t\t\t\t\t\t\t\t<h3 class=\"elementor-icon-box-title\">\n\t\t\t\t\t\t<span  >\n\t\t\t\t\t\t\t Hantering av Facebook-annonser\t\t\t\t\t\t<\/span>\n\t\t\t\t\t<\/h3>\n\t\t\t\t\n\t\t\t\t\t\t\t\t\t<p class=\"elementor-icon-box-description\">\n\t\t\t\t\t\tFacebook \u00e4r fortfarande v\u00e4rldens st\u00f6rsta sociala n\u00e4tverk och d\u00e4rmed den mest l\u00e4mpliga milj\u00f6n f\u00f6r att n\u00e5 potentiella kunder. V\u00e5ra tj\u00e4nster f\u00f6r hantering av Facebook-annonser syftar till att eliminera brus och leverera resultat.<br>\n\n<br>\n\nVi utvecklar exakta kampanjer som genererar leads, f\u00f6rs\u00e4ljning och medvetenhet genom att anv\u00e4nda traditionella metoder som t.ex:<br><br>\n<ul>\n<li>Laserfokuserad inriktning p\u00e5 m\u00e5lgruppen.\n\n<li>Imponerande annonstexter och formgivare.\n\n<li>A\/B-testning f\u00f6r att hitta de mest effektiva annonserna.\n\n<li>Kontinuerlig optimering f\u00f6r att uppn\u00e5 l\u00e4gre kostnader och h\u00f6gre konverteringsgrad.\n\n<li>I v\u00e5rt fall kommer alla Facebook-annonser att ha ett enda syfte: att \u00f6ka dina int\u00e4kter.<\/li>\n\t\t\t\t\t<\/p>\n\t\t\t\t\n\t\t\t<\/div>\n\t\t\t\n\t\t<\/div>\n\t\t\t\t\t\t<\/div>\n\t\t\t\t<\/div>\n\t\t<div class=\"elementor-element elementor-element-8ab33fb e-con-full e-flex e-con e-child\" data-id=\"8ab33fb\" data-element_type=\"container\" data-e-type=\"container\" data-settings=\"{&quot;background_background&quot;:&quot;classic&quot;}\">\n\t\t\t\t<div class=\"elementor-element elementor-element-7ce473f elementor-widget elementor-widget-icon-box\" data-id=\"7ce473f\" data-element_type=\"widget\" data-e-type=\"widget\" data-widget_type=\"icon-box.default\">\n\t\t\t\t\t\t\t<div class=\"elementor-icon-box-wrapper\">\n\n\t\t\t\n\t\t\t\t\t\t<div class=\"elementor-icon-box-content\">\n\n\t\t\t\t\t\t\t\t\t<h3 class=\"elementor-icon-box-title\">\n\t\t\t\t\t\t<span  >\n\t\t\t\t\t\t\t Hantering av Instagram-annonser\t\t\t\t\t\t<\/span>\n\t\t\t\t\t<\/h3>\n\t\t\t\t\n\t\t\t\t\t\t\t\t\t<p class=\"elementor-icon-box-description\">\n\t\t\t\t\t\tInstagram \u00e4r platsen f\u00f6r foton och ber\u00e4ttelser. Ditt varum\u00e4rke kan lysa med Instagram-annonstj\u00e4nster som f\u00e5ngar potentiella kunders uppm\u00e4rksamhet och fungerar som en katalysator f\u00f6r k\u00f6p. <br><br>\nVi \u00e4r specialiserade p\u00e5:\n<br><br>\n<ul>\n<li>Story-annonser f\u00f6r att skapa omedelbart engagemang.\n\n<li>Karusellannonser f\u00f6r att presentera en m\u00e4ngd olika varor.\n\n<li>Annonser som \u00e4r s\u00e5 synliga och virala som m\u00f6jligt.\n\n<li>Direktf\u00f6rs\u00e4ljningsreklam mitt i Instagram.\n\n<li>Vi har utformat v\u00e5ra annonser f\u00f6r att stoppa scrollandet, n\u00e5 anv\u00e4ndaren p\u00e5 en k\u00e4nslom\u00e4ssig niv\u00e5 och motivera dem att vidta \u00e5tg\u00e4rder, oavsett om det handlar om att g\u00e5 till din webbplats, fylla i ett formul\u00e4r eller k\u00f6pa n\u00e5got.\t\t\t\t\t<\/p>\n\t\t\t\t\n\t\t\t<\/div>\n\t\t\t\n\t\t<\/div>\n\t\t\t\t\t\t<\/div>\n\t\t\t\t<\/div>\n\t\t<div class=\"elementor-element elementor-element-40e5f90 e-con-full e-flex e-con e-child\" data-id=\"40e5f90\" data-element_type=\"container\" data-e-type=\"container\" data-settings=\"{&quot;background_background&quot;:&quot;classic&quot;}\">\n\t\t\t\t<div class=\"elementor-element elementor-element-e79c4ac elementor-widget elementor-widget-icon-box\" data-id=\"e79c4ac\" data-element_type=\"widget\" data-e-type=\"widget\" data-widget_type=\"icon-box.default\">\n\t\t\t\t\t\t\t<div class=\"elementor-icon-box-wrapper\">\n\n\t\t\t\n\t\t\t\t\t\t<div class=\"elementor-icon-box-content\">\n\n\t\t\t\t\t\t\t\t\t<h3 class=\"elementor-icon-box-title\">\n\t\t\t\t\t\t<span  >\n\t\t\t\t\t\t\t Kampanjstrategi och planering\t\t\t\t\t\t<\/span>\n\t\t\t\t\t<\/h3>\n\t\t\t\t\n\t\t\t\t\t\t\t\t\t<p class=\"elementor-icon-box-description\">\n\t\t\t\t\t\tFramg\u00e5ngen f\u00f6r Meta Ads b\u00f6rjar l\u00e5ngt innan den f\u00f6rsta annonsen lanseras. Vi f\u00f6rdjupar oss i din bransch, dina konkurrenter och din m\u00e5lgrupp f\u00f6r att utforma en unik strategi som st\u00f6der dina m\u00e5l.<br><br>\n\nOavsett om det handlar om att avgr\u00e4nsa tydliga kampanjm\u00e5l eller f\u00f6rs\u00e4ljningskanaler ser vi till att varje krona du spenderar ger dig mest valuta f\u00f6r pengarna.\t\t\t\t\t<\/p>\n\t\t\t\t\n\t\t\t<\/div>\n\t\t\t\n\t\t<\/div>\n\t\t\t\t\t\t<\/div>\n\t\t\t\t<\/div>\n\t\t<div class=\"elementor-element elementor-element-c96086b e-con-full e-flex e-con e-child\" data-id=\"c96086b\" data-element_type=\"container\" data-e-type=\"container\" data-settings=\"{&quot;background_background&quot;:&quot;classic&quot;}\">\n\t\t\t\t<div class=\"elementor-element elementor-element-0fee076 elementor-widget elementor-widget-icon-box\" data-id=\"0fee076\" data-element_type=\"widget\" data-e-type=\"widget\" data-widget_type=\"icon-box.default\">\n\t\t\t\t\t\t\t<div class=\"elementor-icon-box-wrapper\">\n\n\t\t\t\n\t\t\t\t\t\t<div class=\"elementor-icon-box-content\">\n\n\t\t\t\t\t\t\t\t\t<h3 class=\"elementor-icon-box-title\">\n\t\t\t\t\t\t<span  >\n\t\t\t\t\t\t\tOptimering och skalning\t\t\t\t\t\t<\/span>\n\t\t\t\t\t<\/h3>\n\t\t\t\t\n\t\t\t\t\t\t\t\t\t<p class=\"elementor-icon-box-description\">\n\t\t\t\t\t\tDet magiska med Meta Ads \u00e4r sj\u00e4lva optimeringen. Vi \u00f6vervakar prestanda varje dag, experimenterar med olika kreativa l\u00f6sningar och meddelanden och investerar i det som fungerar. Detta g\u00f6r att vi kan minska kostnaden per lead eller f\u00f6rs\u00e4ljning och skala upp dina kampanjer f\u00f6r att maximera vinsten.<br><br>\n\nVi k\u00f6r inte bara annonser \u00e5t dig, vi k\u00f6r en int\u00e4ktsmaskin.\n\t\t\t\t\t<\/p>\n\t\t\t\t\n\t\t\t<\/div>\n\t\t\t\n\t\t<\/div>\n\t\t\t\t\t\t<\/div>\n\t\t\t\t<\/div>\n\t\t\t\t<\/div>\n\t\t\t\t\t<\/div>\n\t\t\t\t<\/div>\n\t\t<div class=\"elementor-element elementor-element-4c1c12c e-flex e-con-boxed e-con e-parent\" data-id=\"4c1c12c\" data-element_type=\"container\" data-e-type=\"container\" data-settings=\"{&quot;background_background&quot;:&quot;classic&quot;}\">\n\t\t\t\t\t<div class=\"e-con-inner\">\n\t\t<div class=\"elementor-element elementor-element-0147834 e-con-full e-flex e-con e-child\" data-id=\"0147834\" data-element_type=\"container\" data-e-type=\"container\">\n\t\t\t\t<div class=\"elementor-element elementor-element-a2cf2bd elementor-widget elementor-widget-heading\" data-id=\"a2cf2bd\" data-element_type=\"widget\" data-e-type=\"widget\" data-widget_type=\"heading.default\">\n\t\t\t\t\t<h2 class=\"elementor-heading-title elementor-size-default\">Redo att skala med Meta Ads?\n<\/h2>\t\t\t\t<\/div>\n\t\t\t\t<div class=\"elementor-element elementor-element-67a4e78 elementor-widget elementor-widget-text-editor\" data-id=\"67a4e78\" data-element_type=\"widget\" data-e-type=\"widget\" data-widget_type=\"text-editor.default\">\n\t\t\t\t\t\t\t\t\t<p>Sl\u00f6sa inte pengar p\u00e5 annonser som ignoreras. B\u00f6rja investera i kampanjer som ger verklig tillv\u00e4xt, fler kunder och \u00f6kad vinst.<\/p><p>P\u00e5 Techspace g\u00f6r vi Facebook- och Instagram-annonser till ditt b\u00e4sta marknadsf\u00f6ringsverktyg. Vi tar hand om allt, fr\u00e5n strategi till genomf\u00f6rande, s\u00e5 att du kan koncentrera dig p\u00e5 att driva ditt f\u00f6retag.<\/p><p>Vi g\u00f6r dina annonser o\u00f6vervinneliga. Kom ig\u00e5ng redan idag.<\/p>\t\t\t\t\t\t\t\t<\/div>\n\t\t\t\t<div class=\"elementor-element elementor-element-af178ed elementor-widget elementor-widget-button\" data-id=\"af178ed\" data-element_type=\"widget\" data-e-type=\"widget\" data-widget_type=\"button.default\">\n\t\t\t\t\t\t\t\t\t\t<a class=\"elementor-button elementor-button-link elementor-size-sm\" href=\"\/sv\/fa-et-tilbud\/#gratis_tilbud\">\n\t\t\t\t\t\t<span class=\"elementor-button-content-wrapper\">\n\t\t\t\t\t\t\t\t\t<span class=\"elementor-button-text\">F\u00e5 en kostnadsfri konsultation<\/span>\n\t\t\t\t\t<\/span>\n\t\t\t\t\t<\/a>\n\t\t\t\t\t\t\t\t<\/div>\n\t\t\t\t<\/div>\n\t\t\t\t\t<\/div>\n\t\t\t\t<\/div>\n\t\t<div class=\"elementor-element elementor-element-ea598db e-flex e-con-boxed e-con e-parent\" data-id=\"ea598db\" data-element_type=\"container\" data-e-type=\"container\">\n\t\t\t\t\t<div class=\"e-con-inner\">\n\t\t<div class=\"elementor-element elementor-element-8fe578f e-con-full e-flex e-con e-child\" data-id=\"8fe578f\" data-element_type=\"container\" data-e-type=\"container\">\n\t\t\t\t<div class=\"elementor-element elementor-element-02721ec elementor-widget elementor-widget-heading\" data-id=\"02721ec\" data-element_type=\"widget\" data-e-type=\"widget\" data-widget_type=\"heading.default\">\n\t\t\t\t\t<h2 class=\"elementor-heading-title elementor-size-default\">Varf\u00f6r v\u00e4lja Techspace f\u00f6r metaannonser?\n<\/h2>\t\t\t\t<\/div>\n\t\t\t\t<div class=\"elementor-element elementor-element-610879d elementor-widget elementor-widget-text-editor\" data-id=\"610879d\" data-element_type=\"widget\" data-e-type=\"widget\" data-widget_type=\"text-editor.default\">\n\t\t\t\t\t\t\t\t\t<p>Allt handlar om att arbeta med r\u00e4tt byr\u00e5. P\u00e5 Tech Space skapar vi inte bara annonser, vi tar ansvar f\u00f6r din tillv\u00e4xt.<\/p><p>Det \u00e4r d\u00e4rf\u00f6r f\u00f6retag i Norge och runt om i v\u00e4rlden f\u00f6redrar oss:<\/p><ul><li>ROI-driven strategi - Vi \u00e4r resultatinriktade och m\u00e4ter inte \"likes\" eller \"impressions\".<\/li><li>Smart m\u00e5linriktning - Vi n\u00e5r ut till dem som \u00e4r mest ben\u00e4gna att k\u00f6pa dina produkter.<\/li><li>Konverterande bilder och s\u00e4ljtexter Dessa bilder och \u00f6vertygande texter f\u00e5r m\u00e4nniskor att stanna upp.<\/li><li>Datadrivna beslut - inga \u00e5tg\u00e4rder baseras p\u00e5 antaganden.<\/li><li>Skalbara strategier - Fr\u00e5n nystartade f\u00f6retag till stora organisationer skapar vi marknadsf\u00f6ringsstrategier som v\u00e4xer med dig.<\/li><li>Fullst\u00e4ndig transparens - du vet alltid vad som h\u00e4nder med din budget och vad du uppn\u00e5r.<\/li><li>Enligt v\u00e5r mening \u00e4r metaannonser inte bara marknadsf\u00f6ring, de \u00e4r ett mycket effektivt verktyg f\u00f6r att omvandla aff\u00e4rer.<\/li><\/ul>\t\t\t\t\t\t\t\t<\/div>\n\t\t\t\t<\/div>\n\t\t<div class=\"elementor-element elementor-element-f57d752 e-con-full e-flex e-con e-child\" data-id=\"f57d752\" data-element_type=\"container\" data-e-type=\"container\" data-settings=\"{&quot;background_background&quot;:&quot;classic&quot;}\">\n\t\t\t\t<\/div>\n\t\t\t\t\t<\/div>\n\t\t\t\t<\/div>\n\t\t<div class=\"elementor-element elementor-element-7b85919 e-flex e-con-boxed e-con e-parent\" data-id=\"7b85919\" data-element_type=\"container\" data-e-type=\"container\">\n\t\t\t\t\t<div class=\"e-con-inner\">\n\t\t<div class=\"elementor-element elementor-element-e13fe7d e-con-full e-flex e-con e-child\" data-id=\"e13fe7d\" data-element_type=\"container\" data-e-type=\"container\" data-settings=\"{&quot;background_background&quot;:&quot;classic&quot;}\">\n\t\t\t\t<\/div>\n\t\t<div class=\"elementor-element elementor-element-307a312 e-con-full e-flex e-con e-child\" data-id=\"307a312\" data-element_type=\"container\" data-e-type=\"container\">\n\t\t\t\t<div class=\"elementor-element elementor-element-18b42cd elementor-widget elementor-widget-heading\" data-id=\"18b42cd\" data-element_type=\"widget\" data-e-type=\"widget\" data-widget_type=\"heading.default\">\n\t\t\t\t\t<h2 class=\"elementor-heading-title elementor-size-default\">Vem vi hj\u00e4lper<\/h2>\t\t\t\t<\/div>\n\t\t\t\t<div class=\"elementor-element elementor-element-b3528b3 elementor-widget elementor-widget-text-editor\" data-id=\"b3528b3\" data-element_type=\"widget\" data-e-type=\"widget\" data-widget_type=\"text-editor.default\">\n\t\t\t\t\t\t\t\t\t<ul><li>Meta Ads i Norge betj\u00e4nar f\u00f6retag i alla branscher.<\/li><li>Varum\u00e4rken som skalar upp sin onlinef\u00f6rs\u00e4ljning.<\/li><li>B2B-f\u00f6retag som \u00e4r intresserade av kvalificerade leads.<\/li><li>Startups som vill ha snabb uppm\u00e4rksamhet.<\/li><li>Restauranger och caf\u00e9er.<\/li><li>Fastighetsm\u00e4klare som vill g\u00f6ra fler aff\u00e4rer p\u00e5 kortare tid.<\/li><li>F\u00f6retag som blir globala.<\/li><li>Oavsett vilken niv\u00e5 ditt f\u00f6retag befinner sig p\u00e5 kommer v\u00e5ra strategier att s\u00e4kerst\u00e4lla att du f\u00e5r resultat som betyder n\u00e5got.<br \/><br \/><\/li><\/ul>\t\t\t\t\t\t\t\t<\/div>\n\t\t\t\t<\/div>\n\t\t\t\t\t<\/div>\n\t\t\t\t<\/div>\n\t\t\t\t<\/div>","protected":false},"excerpt":{"rendered":"<p>Meta Ads-tjenester i Norge \u00d8k omsetningen med Meta-annonsering som virker.Techspace er et ledende Meta Ads-byr\u00e5 i Norge som hjelper merkevarer med \u00e5 vokse gjennom effektive Facebook- og Instagram-kampanjer som gir reelle salg, leads og lojale kunder. F\u00e5 et gratis tilbud Hvorfor meta-annonser er banebrytende Et av de mest effektive annonseringsverkt\u00f8yene i dag er Meta Ads [&hellip;]<\/p>\n","protected":false},"author":1,"featured_media":0,"parent":3643,"menu_order":0,"comment_status":"closed","ping_status":"closed","template":"","meta":{"footnotes":"","_wp_rev_ctl_limit":""},"class_list":["post-8149","page","type-page","status-publish","hentry"],"_links":{"self":[{"href":"https:\/\/techspace.no\/sv\/wp-json\/wp\/v2\/pages\/8149","targetHints":{"allow":["GET"]}}],"collection":[{"href":"https:\/\/techspace.no\/sv\/wp-json\/wp\/v2\/pages"}],"about":[{"href":"https:\/\/techspace.no\/sv\/wp-json\/wp\/v2\/types\/page"}],"author":[{"embeddable":true,"href":"https:\/\/techspace.no\/sv\/wp-json\/wp\/v2\/users\/1"}],"replies":[{"embeddable":true,"href":"https:\/\/techspace.no\/sv\/wp-json\/wp\/v2\/comments?post=8149"}],"version-history":[{"count":0,"href":"https:\/\/techspace.no\/sv\/wp-json\/wp\/v2\/pages\/8149\/revisions"}],"up":[{"embeddable":true,"href":"https:\/\/techspace.no\/sv\/wp-json\/wp\/v2\/pages\/3643"}],"wp:attachment":[{"href":"https:\/\/techspace.no\/sv\/wp-json\/wp\/v2\/media?parent=8149"}],"curies":[{"name":"wp","href":"https:\/\/api.w.org\/{rel}","templated":true}]}}