{"id":4028,"date":"2025-09-11T07:09:18","date_gmt":"2025-09-11T07:09:18","guid":{"rendered":"https:\/\/stg.techspace.no\/?page_id=4028"},"modified":"2026-02-24T21:24:43","modified_gmt":"2026-02-24T21:24:43","slug":"integritetspolicy","status":"publish","type":"page","link":"https:\/\/techspace.no\/sv\/om-oss\/personvernregler\/","title":{"rendered":"Integritetspolicy"},"content":{"rendered":"<div data-elementor-type=\"wp-page\" data-elementor-id=\"4028\" class=\"elementor elementor-4028\" data-elementor-post-type=\"page\">\n\t\t\t\t<div class=\"elementor-element elementor-element-7fb5a42 e-flex e-con-boxed e-con e-parent\" data-id=\"7fb5a42\" data-element_type=\"container\" data-e-type=\"container\" data-settings=\"{&quot;background_background&quot;:&quot;classic&quot;}\">\n\t\t\t\t\t<div class=\"e-con-inner\">\n\t\t\t\t<div class=\"elementor-element elementor-element-a7ee5ca elementor-widget__width-initial elementor-widget elementor-widget-heading\" data-id=\"a7ee5ca\" data-element_type=\"widget\" data-e-type=\"widget\" data-widget_type=\"heading.default\">\n\t\t\t\t\t<h1 class=\"elementor-heading-title elementor-size-default\">Integritetspolicy<\/h1>\t\t\t\t<\/div>\n\t\t\t\t\t<\/div>\n\t\t\t\t<\/div>\n\t\t<div class=\"elementor-element elementor-element-8d1823c e-flex e-con-boxed e-con e-parent\" data-id=\"8d1823c\" data-element_type=\"container\" data-e-type=\"container\">\n\t\t\t\t\t<div class=\"e-con-inner\">\n\t\t<div class=\"elementor-element elementor-element-aa2dad8 e-con-full e-flex e-con e-child\" data-id=\"aa2dad8\" data-element_type=\"container\" data-e-type=\"container\" data-settings=\"{&quot;background_background&quot;:&quot;classic&quot;}\">\n\t\t\t\t<div class=\"elementor-element elementor-element-c46229c elementor-icon-list--layout-inline elementor-list-item-link-full_width elementor-widget elementor-widget-icon-list\" data-id=\"c46229c\" data-element_type=\"widget\" data-e-type=\"widget\" data-widget_type=\"icon-list.default\">\n\t\t\t\t\t\t\t<ul class=\"elementor-icon-list-items elementor-inline-items\">\n\t\t\t\t\t\t\t<li class=\"elementor-icon-list-item elementor-inline-item\">\n\t\t\t\t\t\t\t\t\t\t<span class=\"elementor-icon-list-text\">Senast uppdaterad:<\/span>\n\t\t\t\t\t\t\t\t\t<\/li>\n\t\t\t\t\t\t\t\t<li class=\"elementor-icon-list-item elementor-inline-item\">\n\t\t\t\t\t\t\t\t\t\t<span class=\"elementor-icon-list-text\">4 april 2026<\/span>\n\t\t\t\t\t\t\t\t\t<\/li>\n\t\t\t\t\t\t<\/ul>\n\t\t\t\t\t\t<\/div>\n\t\t\t\t<div class=\"elementor-element elementor-element-72cba03 elementor-widget elementor-widget-text-editor\" data-id=\"72cba03\" data-element_type=\"widget\" data-e-type=\"widget\" data-widget_type=\"text-editor.default\">\n\t\t\t\t\t\t\t\t\t<h2 data-start=\"111\" data-end=\"134\">Driftsavtal \/ SLA<\/h2><p data-start=\"136\" data-end=\"289\">Detta driftavtal reglerar ansvarsf\u00f6rh\u00e5llandet och leverans av drifttj\u00e4nster f\u00f6r wordpress eller liknande system mellan leverant\u00f6ren och kunden.<\/p><h2 data-start=\"291\" data-end=\"305\">Allm\u00e4n information<\/h2><ul><li data-start=\"307\" data-end=\"326\"><h3>Leverant\u00f6ren<\/h3><\/li><\/ul><p data-start=\"327\" data-end=\"550\">Techspace solutions AS, organisationsnummer 925 353 086, med adress Rolf Hofmos gate 24, 0655 oslo, betraktas som personuppgiftsbitr\u00e4de i enlighet med GDPR. I kundrelationen \u00e4r leverant\u00f6ren b\u00e5de personuppgiftsbitr\u00e4de och personuppgiftsansvarig.<\/p><ul><li data-start=\"552\" data-end=\"565\"><h3>Kunder<\/h3><\/li><\/ul><p data-start=\"566\" data-end=\"665\">Kunden, som kan vara en fysisk eller juridisk person, betraktas som personuppgiftsansvarig enligt dataskyddsf\u00f6rordningen.<\/p><ul><li data-start=\"667\" data-end=\"682\"><h3>Tj\u00e4nsten<\/h3><\/li><\/ul><p data-start=\"683\" data-end=\"830\">Leverant\u00f6ren f\u00f6rbeh\u00e5ller sig r\u00e4tten att g\u00f6ra \u00e4ndringar i Tj\u00e4nsten utan f\u00f6reg\u00e5ende meddelande. S\u00e5dana \u00e4ndringar p\u00e5verkar inte redan betalda perioder.<\/p><ul><li data-start=\"832\" data-end=\"866\"><h3>Lagring av kundinformation<\/h3><\/li><\/ul><p data-start=\"867\" data-end=\"1103\">Leverant\u00f6ren lagrar endast n\u00f6dv\u00e4ndig information om Kunden f\u00f6r fakturerings- och aff\u00e4rskontakt\u00e4ndam\u00e5l. Kunden \u00e4r inf\u00f6rst\u00e5dd med att uppgifterna om leverant\u00f6rens kunder h\u00e5lls \u00e5tskilda fr\u00e5n kundens egna uppgifter och skyddas genom krypterad kommunikation.<\/p><ul><li data-start=\"1105\" data-end=\"1142\"><h3>F\u00f6rvaring och skydd av kunddata<\/h3><\/li><\/ul><p data-start=\"1143\" data-end=\"1512\">All data lagras inom EU\/EES om inte annat uttryckligen \u00f6verenskommits mellan Leverant\u00f6ren och Kunden. Kundens uppgifter \u00e4r skyddade genom robusta s\u00e4kerhetsrutiner och kunden eller dess beh\u00f6riga ombud har r\u00e4tt att beg\u00e4ra tillg\u00e5ng till s\u00e4kerhetsrutinerna och utf\u00f6ra stickprovskontroller enligt \u00f6verenskommelse. Eventuella kostnader i samband med s\u00e5dana stickprovskontroller ska t\u00e4ckas av Kunden.<\/p><ul><li data-start=\"1514\" data-end=\"1533\"><h3>Skyldighet att iaktta sekretess<\/h3><\/li><\/ul><p data-start=\"1534\" data-end=\"1701\">Leverant\u00f6ren f\u00f6rbinder sig att behandla information som lagras i tj\u00e4nsten eller information om kunden konfidentiellt och att inte dela denna information med tredje part.<\/p><ul><li data-start=\"1703\" data-end=\"1737\"><h3>Kundens ansvar f\u00f6r sina egna uppgifter<\/h3><\/li><\/ul><p data-start=\"1738\" data-end=\"1994\">Kunden ansvarar f\u00f6r att all information och data som laddas upp till eller behandlas via Tj\u00e4nsten f\u00f6ljer till\u00e4mpliga lagar och regler. Detta inkluderar, men \u00e4r inte begr\u00e4nsat till, integritetslagstiftning och upphovsr\u00e4ttsliga best\u00e4mmelser.<\/p><ul><li data-start=\"1996\" data-end=\"2043\"><h3>Kunddata vid avslutande av kundrelationen<\/h3><\/li><\/ul><p data-start=\"2044\" data-end=\"2322\">N\u00e4r kundrelationen upph\u00f6r kommer alla uppgifter som tillh\u00f6r Kunden att raderas inom 90 dagar fr\u00e5n det att kundrelationen upph\u00f6rde, s\u00e5vida inte Kunden beg\u00e4r tidigare radering. Kunden \u00e4r medveten om att kunddata kan finnas i \u00e4ldre s\u00e4kerhetskopior, och dessa kommer att roteras ut \u00f6ver tid.<\/p><ul><li data-start=\"2324\" data-end=\"2347\"><h3>Underleverant\u00f6rer<\/h3><\/li><\/ul><p data-start=\"2348\" data-end=\"2596\">Leverant\u00f6ren anv\u00e4nder digitalocean och Amazon Web Services som underleverant\u00f6rer f\u00f6r lagring av data, om inte annat uttryckligen avtalats mellan Leverant\u00f6ren och Kunden. Datalagring sker inom EU\/EES och underleverant\u00f6rerna arbetar i enlighet med GDPR.<\/p><h2 data-start=\"2598\" data-end=\"2609\">Avtal<\/h2><ul><li data-start=\"2611\" data-end=\"2626\"><h3>Invigning<\/h3><\/li><\/ul><p data-start=\"2627\" data-end=\"2757\">Avtalet tr\u00e4der i kraft n\u00e4r Kunden accepterar erbjudandet och f\u00e5r en bekr\u00e4ftelse via e-post eller genom att fylla i orderformul\u00e4ret.<\/p><ul><li data-start=\"2759\" data-end=\"2797\"><h3>Upps\u00e4gning av avtalet fr\u00e5n kundens sida<\/h3><\/li><\/ul><p data-start=\"2798\" data-end=\"2966\">Kunden har r\u00e4tt att n\u00e4r som helst s\u00e4ga upp avtalet. Vid upps\u00e4gning upph\u00f6r avtalet att g\u00e4lla den sista dagen i innevarande m\u00e5nad, med \u00e5terbetalning f\u00f6r eventuella outnyttjade perioder.<\/p><ul><li data-start=\"2968\" data-end=\"3011\"><h3>H\u00e4vning av avtalet fr\u00e5n leverant\u00f6rens sida<\/h3><\/li><\/ul><p data-start=\"3012\" data-end=\"3259\">Leverant\u00f6ren har r\u00e4tt att s\u00e4ga upp avtalet med omedelbar verkan och utan angivande av sk\u00e4l. Vid upps\u00e4gning f\u00f6rbinder sig Leverant\u00f6ren att leverera Kundens inneh\u00e5ll elektroniskt samt att \u00e5terbetala eventuella kostnader f\u00f6r outnyttjad del av avtalsperioden.<\/p><h2 data-start=\"3261\" data-end=\"3274\">Betalningsalternativ<\/h2><ul><li data-start=\"3276\" data-end=\"3304\"><h3>Betalning och prenumeration<\/h3><\/li><\/ul><p data-start=\"3305\" data-end=\"3404\">Tj\u00e4nsten ska f\u00f6rskottsbetalas f\u00f6r sex m\u00e5nader i taget, om inte annat uttryckligen avtalats.<\/p><ul><li data-start=\"3406\" data-end=\"3419\"><h3>Faktura<\/h3><\/li><\/ul><p data-start=\"3420\" data-end=\"3510\">Fakturering sker under f\u00f6rsta kvartalet i halv\u00e5ret med en betalningsfrist p\u00e5 14 dagar.<\/p><ul><li data-start=\"3512\" data-end=\"3533\"><h3>F\u00f6r\u00e4ndring av pris<\/h3><\/li><\/ul><p data-start=\"3534\" data-end=\"3613\">Leverant\u00f6ren f\u00f6rbeh\u00e5ller sig r\u00e4tten att \u00e4ndra priser med rimligt f\u00f6rhandsmeddelande.<\/p><ul><li data-start=\"3615\" data-end=\"3639\"><h3>Utebliven betalning<\/h3><\/li><\/ul><p data-start=\"3640\" data-end=\"3804\">Vid utebliven betalning f\u00f6rbeh\u00e5ller sig leverant\u00f6ren r\u00e4tten att st\u00e4nga av tj\u00e4nsten utan f\u00f6reg\u00e5ende meddelande. F\u00f6r att \u00e5ter \u00f6ppna tj\u00e4nsten tillkommer en avgift p\u00e5 1 500 NOK.<\/p><h2 data-start=\"3806\" data-end=\"3819\">\u00c4garskap<\/h2><ul><li data-start=\"3821\" data-end=\"3834\"><h3>Inneh\u00e5ll<\/h3><\/li><\/ul><p data-start=\"3835\" data-end=\"4087\">Allt inneh\u00e5ll som laddas upp av Kunden f\u00f6rblir Kundens egendom. Kunden \u00e4r ansvarig f\u00f6r att f\u00f6lja alla relevanta lagar och f\u00f6rordningar som r\u00f6r detta inneh\u00e5ll. Vid lag\u00f6vertr\u00e4delse f\u00f6rbeh\u00e5ller sig Leverant\u00f6ren r\u00e4tten att omedelbart st\u00e4nga av tj\u00e4nsten.<\/p><ul><li data-start=\"4089\" data-end=\"4117\"><h3>Kontroversiellt inneh\u00e5ll<\/h3><\/li><\/ul><p data-start=\"4118\" data-end=\"4306\">Leverant\u00f6ren f\u00f6rbeh\u00e5ller sig r\u00e4tten att st\u00e4nga av tj\u00e4nsten om inneh\u00e5llet strider mot norsk lag eller leverant\u00f6rens standarder. Exempel p\u00e5 s\u00e5dant inneh\u00e5ll \u00e4r rasism och pornografi.<\/p><h2 data-start=\"4308\" data-end=\"4324\">Datatrafik<\/h2><p data-start=\"4325\" data-end=\"4434\">Till\u00e5ten m\u00e4ngd datatrafik \u00e4r specificerad per abonnemang. Kunden kommer att meddelas om trafikgr\u00e4nsen \u00f6verskrids.<\/p><h2 data-start=\"4436\" data-end=\"4446\">E-postadress<\/h2><p data-start=\"4447\" data-end=\"4637\">Det \u00e4r inte till\u00e5tet att anv\u00e4nda utg\u00e5ende e-postservrar eller webbservrar f\u00f6r massutskick. Aktivitet som leder till svartlistning av utg\u00e5ende e-postservrar kan leda till st\u00e4ngning av webbplatsen.<\/p>\t\t\t\t\t\t\t\t<\/div>\n\t\t\t\t<\/div>\n\t\t\t\t<div class=\"elementor-element elementor-element-ba9dec1 elementor-widget elementor-widget-html\" data-id=\"ba9dec1\" data-element_type=\"widget\" data-e-type=\"widget\" data-widget_type=\"html.default\">\n\t\t\t\t\t<style>\n    h2 {\n  font-size: clamp(1.4rem, 2.5vw + 0.5rem, 2rem) !important;\n}\n\nh3 {\n  font-size: clamp(1.1rem, 2vw + 0.3rem, 1.5rem)!important;\n}\n\n<\/style>\t\t\t\t<\/div>\n\t\t\t\t<div class=\"elementor-element elementor-element-6244f15 elementor-widget elementor-widget-spacer\" data-id=\"6244f15\" data-element_type=\"widget\" data-e-type=\"widget\" data-widget_type=\"spacer.default\">\n\t\t\t\t\t\t\t<div class=\"elementor-spacer\">\n\t\t\t<div class=\"elementor-spacer-inner\"><\/div>\n\t\t<\/div>\n\t\t\t\t\t\t<\/div>\n\t\t\t\t\t<\/div>\n\t\t\t\t<\/div>\n\t\t\t\t<\/div>","protected":false},"excerpt":{"rendered":"<p>Personvernregler Sist Oppdatert: Driftsavtale \/ SLA Denne driftsavtalen regulerer ansvarsforholdet og leveransen av driftstjenester for wordpress eller tilsvarende systemer mellom leverand\u00f8ren og kunden. Generelt Leverand\u00f8ren Techspace solutions AS, organisasjonsnummer 925 353 086, med adresse Rolf Hofmos gate 24, 0655 oslo, anses som Databehandler i henhold til GDPR. I kundeforholdet er Leverand\u00f8ren b\u00e5de Databehandler og Behandlingsansvarlig. [&hellip;]<\/p>\n","protected":false},"author":1,"featured_media":0,"parent":2403,"menu_order":0,"comment_status":"closed","ping_status":"closed","template":"","meta":{"footnotes":"","_wp_rev_ctl_limit":""},"class_list":["post-4028","page","type-page","status-publish","hentry"],"_links":{"self":[{"href":"https:\/\/techspace.no\/sv\/wp-json\/wp\/v2\/pages\/4028","targetHints":{"allow":["GET"]}}],"collection":[{"href":"https:\/\/techspace.no\/sv\/wp-json\/wp\/v2\/pages"}],"about":[{"href":"https:\/\/techspace.no\/sv\/wp-json\/wp\/v2\/types\/page"}],"author":[{"embeddable":true,"href":"https:\/\/techspace.no\/sv\/wp-json\/wp\/v2\/users\/1"}],"replies":[{"embeddable":true,"href":"https:\/\/techspace.no\/sv\/wp-json\/wp\/v2\/comments?post=4028"}],"version-history":[{"count":0,"href":"https:\/\/techspace.no\/sv\/wp-json\/wp\/v2\/pages\/4028\/revisions"}],"up":[{"embeddable":true,"href":"https:\/\/techspace.no\/sv\/wp-json\/wp\/v2\/pages\/2403"}],"wp:attachment":[{"href":"https:\/\/techspace.no\/sv\/wp-json\/wp\/v2\/media?parent=4028"}],"curies":[{"name":"wp","href":"https:\/\/api.w.org\/{rel}","templated":true}]}}