{"id":3271,"date":"2025-05-20T06:08:11","date_gmt":"2025-05-20T06:08:11","guid":{"rendered":"https:\/\/techspace.no\/?page_id=3271"},"modified":"2026-02-17T00:02:50","modified_gmt":"2026-02-17T00:02:50","slug":"hjalp-sida","status":"publish","type":"page","link":"https:\/\/techspace.no\/sv\/om-oss\/support\/hjelpeside\/","title":{"rendered":"Hj\u00e4lp-sida"},"content":{"rendered":"<div data-elementor-type=\"wp-page\" data-elementor-id=\"3271\" class=\"elementor elementor-3271\" data-elementor-post-type=\"page\">\n\t\t\t\t<div class=\"elementor-element elementor-element-fccf9bf e-flex e-con-boxed e-con e-parent\" data-id=\"fccf9bf\" data-element_type=\"container\" data-e-type=\"container\" data-settings=\"{&quot;background_background&quot;:&quot;classic&quot;}\">\n\t\t\t\t\t<div class=\"e-con-inner\">\n\t\t\t\t<div class=\"elementor-element elementor-element-d867d3a elementor-widget__width-initial elementor-widget elementor-widget-heading\" data-id=\"d867d3a\" data-element_type=\"widget\" data-e-type=\"widget\" data-widget_type=\"heading.default\">\n\t\t\t\t\t<h1 class=\"elementor-heading-title elementor-size-default\">V\u00e4lkommen till v\u00e5ra hj\u00e4lpsidor<\/h1>\t\t\t\t<\/div>\n\t\t\t\t<div class=\"elementor-element elementor-element-908932f elementor-widget__width-initial elementor-widget elementor-widget-text-editor\" data-id=\"908932f\" data-element_type=\"widget\" data-e-type=\"widget\" data-widget_type=\"text-editor.default\">\n\t\t\t\t\t\t\t\t\t<p>H\u00e4r hittar du en \u00f6versikt \u00f6ver alla de stora och sm\u00e5 fr\u00e5gor vi brukar f\u00e5 om v\u00e5ra webbplatser. Du hittar ocks\u00e5 information om hur du st\u00e4ller in dina e-postkonton hos oss i olika appar och program. Ta en titt och kontakta oss om du har fler fr\u00e5gor!<\/p>\t\t\t\t\t\t\t\t<\/div>\n\t\t\t\t\t<\/div>\n\t\t\t\t<\/div>\n\t\t<div class=\"elementor-element elementor-element-add7221 e-flex e-con-boxed e-con e-parent\" data-id=\"add7221\" data-element_type=\"container\" data-e-type=\"container\">\n\t\t\t\t\t<div class=\"e-con-inner\">\n\t\t<div class=\"elementor-element elementor-element-b11b9b4 e-con-full e-flex e-con e-child\" data-id=\"b11b9b4\" data-element_type=\"container\" data-e-type=\"container\" data-settings=\"{&quot;background_background&quot;:&quot;classic&quot;}\">\n\t\t<div class=\"elementor-element elementor-element-aaa9325 e-con-full e-flex e-con e-child\" data-id=\"aaa9325\" data-element_type=\"container\" data-e-type=\"container\">\n\t\t\t\t<div class=\"elementor-element elementor-element-60697e7 elementor-icon-list--layout-inline elementor-list-item-link-full_width elementor-widget elementor-widget-icon-list\" data-id=\"60697e7\" data-element_type=\"widget\" data-e-type=\"widget\" data-widget_type=\"icon-list.default\">\n\t\t\t\t\t\t\t<ul class=\"elementor-icon-list-items elementor-inline-items\">\n\t\t\t\t\t\t\t<li class=\"elementor-icon-list-item elementor-inline-item\">\n\t\t\t\t\t\t\t\t\t\t\t<a href=\"#Mono-nettside\">\n\n\t\t\t\t\t\t\t\t\t\t\t<span class=\"elementor-icon-list-text\">Fr\u00e5gor om mono webbsidor<\/span>\n\t\t\t\t\t\t\t\t\t\t\t<\/a>\n\t\t\t\t\t\t\t\t\t<\/li>\n\t\t\t\t\t\t<\/ul>\n\t\t\t\t\t\t<\/div>\n\t\t\t\t<div class=\"elementor-element elementor-element-0cab938 elementor-icon-list--layout-inline elementor-list-item-link-full_width elementor-widget elementor-widget-icon-list\" data-id=\"0cab938\" data-element_type=\"widget\" data-e-type=\"widget\" data-widget_type=\"icon-list.default\">\n\t\t\t\t\t\t\t<ul class=\"elementor-icon-list-items elementor-inline-items\">\n\t\t\t\t\t\t\t<li class=\"elementor-icon-list-item elementor-inline-item\">\n\t\t\t\t\t\t\t\t\t\t\t<a href=\"#FAQS\">\n\n\t\t\t\t\t\t\t\t\t\t\t<span class=\"elementor-icon-list-text\">V\u00e5ra vanligaste fr\u00e5gor<\/span>\n\t\t\t\t\t\t\t\t\t\t\t<\/a>\n\t\t\t\t\t\t\t\t\t<\/li>\n\t\t\t\t\t\t<\/ul>\n\t\t\t\t\t\t<\/div>\n\t\t\t\t<div class=\"elementor-element elementor-element-4ef7da4 elementor-icon-list--layout-inline elementor-list-item-link-full_width elementor-widget elementor-widget-icon-list\" data-id=\"4ef7da4\" data-element_type=\"widget\" data-e-type=\"widget\" data-widget_type=\"icon-list.default\">\n\t\t\t\t\t\t\t<ul class=\"elementor-icon-list-items elementor-inline-items\">\n\t\t\t\t\t\t\t<li class=\"elementor-icon-list-item elementor-inline-item\">\n\t\t\t\t\t\t\t\t\t\t\t<a href=\"#prosesser\">\n\n\t\t\t\t\t\t\t\t\t\t\t<span class=\"elementor-icon-list-text\">Processer och deadlines<\/span>\n\t\t\t\t\t\t\t\t\t\t\t<\/a>\n\t\t\t\t\t\t\t\t\t<\/li>\n\t\t\t\t\t\t<\/ul>\n\t\t\t\t\t\t<\/div>\n\t\t\t\t<\/div>\n\t\t\t\t<div class=\"elementor-element elementor-element-8725ba6 elementor-widget elementor-widget-menu-anchor\" data-id=\"8725ba6\" data-element_type=\"widget\" data-e-type=\"widget\" data-widget_type=\"menu-anchor.default\">\n\t\t\t\t\t\t\t<div class=\"elementor-menu-anchor\" id=\"FAQS\"><\/div>\n\t\t\t\t\t\t<\/div>\n\t\t\t\t<div class=\"elementor-element elementor-element-1587113 elementor-widget elementor-widget-heading\" data-id=\"1587113\" data-element_type=\"widget\" data-e-type=\"widget\" data-widget_type=\"heading.default\">\n\t\t\t\t\t<h2 class=\"elementor-heading-title elementor-size-default\">V\u00e5ra vanligaste fr\u00e5gor:<\/h2>\t\t\t\t<\/div>\n\t\t\t\t<div class=\"elementor-element elementor-element-f47884d elementor-widget-divider--view-line elementor-widget elementor-widget-divider\" data-id=\"f47884d\" data-element_type=\"widget\" data-e-type=\"widget\" data-widget_type=\"divider.default\">\n\t\t\t\t\t\t\t<div class=\"elementor-divider\">\n\t\t\t<span class=\"elementor-divider-separator\">\n\t\t\t\t\t\t<\/span>\n\t\t<\/div>\n\t\t\t\t\t\t<\/div>\n\t\t\t\t<div class=\"elementor-element elementor-element-d616fea elementor-widget elementor-widget-icon-box\" data-id=\"d616fea\" data-element_type=\"widget\" data-e-type=\"widget\" data-widget_type=\"icon-box.default\">\n\t\t\t\t\t\t\t<div class=\"elementor-icon-box-wrapper\">\n\n\t\t\t\n\t\t\t\t\t\t<div class=\"elementor-icon-box-content\">\n\n\t\t\t\t\t\t\t\t\t<h3 class=\"elementor-icon-box-title\">\n\t\t\t\t\t\t<span  >\n\t\t\t\t\t\t\tVad ing\u00e5r i kostnadsfri support?\t\t\t\t\t\t<\/span>\n\t\t\t\t\t<\/h3>\n\t\t\t\t\n\t\t\t\t\t\t\t\t\t<p class=\"elementor-icon-box-description\">\n\t\t\t\t\t\tVi finns h\u00e4r f\u00f6r dig och vi hj\u00e4lper dig g\u00e4rna om du har n\u00e5gra fr\u00e5gor. Support definieras som anv\u00e4ndarsupport d\u00e4r vi hj\u00e4lper v\u00e5ra anv\u00e4ndare att l\u00f6sa ett behov\/problem relaterat till hemsidestj\u00e4nsten. Kostnadsfri support inkluderar \u00e4ven mindre \u00e4ndringar av din webbplats vid behov.  \n\n <br><br>\n\nSkulle det finnas behov av support som \u00f6verskrider de givna tidsramarna kommer detta att meddelas. Standardprislistan \u00e4r d\u00e5 till\u00e4mplig. \u00c4ndringar av webbplatsen som baseras p\u00e5 en konsultation m\u00e5ste avtalas och faktureras.\t\t\t\t\t<\/p>\n\t\t\t\t\n\t\t\t<\/div>\n\t\t\t\n\t\t<\/div>\n\t\t\t\t\t\t<\/div>\n\t\t\t\t<div class=\"elementor-element elementor-element-bee7ea1 elementor-widget-divider--view-line elementor-widget elementor-widget-divider\" data-id=\"bee7ea1\" data-element_type=\"widget\" data-e-type=\"widget\" data-widget_type=\"divider.default\">\n\t\t\t\t\t\t\t<div class=\"elementor-divider\">\n\t\t\t<span class=\"elementor-divider-separator\">\n\t\t\t\t\t\t<\/span>\n\t\t<\/div>\n\t\t\t\t\t\t<\/div>\n\t\t\t\t<div class=\"elementor-element elementor-element-38ead82 elementor-widget elementor-widget-icon-box\" data-id=\"38ead82\" data-element_type=\"widget\" data-e-type=\"widget\" data-widget_type=\"icon-box.default\">\n\t\t\t\t\t\t\t<div class=\"elementor-icon-box-wrapper\">\n\n\t\t\t\n\t\t\t\t\t\t<div class=\"elementor-icon-box-content\">\n\n\t\t\t\t\t\t\t\t\t<h3 class=\"elementor-icon-box-title\">\n\t\t\t\t\t\t<span  >\n\t\t\t\t\t\t\tVarf\u00f6r dyker inte min webbplats upp i Googles s\u00f6kresultat?\t\t\t\t\t\t<\/span>\n\t\t\t\t\t<\/h3>\n\t\t\t\t\n\t\t\t\t\t\t\t\t\t<p class=\"elementor-icon-box-description\">\n\t\t\t\t\t\tAlla nya webbplatser m\u00e5ste genomg\u00e5 en kvalitetskontroll innan de rankas i Googles s\u00f6kningar. Detta g\u00f6rs f\u00f6r att f\u00f6rhindra att irrelevanta sidor och sidor fulla av spam rankas h\u00f6gt i din s\u00f6kning. Hur l\u00e5ng tid detta tar kan variera fr\u00e5n sida till sida. Google har inte gett n\u00e5gon uppskattad tid, men det kan g\u00e5 snabbare om det genereras trafik till sidan. Vi rekommenderar d\u00e4rf\u00f6r att dela sidan p\u00e5 sociala medier, skapa l\u00e4nkar till partners och vice versa.  \t\t\t\t\t<\/p>\n\t\t\t\t\n\t\t\t<\/div>\n\t\t\t\n\t\t<\/div>\n\t\t\t\t\t\t<\/div>\n\t\t\t\t<div class=\"elementor-element elementor-element-2a76fa5 elementor-widget-divider--view-line elementor-widget elementor-widget-divider\" data-id=\"2a76fa5\" data-element_type=\"widget\" data-e-type=\"widget\" data-widget_type=\"divider.default\">\n\t\t\t\t\t\t\t<div class=\"elementor-divider\">\n\t\t\t<span class=\"elementor-divider-separator\">\n\t\t\t\t\t\t<\/span>\n\t\t<\/div>\n\t\t\t\t\t\t<\/div>\n\t\t\t\t<div class=\"elementor-element elementor-element-7ccaf48 elementor-widget elementor-widget-icon-box\" data-id=\"7ccaf48\" data-element_type=\"widget\" data-e-type=\"widget\" data-widget_type=\"icon-box.default\">\n\t\t\t\t\t\t\t<div class=\"elementor-icon-box-wrapper\">\n\n\t\t\t\n\t\t\t\t\t\t<div class=\"elementor-icon-box-content\">\n\n\t\t\t\t\t\t\t\t\t<h3 class=\"elementor-icon-box-title\">\n\t\t\t\t\t\t<span  >\n\t\t\t\t\t\t\tVilken typ av avtalsvillkor har vi med dig?\t\t\t\t\t\t<\/span>\n\t\t\t\t\t<\/h3>\n\t\t\t\t\n\t\t\t\t\n\t\t\t<\/div>\n\t\t\t\n\t\t<\/div>\n\t\t\t\t\t\t<\/div>\n\t\t\t\t<div class=\"elementor-element elementor-element-db4ef03 elementor-widget elementor-widget-text-editor\" data-id=\"db4ef03\" data-element_type=\"widget\" data-e-type=\"widget\" data-widget_type=\"text-editor.default\">\n\t\t\t\t\t\t\t\t\t<p>Du kan l\u00e4sa v\u00e5ra nuvarande villkor h\u00e4r.<\/p><p>Om du vill ha en kopia av ditt avtal, har fr\u00e5gor om en faktura eller liknande, kontakta oss s\u00e5 hj\u00e4lper vi dig!<\/p>\t\t\t\t\t\t\t\t<\/div>\n\t\t\t\t<div class=\"elementor-element elementor-element-e78faa8 elementor-widget-divider--view-line elementor-widget elementor-widget-divider\" data-id=\"e78faa8\" data-element_type=\"widget\" data-e-type=\"widget\" data-widget_type=\"divider.default\">\n\t\t\t\t\t\t\t<div class=\"elementor-divider\">\n\t\t\t<span class=\"elementor-divider-separator\">\n\t\t\t\t\t\t<\/span>\n\t\t<\/div>\n\t\t\t\t\t\t<\/div>\n\t\t\t\t<div class=\"elementor-element elementor-element-21d0ffb elementor-widget elementor-widget-heading\" data-id=\"21d0ffb\" data-element_type=\"widget\" data-e-type=\"widget\" data-widget_type=\"heading.default\">\n\t\t\t\t\t<h3 class=\"elementor-heading-title elementor-size-default\">Vad h\u00e4nder med min webbplats n\u00e4r jag s\u00e4ger upp den?<\/h3>\t\t\t\t<\/div>\n\t\t\t\t<div class=\"elementor-element elementor-element-5696afd elementor-widget elementor-widget-text-editor\" data-id=\"5696afd\" data-element_type=\"widget\" data-e-type=\"widget\" data-widget_type=\"text-editor.default\">\n\t\t\t\t\t\t\t\t\t\u00c4ven om du har skapat dom\u00e4nen hos oss eller hos en annan leverant\u00f6r kan du naturligtvis beh\u00e5lla den. Dom\u00e4ner registreras alltid p\u00e5 organisationsnummer. Sj\u00e4lva webbplatsen raderas n\u00e4r avtalet l\u00f6per ut. \t\t\t\t\t\t\t\t<\/div>\n\t\t\t\t<div class=\"elementor-element elementor-element-f261512 elementor-widget elementor-widget-menu-anchor\" data-id=\"f261512\" data-element_type=\"widget\" data-e-type=\"widget\" data-widget_type=\"menu-anchor.default\">\n\t\t\t\t\t\t\t<div class=\"elementor-menu-anchor\" id=\"Mono-nettside\"><\/div>\n\t\t\t\t\t\t<\/div>\n\t\t\t\t<div class=\"elementor-element elementor-element-519214d elementor-widget elementor-widget-spacer\" data-id=\"519214d\" data-element_type=\"widget\" data-e-type=\"widget\" data-widget_type=\"spacer.default\">\n\t\t\t\t\t\t\t<div class=\"elementor-spacer\">\n\t\t\t<div class=\"elementor-spacer-inner\"><\/div>\n\t\t<\/div>\n\t\t\t\t\t\t<\/div>\n\t\t\t\t<div class=\"elementor-element elementor-element-855c923 elementor-widget elementor-widget-heading\" data-id=\"855c923\" data-element_type=\"widget\" data-e-type=\"widget\" data-widget_type=\"heading.default\">\n\t\t\t\t\t<h2 class=\"elementor-heading-title elementor-size-default\">Fr\u00e5gor om mono webbsidor:<\/h2>\t\t\t\t<\/div>\n\t\t\t\t<div class=\"elementor-element elementor-element-3b5016d elementor-widget-divider--view-line elementor-widget elementor-widget-divider\" data-id=\"3b5016d\" data-element_type=\"widget\" data-e-type=\"widget\" data-widget_type=\"divider.default\">\n\t\t\t\t\t\t\t<div class=\"elementor-divider\">\n\t\t\t<span class=\"elementor-divider-separator\">\n\t\t\t\t\t\t<\/span>\n\t\t<\/div>\n\t\t\t\t\t\t<\/div>\n\t\t\t\t<div class=\"elementor-element elementor-element-ce55cf1 elementor-widget elementor-widget-heading\" data-id=\"ce55cf1\" data-element_type=\"widget\" data-e-type=\"widget\" data-widget_type=\"heading.default\">\n\t\t\t\t\t<h3 class=\"elementor-heading-title elementor-size-default\">Hur l\u00e5ng tid tar det innan webbplatsen \u00e4r klar?<\/h3>\t\t\t\t<\/div>\n\t\t\t\t<div class=\"elementor-element elementor-element-afc494f elementor-widget elementor-widget-text-editor\" data-id=\"afc494f\" data-element_type=\"widget\" data-e-type=\"widget\" data-widget_type=\"text-editor.default\">\n\t\t\t\t\t\t\t\t\t<p>Hur l\u00e5ng tid det tar att lansera din webbplats beror p\u00e5 hur snabbt du som kund kan skicka in det material som du vill ha med p\u00e5 webbplatsen och hur snabb du \u00e4r p\u00e5 att ge feedback under resans g\u00e5ng.<\/p><p>Standardleveranstiden f\u00f6r v\u00e5ra paketerade l\u00f6sningar \u00e4r cirka 1 m\u00e5nad.<\/p>\t\t\t\t\t\t\t\t<\/div>\n\t\t\t\t<div class=\"elementor-element elementor-element-07b428a elementor-widget-divider--view-line elementor-widget elementor-widget-divider\" data-id=\"07b428a\" data-element_type=\"widget\" data-e-type=\"widget\" data-widget_type=\"divider.default\">\n\t\t\t\t\t\t\t<div class=\"elementor-divider\">\n\t\t\t<span class=\"elementor-divider-separator\">\n\t\t\t\t\t\t<\/span>\n\t\t<\/div>\n\t\t\t\t\t\t<\/div>\n\t\t\t\t<div class=\"elementor-element elementor-element-061ef88 elementor-widget elementor-widget-heading\" data-id=\"061ef88\" data-element_type=\"widget\" data-e-type=\"widget\" data-widget_type=\"heading.default\">\n\t\t\t\t\t<h3 class=\"elementor-heading-title elementor-size-default\">Var kan jag leverera material till min webbplats?<\/h3>\t\t\t\t<\/div>\n\t\t\t\t<div class=\"elementor-element elementor-element-ea280c0 elementor-widget elementor-widget-text-editor\" data-id=\"ea280c0\" data-element_type=\"widget\" data-e-type=\"widget\" data-widget_type=\"text-editor.default\">\n\t\t\t\t\t\t\t\t\t<p>Du kan skicka oss material till din webbplats p\u00e5 <a href=\"mailto:post@techspace.no\">post@techspace.no<\/a>, eller ring oss p\u00e5 <a href=\"tel:+4791925014\">919 25 014<\/a>. (knappval 2)<\/p>\t\t\t\t\t\t\t\t<\/div>\n\t\t\t\t<div class=\"elementor-element elementor-element-4386e32 elementor-widget-divider--view-line elementor-widget elementor-widget-divider\" data-id=\"4386e32\" data-element_type=\"widget\" data-e-type=\"widget\" data-widget_type=\"divider.default\">\n\t\t\t\t\t\t\t<div class=\"elementor-divider\">\n\t\t\t<span class=\"elementor-divider-separator\">\n\t\t\t\t\t\t<\/span>\n\t\t<\/div>\n\t\t\t\t\t\t<\/div>\n\t\t\t\t<div class=\"elementor-element elementor-element-da83812 elementor-widget elementor-widget-heading\" data-id=\"da83812\" data-element_type=\"widget\" data-e-type=\"widget\" data-widget_type=\"heading.default\">\n\t\t\t\t\t<h3 class=\"elementor-heading-title elementor-size-default\">Varf\u00f6r st\u00e5r det att e-post ing\u00e5r i paketet, vad har det med webbplatsen att g\u00f6ra?<\/h3>\t\t\t\t<\/div>\n\t\t\t\t<div class=\"elementor-element elementor-element-bc5a9f2 elementor-widget elementor-widget-text-editor\" data-id=\"bc5a9f2\" data-element_type=\"widget\" data-e-type=\"widget\" data-widget_type=\"text-editor.default\">\n\t\t\t\t\t\t\t\t\t<p>I alla v\u00e5ra paket ing\u00e5r \u00e4ven e-post(er). Antalet beror p\u00e5 vilket paket du v\u00e4ljer, men du kan alltid k\u00f6pa fler om det beh\u00f6vs. E-postadressen \u00e4r relaterad till din dom\u00e4n. Det inneb\u00e4r att om din webbadress \u00e4r www.eksempel.no s\u00e5 \u00e4ger du r\u00e4ttigheterna till e-postadressen post@eksempel.no.<\/p><p>Om du redan har e-postkonton f\u00f6r dig och dina anst\u00e4llda kan du forts\u00e4tta att anv\u00e4nda dem p\u00e5 samma s\u00e4tt som tidigare. I s\u00e5 fall beh\u00e5ller du det e-postavtal du har med din nuvarande leverant\u00f6r, eller s\u00e5 kan du flytta \u00f6ver dem till oss.<\/p>\t\t\t\t\t\t\t\t<\/div>\n\t\t\t\t<div class=\"elementor-element elementor-element-c472fc2 elementor-widget elementor-widget-menu-anchor\" data-id=\"c472fc2\" data-element_type=\"widget\" data-e-type=\"widget\" data-widget_type=\"menu-anchor.default\">\n\t\t\t\t\t\t\t<div class=\"elementor-menu-anchor\" id=\"prosesser\"><\/div>\n\t\t\t\t\t\t<\/div>\n\t\t\t\t<div class=\"elementor-element elementor-element-a24289e elementor-widget elementor-widget-spacer\" data-id=\"a24289e\" data-element_type=\"widget\" data-e-type=\"widget\" data-widget_type=\"spacer.default\">\n\t\t\t\t\t\t\t<div class=\"elementor-spacer\">\n\t\t\t<div class=\"elementor-spacer-inner\"><\/div>\n\t\t<\/div>\n\t\t\t\t\t\t<\/div>\n\t\t\t\t<div class=\"elementor-element elementor-element-4303997 elementor-widget elementor-widget-heading\" data-id=\"4303997\" data-element_type=\"widget\" data-e-type=\"widget\" data-widget_type=\"heading.default\">\n\t\t\t\t\t<h2 class=\"elementor-heading-title elementor-size-default\">Processer och tidsfrister:<\/h2>\t\t\t\t<\/div>\n\t\t\t\t<div class=\"elementor-element elementor-element-5c7d78d elementor-widget-divider--view-line elementor-widget elementor-widget-divider\" data-id=\"5c7d78d\" data-element_type=\"widget\" data-e-type=\"widget\" data-widget_type=\"divider.default\">\n\t\t\t\t\t\t\t<div class=\"elementor-divider\">\n\t\t\t<span class=\"elementor-divider-separator\">\n\t\t\t\t\t\t<\/span>\n\t\t<\/div>\n\t\t\t\t\t\t<\/div>\n\t\t\t\t<div class=\"elementor-element elementor-element-c93aaec elementor-widget elementor-widget-heading\" data-id=\"c93aaec\" data-element_type=\"widget\" data-e-type=\"widget\" data-widget_type=\"heading.default\">\n\t\t\t\t\t<h3 class=\"elementor-heading-title elementor-size-default\">1. Tidslinje f\u00f6r best\u00e4llningsprocessen<\/h3>\t\t\t\t<\/div>\n\t\t\t\t<div class=\"elementor-element elementor-element-0f96d7b elementor-widget elementor-widget-text-editor\" data-id=\"0f96d7b\" data-element_type=\"widget\" data-e-type=\"widget\" data-widget_type=\"text-editor.default\">\n\t\t\t\t\t\t\t\t\t<p>V\u00e5r best\u00e4llningsprocess f\u00f6r webbplatser - fr\u00e5n det att du l\u00e4gger din best\u00e4llning till dess att din webbplats lanseras - beskrivs nedan. F\u00f6r att du ska veta exakt vad du kan f\u00f6rv\u00e4nta dig har vi inkluderat b\u00e5de v\u00e5ra och dina tidsfrister.<\/p><p>Ta kontakt med oss:<br \/>E-post: <a href=\"mailto:post@techspace.no\">post@techspace.no<\/a><br \/>Telefon: <a href=\"tel:+4791925014\">+47 919 25 014<\/a><\/p>\t\t\t\t\t\t\t\t<\/div>\n\t\t\t\t<div class=\"elementor-element elementor-element-11b372a elementor-widget-divider--view-line elementor-widget elementor-widget-divider\" data-id=\"11b372a\" data-element_type=\"widget\" data-e-type=\"widget\" data-widget_type=\"divider.default\">\n\t\t\t\t\t\t\t<div class=\"elementor-divider\">\n\t\t\t<span class=\"elementor-divider-separator\">\n\t\t\t\t\t\t<\/span>\n\t\t<\/div>\n\t\t\t\t\t\t<\/div>\n\t\t\t\t<div class=\"elementor-element elementor-element-890a733 elementor-widget elementor-widget-heading\" data-id=\"890a733\" data-element_type=\"widget\" data-e-type=\"widget\" data-widget_type=\"heading.default\">\n\t\t\t\t\t<h3 class=\"elementor-heading-title elementor-size-default\">2. Tillhandah\u00e5lla information om webbplatsen<\/h3>\t\t\t\t<\/div>\n\t\t\t\t<div class=\"elementor-element elementor-element-ab7ef0f elementor-widget elementor-widget-text-editor\" data-id=\"ab7ef0f\" data-element_type=\"widget\" data-e-type=\"widget\" data-widget_type=\"text-editor.default\">\n\t\t\t\t\t\t\t\t\t<ul><li>Som en del av uppstartsfasen kommer en av v\u00e5ra konsulter att kontakta dig f\u00f6r att best\u00e4mma en tid f\u00f6r ett samtal. Alternativt skickar vi ett SMS och ett e-postmeddelande f\u00f6r att informera dig om att vi vill komma i kontakt med dig ang\u00e5ende din nya webbplats. Du kan boka tid genom att ringa <a href=\"tel:+4763001966\">+47 63 00 19 66.<\/a><\/li><\/ul><p>\u00a0<\/p><ul><li>F\u00f6r att den nya webbplatsen ska spegla ert f\u00f6retag skulle vi uppskatta en kort beskrivning av vad ni g\u00f6r och vilka produkter och tj\u00e4nster ni erbjuder. V\u00e4nligen skicka denna information till <a href=\"mailto:post@techspace.no\">post@techspace.no<\/a>. Att skicka in ditt material s\u00e5 tidigt som m\u00f6jligt \u00e4r det b\u00e4sta s\u00e4ttet att komma ig\u00e5ng snabbt.<\/li><\/ul><p>\u00a0<\/p><ul><li>Standardleveranstiden f\u00f6r v\u00e5ra paketerade l\u00f6sningar \u00e4r en m\u00e5nad, f\u00f6rutsatt att vi f\u00e5r all n\u00f6dv\u00e4ndig information.<\/li><\/ul><p>\u00a0<\/p><ul><li>Om vi inte f\u00e5r information inom 10 dagar tar vi fram ett projekteringsf\u00f6rslag baserat p\u00e5 tillg\u00e4nglig information och vad vi vet om projektet. Vid projektstart kommer fakturor f\u00f6r drift och etablering att skickas ut.<\/li><\/ul>\t\t\t\t\t\t\t\t<\/div>\n\t\t\t\t<div class=\"elementor-element elementor-element-5f697ee elementor-widget-divider--view-line elementor-widget elementor-widget-divider\" data-id=\"5f697ee\" data-element_type=\"widget\" data-e-type=\"widget\" data-widget_type=\"divider.default\">\n\t\t\t\t\t\t\t<div class=\"elementor-divider\">\n\t\t\t<span class=\"elementor-divider-separator\">\n\t\t\t\t\t\t<\/span>\n\t\t<\/div>\n\t\t\t\t\t\t<\/div>\n\t\t\t\t<div class=\"elementor-element elementor-element-d0d1ba7 elementor-widget elementor-widget-heading\" data-id=\"d0d1ba7\" data-element_type=\"widget\" data-e-type=\"widget\" data-widget_type=\"heading.default\">\n\t\t\t\t\t<h3 class=\"elementor-heading-title elementor-size-default\">3. Meddelande om l\u00e4nk till webbplats<\/h3>\t\t\t\t<\/div>\n\t\t\t\t<div class=\"elementor-element elementor-element-59aedc6 elementor-widget elementor-widget-text-editor\" data-id=\"59aedc6\" data-element_type=\"widget\" data-e-type=\"widget\" data-widget_type=\"text-editor.default\">\n\t\t\t\t\t\t\t\t\t<ul><li>Du f\u00e5r f\u00f6rslag p\u00e5 s\u00f6kmotoroptimerad text som kan hj\u00e4lpa dig att f\u00e5 fler f\u00f6rfr\u00e5gningar. S\u00e5 snart vi har f\u00e5tt dina instruktioner och din information skapar v\u00e5ra designers en webbplats som motsvarar dina \u00f6nskem\u00e5l. N\u00e4r designf\u00f6rslaget \u00e4r klart f\u00e5r du ett e-postmeddelande med en l\u00e4nk till webbplatsen.<\/li><\/ul><p>\u00a0<\/p><ul><li>Se till att b\u00e5de text och design granskas.<\/li><\/ul>\t\t\t\t\t\t\t\t<\/div>\n\t\t\t\t<div class=\"elementor-element elementor-element-477b9fd elementor-widget-divider--view-line elementor-widget elementor-widget-divider\" data-id=\"477b9fd\" data-element_type=\"widget\" data-e-type=\"widget\" data-widget_type=\"divider.default\">\n\t\t\t\t\t\t\t<div class=\"elementor-divider\">\n\t\t\t<span class=\"elementor-divider-separator\">\n\t\t\t\t\t\t<\/span>\n\t\t<\/div>\n\t\t\t\t\t\t<\/div>\n\t\t\t\t<div class=\"elementor-element elementor-element-8a3e7ac elementor-widget elementor-widget-heading\" data-id=\"8a3e7ac\" data-element_type=\"widget\" data-e-type=\"widget\" data-widget_type=\"heading.default\">\n\t\t\t\t\t<h3 class=\"elementor-heading-title elementor-size-default\">4. Lansering av din webbplats<\/h3>\t\t\t\t<\/div>\n\t\t\t\t<div class=\"elementor-element elementor-element-f726d76 elementor-widget elementor-widget-text-editor\" data-id=\"f726d76\" data-element_type=\"widget\" data-e-type=\"widget\" data-widget_type=\"text-editor.default\">\n\t\t\t\t\t\t\t\t\tN\u00e4r du har godk\u00e4nt designen av din webbplats kommer den att vara online inom tre arbetsdagar. Vanligtvis g\u00e5r det \u00e4nnu snabbare. F\u00f6r att vi ska kunna lansera webbplatsen s\u00e5 snabbt som m\u00f6jligt \u00e4r det viktigt att vi f\u00e5r information om dom\u00e4nen s\u00e5 tidigt som m\u00f6jligt.\t\t\t\t\t\t\t\t<\/div>\n\t\t\t\t<div class=\"elementor-element elementor-element-ada08df elementor-widget elementor-widget-text-editor\" data-id=\"ada08df\" data-element_type=\"widget\" data-e-type=\"widget\" data-widget_type=\"text-editor.default\">\n\t\t\t\t\t\t\t\t\t<p><strong>Grattis, ditt f\u00f6retag har nu en ny webbplats!<\/strong><\/p>\t\t\t\t\t\t\t\t<\/div>\n\t\t\t\t<\/div>\n\t\t\t\t<div class=\"elementor-element elementor-element-335602c elementor-widget elementor-widget-html\" data-id=\"335602c\" data-element_type=\"widget\" data-e-type=\"widget\" data-widget_type=\"html.default\">\n\t\t\t\t\t<!--<style>-->\n<!--    h2 {-->\n<!--  font-size: clamp(1.4rem, 2.5vw + 0.5rem, 2rem) !important;-->\n<!--}-->\n\n<!--h3 {-->\n<!--  font-size: clamp(1.1rem, 2vw + 0.3rem, 1.5rem)!important;-->\n<!--}-->\n\n<!--<\/style>-->\t\t\t\t<\/div>\n\t\t\t\t<div class=\"elementor-element elementor-element-6d0d7d5 elementor-widget elementor-widget-spacer\" data-id=\"6d0d7d5\" data-element_type=\"widget\" data-e-type=\"widget\" data-widget_type=\"spacer.default\">\n\t\t\t\t\t\t\t<div class=\"elementor-spacer\">\n\t\t\t<div class=\"elementor-spacer-inner\"><\/div>\n\t\t<\/div>\n\t\t\t\t\t\t<\/div>\n\t\t\t\t\t<\/div>\n\t\t\t\t<\/div>\n\t\t\t\t<\/div>","protected":false},"excerpt":{"rendered":"<p>Velkommen til v\u00e5re hjelpesider Her finner du en oversikt over alle de store og sm\u00e5 sp\u00f8rsm\u00e5lene vi vanligvis f\u00e5r om v\u00e5re nettsteder. Du finner ogs\u00e5 informasjon om hvordan du konfigurerer e-postkontoene dine hos oss i ulike apper og programmer. Ta en titt, og kontakt oss hvis du har flere sp\u00f8rsm\u00e5l! Sp\u00f8rsm\u00e5l rundt mono-nettsider V\u00e5re mest [&hellip;]<\/p>\n","protected":false},"author":4,"featured_media":0,"parent":3104,"menu_order":0,"comment_status":"closed","ping_status":"closed","template":"","meta":{"footnotes":"","_wp_rev_ctl_limit":""},"class_list":["post-3271","page","type-page","status-publish","hentry"],"_links":{"self":[{"href":"https:\/\/techspace.no\/sv\/wp-json\/wp\/v2\/pages\/3271","targetHints":{"allow":["GET"]}}],"collection":[{"href":"https:\/\/techspace.no\/sv\/wp-json\/wp\/v2\/pages"}],"about":[{"href":"https:\/\/techspace.no\/sv\/wp-json\/wp\/v2\/types\/page"}],"author":[{"embeddable":true,"href":"https:\/\/techspace.no\/sv\/wp-json\/wp\/v2\/users\/4"}],"replies":[{"embeddable":true,"href":"https:\/\/techspace.no\/sv\/wp-json\/wp\/v2\/comments?post=3271"}],"version-history":[{"count":0,"href":"https:\/\/techspace.no\/sv\/wp-json\/wp\/v2\/pages\/3271\/revisions"}],"up":[{"embeddable":true,"href":"https:\/\/techspace.no\/sv\/wp-json\/wp\/v2\/pages\/3104"}],"wp:attachment":[{"href":"https:\/\/techspace.no\/sv\/wp-json\/wp\/v2\/media?parent=3271"}],"curies":[{"name":"wp","href":"https:\/\/api.w.org\/{rel}","templated":true}]}}