{"id":3104,"date":"2025-05-19T05:16:39","date_gmt":"2025-05-19T05:16:39","guid":{"rendered":"https:\/\/techspace.no\/?page_id=3104"},"modified":"2026-02-09T05:24:05","modified_gmt":"2026-02-09T05:24:05","slug":"stod","status":"publish","type":"page","link":"https:\/\/techspace.no\/sv\/om-oss\/support\/","title":{"rendered":"St\u00f6d"},"content":{"rendered":"<div data-elementor-type=\"wp-page\" data-elementor-id=\"3104\" class=\"elementor elementor-3104\" data-elementor-post-type=\"page\">\n\t\t\t\t<div class=\"elementor-element elementor-element-040d32f e-flex e-con-boxed e-con e-parent\" data-id=\"040d32f\" data-element_type=\"container\" data-e-type=\"container\" data-settings=\"{&quot;background_background&quot;:&quot;classic&quot;}\">\n\t\t\t\t\t<div class=\"e-con-inner\">\n\t\t\t\t<div class=\"elementor-element elementor-element-6c83a99 elementor-widget__width-initial elementor-widget elementor-widget-heading\" data-id=\"6c83a99\" data-element_type=\"widget\" data-e-type=\"widget\" data-widget_type=\"heading.default\">\n\t\t\t\t\t<h1 class=\"elementor-heading-title elementor-size-default\">St\u00f6d<\/h1>\t\t\t\t<\/div>\n\t\t\t\t\t<\/div>\n\t\t\t\t<\/div>\n\t\t<div class=\"elementor-element elementor-element-5a90703 e-flex e-con-boxed e-con e-parent\" data-id=\"5a90703\" data-element_type=\"container\" data-e-type=\"container\">\n\t\t\t\t\t<div class=\"e-con-inner\">\n\t\t<div class=\"elementor-element elementor-element-05b4939 e-con-full e-flex e-con e-child\" data-id=\"05b4939\" data-element_type=\"container\" data-e-type=\"container\" data-settings=\"{&quot;background_background&quot;:&quot;classic&quot;}\">\n\t\t<div class=\"elementor-element elementor-element-fd298a4 e-con-full e-flex e-con e-child\" data-id=\"fd298a4\" data-element_type=\"container\" data-e-type=\"container\">\n\t\t\t\t<div class=\"elementor-element elementor-element-11e6524 elementor-widget elementor-widget-text-editor\" data-id=\"11e6524\" data-element_type=\"widget\" data-e-type=\"widget\" data-widget_type=\"text-editor.default\">\n\t\t\t\t\t\t\t\t\t<p>Om du vill ha hj\u00e4lp eller assistans \u00e4r du v\u00e4lkommen att ringa oss p\u00e5<strong> <a href=\"tel:+4791925014\">919 25 014<\/a>.<\/strong><\/p><p>Vi kan ocks\u00e5 hj\u00e4lpa till med f\u00f6r\u00e4ndringar av design, funktionalitet eller inneh\u00e5ll p\u00e5 din webbplats. Skicka oss en beskrivning av vad du vill ha s\u00e5 h\u00f6r vi av oss till dig!\u00a0<\/p>\t\t\t\t\t\t\t\t<\/div>\n\t\t\t\t<div class=\"elementor-element elementor-element-990d7ce elementor-widget elementor-widget-text-editor\" data-id=\"990d7ce\" data-element_type=\"widget\" data-e-type=\"widget\" data-widget_type=\"text-editor.default\">\n\t\t\t\t\t\t\t\t\t<p><i class=\"fa-solid fa-arrow-right-long\"><\/i> \u00a0 G\u00e4ller det f\u00f6r supportf\u00f6rfr\u00e5gningar: <a href=\"mailto:support@techspace.no\">support@techspace.no<\/a><\/p><p><i class=\"fa-solid fa-arrow-right-long\"><\/i> \u00a0 Har du ett p\u00e5g\u00e5ende projekt med oss? <a href=\"mailto:project@techspace.no\">project@techspace.no<\/a><\/p><p><i class=\"fa-solid fa-arrow-right-long\"><\/i> \u00a0 G\u00e4ller fr\u00e5gor om fakturor\/kontrakt: <a href=\"mailto:legal@techspace.no\">legal@techspace.no<\/a><\/p>\t\t\t\t\t\t\t\t<\/div>\n\t\t\t\t<\/div>\n\t\t<div class=\"elementor-element elementor-element-3be114a e-con-full e-flex e-con e-child\" data-id=\"3be114a\" data-element_type=\"container\" data-e-type=\"container\">\n\t\t\t\t<div class=\"elementor-element elementor-element-11a23c1 elementor-widget elementor-widget-heading\" data-id=\"11a23c1\" data-element_type=\"widget\" data-e-type=\"widget\" data-widget_type=\"heading.default\">\n\t\t\t\t\t<h2 class=\"elementor-heading-title elementor-size-default\">Anv\u00e4ndbara l\u00e4nkar<\/h2>\t\t\t\t<\/div>\n\t\t\t\t<div class=\"elementor-element elementor-element-db7a7b5 elementor-icon-list--layout-traditional elementor-list-item-link-full_width elementor-widget elementor-widget-icon-list\" data-id=\"db7a7b5\" data-element_type=\"widget\" data-e-type=\"widget\" data-widget_type=\"icon-list.default\">\n\t\t\t\t\t\t\t<ul class=\"elementor-icon-list-items\">\n\t\t\t\t\t\t\t<li class=\"elementor-icon-list-item\">\n\t\t\t\t\t\t\t\t\t\t\t<a href=\"\/sv\/om-oss\/stod\/hjalp-sida\/#FAQS\">\n\n\t\t\t\t\t\t\t\t\t\t\t<span class=\"elementor-icon-list-text\">Vanliga fr\u00e5gor och svar<\/span>\n\t\t\t\t\t\t\t\t\t\t\t<\/a>\n\t\t\t\t\t\t\t\t\t<\/li>\n\t\t\t\t\t\t\t\t<li class=\"elementor-icon-list-item\">\n\t\t\t\t\t\t\t\t\t\t\t<a href=\"\/sv\/boka-ett-mote\/\">\n\n\t\t\t\t\t\t\t\t\t\t\t<span class=\"elementor-icon-list-text\">Boka tid f\u00f6r bes\u00f6k<\/span>\n\t\t\t\t\t\t\t\t\t\t\t<\/a>\n\t\t\t\t\t\t\t\t\t<\/li>\n\t\t\t\t\t\t\t\t<li class=\"elementor-icon-list-item\">\n\t\t\t\t\t\t\t\t\t\t\t<a href=\"\/sv\/om-oss\/stod\/hjalp-sida\/#Mono-nettside\">\n\n\t\t\t\t\t\t\t\t\t\t\t<span class=\"elementor-icon-list-text\">Fr\u00e5gor om mono webbsidor<\/span>\n\t\t\t\t\t\t\t\t\t\t\t<\/a>\n\t\t\t\t\t\t\t\t\t<\/li>\n\t\t\t\t\t\t\t\t<li class=\"elementor-icon-list-item\">\n\t\t\t\t\t\t\t\t\t\t\t<a href=\"\/sv\/om-oss\/stod\/hjalp-sida\/#prosesser\">\n\n\t\t\t\t\t\t\t\t\t\t\t<span class=\"elementor-icon-list-text\">Processer och deadlines<\/span>\n\t\t\t\t\t\t\t\t\t\t\t<\/a>\n\t\t\t\t\t\t\t\t\t<\/li>\n\t\t\t\t\t\t\t\t<li class=\"elementor-icon-list-item\">\n\t\t\t\t\t\t\t\t\t\t\t<a href=\"\/sv\/om-oss\/villkor-och-bestammelser\/\">\n\n\t\t\t\t\t\t\t\t\t\t\t<span class=\"elementor-icon-list-text\">Villkor och anvisningar<\/span>\n\t\t\t\t\t\t\t\t\t\t\t<\/a>\n\t\t\t\t\t\t\t\t\t<\/li>\n\t\t\t\t\t\t<\/ul>\n\t\t\t\t\t\t<\/div>\n\t\t\t\t<\/div>\n\t\t\t\t<\/div>\n\t\t\t\t<div class=\"elementor-element elementor-element-8afdeed elementor-widget elementor-widget-html\" data-id=\"8afdeed\" data-element_type=\"widget\" data-e-type=\"widget\" data-widget_type=\"html.default\">\n\t\t\t\t\t<!--<style>-->\n<!--    h2 {-->\n<!--  font-size: clamp(1.4rem, 2.5vw + 0.5rem, 2rem) !important;-->\n<!--}-->\n\n<!--h3 {-->\n<!--  font-size: clamp(1.1rem, 2vw + 0.3rem, 1.5rem)!important;-->\n<!--}-->\n\n<!--<\/style>-->\t\t\t\t<\/div>\n\t\t\t\t<div class=\"elementor-element elementor-element-1104e40 elementor-widget elementor-widget-spacer\" data-id=\"1104e40\" data-element_type=\"widget\" data-e-type=\"widget\" data-widget_type=\"spacer.default\">\n\t\t\t\t\t\t\t<div class=\"elementor-spacer\">\n\t\t\t<div class=\"elementor-spacer-inner\"><\/div>\n\t\t<\/div>\n\t\t\t\t\t\t<\/div>\n\t\t\t\t\t<\/div>\n\t\t\t\t<\/div>\n\t\t<div class=\"elementor-element elementor-element-f0ac2f4 elementor-hidden-desktop elementor-hidden-tablet elementor-hidden-mobile e-flex e-con-boxed e-con e-parent\" data-id=\"f0ac2f4\" data-element_type=\"container\" data-e-type=\"container\" data-settings=\"{&quot;background_background&quot;:&quot;classic&quot;}\">\n\t\t\t\t\t<div class=\"e-con-inner\">\n\t\t<div class=\"elementor-element elementor-element-28843a4 e-con-full e-flex e-con e-child\" data-id=\"28843a4\" data-element_type=\"container\" data-e-type=\"container\">\n\t\t\t\t<div class=\"elementor-element elementor-element-77226c9 elementor-widget elementor-widget-text-editor\" data-id=\"77226c9\" data-element_type=\"widget\" data-e-type=\"widget\" data-widget_type=\"text-editor.default\">\n\t\t\t\t\t\t\t\t\t<p>Om du vill ha hj\u00e4lp eller assistans \u00e4r du v\u00e4lkommen att ringa oss p\u00e5<strong> <a href=\"tel:+4791925014\">919 25 014<\/a>.<\/strong><\/p><p>\u00a0<\/p><p>Vi kan ocks\u00e5 hj\u00e4lpa till med f\u00f6r\u00e4ndringar av design, funktionalitet eller inneh\u00e5ll p\u00e5 din webbplats. Skicka oss en beskrivning av vad du vill ha s\u00e5 h\u00f6r vi av oss till dig!<\/p>\t\t\t\t\t\t\t\t<\/div>\n\t\t\t\t<div class=\"elementor-element elementor-element-4250404 elementor-widget elementor-widget-text-editor\" data-id=\"4250404\" data-element_type=\"widget\" data-e-type=\"widget\" data-widget_type=\"text-editor.default\">\n\t\t\t\t\t\t\t\t\t<p><i class=\"fa-solid fa-arrow-right-long\"><\/i> \u00a0 G\u00e4ller det f\u00f6r supportf\u00f6rfr\u00e5gningar: <a href=\"mailto:support@techspace.no\">support@techspace.no<\/a><\/p><p><i class=\"fa-solid fa-arrow-right-long\"><\/i> \u00a0 Har du ett p\u00e5g\u00e5ende projekt med oss? <a href=\"mailto:project@techspace.no\">project@techspace.no<\/a><\/p><p><i class=\"fa-solid fa-arrow-right-long\"><\/i> \u00a0 G\u00e4ller fr\u00e5gor om fakturor\/kontrakt: <a href=\"mailto:legal@techspace.no\">legal@techspace.no<\/a><\/p>\t\t\t\t\t\t\t\t<\/div>\n\t\t\t\t<\/div>\n\t\t<div class=\"elementor-element elementor-element-79941ea e-con-full e-flex e-con e-child\" data-id=\"79941ea\" data-element_type=\"container\" data-e-type=\"container\" data-settings=\"{&quot;background_background&quot;:&quot;classic&quot;}\">\n\t\t\t\t<div class=\"elementor-element elementor-element-b292094 elementor-widget elementor-widget-heading\" data-id=\"b292094\" data-element_type=\"widget\" data-e-type=\"widget\" data-widget_type=\"heading.default\">\n\t\t\t\t\t<h2 class=\"elementor-heading-title elementor-size-default\">Anv\u00e4ndbara l\u00e4nkar<\/h2>\t\t\t\t<\/div>\n\t\t\t\t<div class=\"elementor-element elementor-element-cc75f40 elementor-icon-list--layout-traditional elementor-list-item-link-full_width elementor-widget elementor-widget-icon-list\" data-id=\"cc75f40\" data-element_type=\"widget\" data-e-type=\"widget\" data-widget_type=\"icon-list.default\">\n\t\t\t\t\t\t\t<ul class=\"elementor-icon-list-items\">\n\t\t\t\t\t\t\t<li class=\"elementor-icon-list-item\">\n\t\t\t\t\t\t\t\t\t\t\t<a href=\"\/sv\/stod\/hjalp-sida\/#FAQS\">\n\n\t\t\t\t\t\t\t\t\t\t\t<span class=\"elementor-icon-list-text\">Vanliga fr\u00e5gor och svar<\/span>\n\t\t\t\t\t\t\t\t\t\t\t<\/a>\n\t\t\t\t\t\t\t\t\t<\/li>\n\t\t\t\t\t\t\t\t<li class=\"elementor-icon-list-item\">\n\t\t\t\t\t\t\t\t\t\t\t<a href=\"\/sv\/boka-ett-mote\/\">\n\n\t\t\t\t\t\t\t\t\t\t\t<span class=\"elementor-icon-list-text\">Boka tid f\u00f6r bes\u00f6k<\/span>\n\t\t\t\t\t\t\t\t\t\t\t<\/a>\n\t\t\t\t\t\t\t\t\t<\/li>\n\t\t\t\t\t\t\t\t<li class=\"elementor-icon-list-item\">\n\t\t\t\t\t\t\t\t\t\t\t<a href=\"\/sv\/stod\/hjalp-sida\/#Mono-nettside\">\n\n\t\t\t\t\t\t\t\t\t\t\t<span class=\"elementor-icon-list-text\">Fr\u00e5gor om Monos webbplatser<\/span>\n\t\t\t\t\t\t\t\t\t\t\t<\/a>\n\t\t\t\t\t\t\t\t\t<\/li>\n\t\t\t\t\t\t\t\t<li class=\"elementor-icon-list-item\">\n\t\t\t\t\t\t\t\t\t\t\t<a href=\"\/sv\/stod\/hjalp-sida\/#prosesser\">\n\n\t\t\t\t\t\t\t\t\t\t\t<span class=\"elementor-icon-list-text\">Processer och deadlines<\/span>\n\t\t\t\t\t\t\t\t\t\t\t<\/a>\n\t\t\t\t\t\t\t\t\t<\/li>\n\t\t\t\t\t\t\t\t<li class=\"elementor-icon-list-item\">\n\t\t\t\t\t\t\t\t\t\t\t<a href=\"\/sv\/villkor-och-bestammelser\/\">\n\n\t\t\t\t\t\t\t\t\t\t\t<span class=\"elementor-icon-list-text\">Villkor och anvisningar<\/span>\n\t\t\t\t\t\t\t\t\t\t\t<\/a>\n\t\t\t\t\t\t\t\t\t<\/li>\n\t\t\t\t\t\t<\/ul>\n\t\t\t\t\t\t<\/div>\n\t\t\t\t<\/div>\n\t\t\t\t\t<\/div>\n\t\t\t\t<\/div>\n\t\t\t\t<\/div>","protected":false},"excerpt":{"rendered":"<p>Support Hvis du \u00f8nsker hjelp eller assistanse, er du velkommen til \u00e5 ringe oss p\u00e5 919 25 014. Vi hjelper ogs\u00e5 med endringer i design, funksjonalitet eller innhold p\u00e5 nettsiden din. Send oss en beskrivelse av hva du \u00f8nsker, s\u00e5 tar vi kontakt med deg!\u00a0 \u00a0 Gjelder det supporthenvendelser: support@techspace.no \u00a0 Har du et p\u00e5g\u00e5ende [&hellip;]<\/p>\n","protected":false},"author":4,"featured_media":0,"parent":2403,"menu_order":0,"comment_status":"closed","ping_status":"closed","template":"","meta":{"footnotes":"","_wp_rev_ctl_limit":""},"class_list":["post-3104","page","type-page","status-publish","hentry"],"_links":{"self":[{"href":"https:\/\/techspace.no\/sv\/wp-json\/wp\/v2\/pages\/3104","targetHints":{"allow":["GET"]}}],"collection":[{"href":"https:\/\/techspace.no\/sv\/wp-json\/wp\/v2\/pages"}],"about":[{"href":"https:\/\/techspace.no\/sv\/wp-json\/wp\/v2\/types\/page"}],"author":[{"embeddable":true,"href":"https:\/\/techspace.no\/sv\/wp-json\/wp\/v2\/users\/4"}],"replies":[{"embeddable":true,"href":"https:\/\/techspace.no\/sv\/wp-json\/wp\/v2\/comments?post=3104"}],"version-history":[{"count":0,"href":"https:\/\/techspace.no\/sv\/wp-json\/wp\/v2\/pages\/3104\/revisions"}],"up":[{"embeddable":true,"href":"https:\/\/techspace.no\/sv\/wp-json\/wp\/v2\/pages\/2403"}],"wp:attachment":[{"href":"https:\/\/techspace.no\/sv\/wp-json\/wp\/v2\/media?parent=3104"}],"curies":[{"name":"wp","href":"https:\/\/api.w.org\/{rel}","templated":true}]}}