{"id":2411,"date":"2025-05-08T08:56:53","date_gmt":"2025-05-08T08:56:53","guid":{"rendered":"https:\/\/techspace.no\/contact-us\/"},"modified":"2026-03-18T09:59:14","modified_gmt":"2026-03-18T09:59:14","slug":"kontakta-oss","status":"publish","type":"page","link":"https:\/\/techspace.no\/sv\/kontakt-oss\/","title":{"rendered":"Kontakta oss"},"content":{"rendered":"<div data-elementor-type=\"wp-page\" data-elementor-id=\"2411\" class=\"elementor elementor-2411\" data-elementor-post-type=\"page\">\n\t\t\t\t<div class=\"elementor-element elementor-element-af53966 e-flex e-con-boxed e-con e-parent\" data-id=\"af53966\" data-element_type=\"container\" data-e-type=\"container\">\n\t\t\t\t\t<div class=\"e-con-inner\">\n\t\t<div class=\"elementor-element elementor-element-60e93c2e e-con-full e-flex e-con e-child\" data-id=\"60e93c2e\" data-element_type=\"container\" data-e-type=\"container\" data-settings=\"{&quot;animation&quot;:&quot;none&quot;}\">\n\t\t\t\t<div class=\"elementor-element elementor-element-7c98f80c elementor-widget elementor-widget-image\" data-id=\"7c98f80c\" data-element_type=\"widget\" data-e-type=\"widget\" data-widget_type=\"image.default\">\n\t\t\t\t\t\t\t\t\t\t\t\t\t\t\t<img fetchpriority=\"high\" decoding=\"async\" width=\"2048\" height=\"1152\" src=\"https:\/\/techspace.no\/wp-content\/uploads\/2025\/10\/contact-us-customer-support-hotline-people-connect-businessman-using-mobile-phone-using-hand-touching-virtual-icons-call-phone-email-address-live-chat-customer-service-call-center-1-copy-2048x1152.jpg\" class=\"attachment-2048x2048 size-2048x2048 wp-image-7820\" alt=\"\" srcset=\"https:\/\/techspace.no\/wp-content\/uploads\/2025\/10\/contact-us-customer-support-hotline-people-connect-businessman-using-mobile-phone-using-hand-touching-virtual-icons-call-phone-email-address-live-chat-customer-service-call-center-1-copy-2048x1152.jpg 2048w, https:\/\/techspace.no\/wp-content\/uploads\/2025\/10\/contact-us-customer-support-hotline-people-connect-businessman-using-mobile-phone-using-hand-touching-virtual-icons-call-phone-email-address-live-chat-customer-service-call-center-1-copy-300x169.jpg 300w, https:\/\/techspace.no\/wp-content\/uploads\/2025\/10\/contact-us-customer-support-hotline-people-connect-businessman-using-mobile-phone-using-hand-touching-virtual-icons-call-phone-email-address-live-chat-customer-service-call-center-1-copy-1024x576.jpg 1024w, https:\/\/techspace.no\/wp-content\/uploads\/2025\/10\/contact-us-customer-support-hotline-people-connect-businessman-using-mobile-phone-using-hand-touching-virtual-icons-call-phone-email-address-live-chat-customer-service-call-center-1-copy-768x432.jpg 768w, https:\/\/techspace.no\/wp-content\/uploads\/2025\/10\/contact-us-customer-support-hotline-people-connect-businessman-using-mobile-phone-using-hand-touching-virtual-icons-call-phone-email-address-live-chat-customer-service-call-center-1-copy-1536x864.jpg 1536w\" sizes=\"(max-width: 2048px) 100vw, 2048px\" \/>\t\t\t\t\t\t\t\t\t\t\t\t\t\t\t<\/div>\n\t\t\t\t<\/div>\n\t\t\t\t\t<\/div>\n\t\t\t\t<\/div>\n\t\t<div class=\"elementor-element elementor-element-69a0a04 e-flex e-con-boxed e-con e-parent\" data-id=\"69a0a04\" data-element_type=\"container\" data-e-type=\"container\">\n\t\t\t\t\t<div class=\"e-con-inner\">\n\t\t\t\t<div class=\"elementor-element elementor-element-f3cd258 elementor-widget elementor-widget-heading\" data-id=\"f3cd258\" data-element_type=\"widget\" data-e-type=\"widget\" data-widget_type=\"heading.default\">\n\t\t\t\t\t<div class=\"elementor-heading-title elementor-size-default\">Ta kontakt med oss\n<\/div>\t\t\t\t<\/div>\n\t\t\t\t<div class=\"elementor-element elementor-element-ab72b6e elementor-widget-mobile__width-inherit elementor-widget__width-inherit elementor-widget elementor-widget-heading\" data-id=\"ab72b6e\" data-element_type=\"widget\" data-e-type=\"widget\" data-widget_type=\"heading.default\">\n\t\t\t\t\t<h1 class=\"elementor-heading-title elementor-size-default\">Kontakta oss<\/h1>\t\t\t\t<\/div>\n\t\t\t\t<div class=\"elementor-element elementor-element-0939a84 elementor-widget elementor-widget-text-editor\" data-id=\"0939a84\" data-element_type=\"widget\" data-e-type=\"widget\" data-widget_type=\"text-editor.default\">\n\t\t\t\t\t\t\t\t\t<p>Vi finns h\u00e4r f\u00f6r att hj\u00e4lpa dig att lansera, ut\u00f6ka eller f\u00f6rb\u00e4ttra din digitala n\u00e4rvaro. Ber\u00e4tta vad du beh\u00f6ver s\u00e5 tar vi det d\u00e4rifr\u00e5n.<\/p>\t\t\t\t\t\t\t\t<\/div>\n\t\t\t\t\t<\/div>\n\t\t\t\t<\/div>\n\t\t<div class=\"elementor-element elementor-element-12952c52 e-flex e-con-boxed e-con e-parent\" data-id=\"12952c52\" data-element_type=\"container\" data-e-type=\"container\" id=\"kontakt-oss\">\n\t\t\t\t\t<div class=\"e-con-inner\">\n\t\t<div class=\"elementor-element elementor-element-1f88e820 e-con-full e-flex e-con e-child\" data-id=\"1f88e820\" data-element_type=\"container\" data-e-type=\"container\" data-settings=\"{&quot;background_background&quot;:&quot;classic&quot;}\">\n\t\t\t\t<div class=\"elementor-element elementor-element-40614f50 elementor-widget elementor-widget-heading\" data-id=\"40614f50\" data-element_type=\"widget\" data-e-type=\"widget\" data-widget_type=\"heading.default\">\n\t\t\t\t\t<h2 class=\"elementor-heading-title elementor-size-default\">L\u00e5t oss prata<\/h2>\t\t\t\t<\/div>\n\t\t\t\t<div class=\"elementor-element elementor-element-4b45b1aa elementor-widget elementor-widget-wp-widget-forminator_widget\" data-id=\"4b45b1aa\" data-element_type=\"widget\" data-e-type=\"widget\" data-widget_type=\"wp-widget-forminator_widget.default\">\n\t\t\t\t<div class=\"elementor-widget-container\">\n\t\t\t\t\t<div class=\"forminator-ui forminator-custom-form forminator-custom-form-4177 forminator-design--default  forminator_ajax\" data-forminator-render=\"0\" data-form=\"forminator-module-4177\" data-uid=\"69d112c413448\"><br\/><\/div><form\r\n\t\t\t\tid=\"forminator-module-4177\"\r\n\t\t\t\tclass=\"forminator-ui forminator-custom-form forminator-custom-form-4177 forminator-design--default  forminator_ajax\"\r\n\t\t\t\tmethod=\"post\"\r\n\t\t\t\tdata-forminator-render=\"0\"\r\n\t\t\t\tdata-form-id=\"4177\"\r\n\t\t\t\t data-color-option=\"theme\" data-design=\"default\" data-grid=\"open\" style=\"display: none;\"\r\n\t\t\t\tdata-uid=\"69d112c413448\" action=\"\"\r\n\t\t\t><div role=\"alert\" aria-live=\"polite\" class=\"forminator-response-message forminator-error\" aria-hidden=\"true\"><\/div><div class=\"forminator-row\"><div id=\"name-1\" class=\"forminator-field-name forminator-col forminator-col-6\"><div class=\"forminator-field\"><label for=\"forminator-field-name-1_69d112c413448\" id=\"forminator-field-name-1_69d112c413448-label\" class=\"forminator-label\">F\u00f6rnamn <span class=\"forminator-required\">*<\/span><\/label><input type=\"text\" name=\"name-1\" value=\"\" placeholder=\"Ole\" id=\"forminator-field-name-1_69d112c413448\" class=\"forminator-input forminator-name--field\" aria-required=\"true\" autocomplete=\"name\" \/><\/div><\/div><div id=\"phone-1\" class=\"forminator-field-phone forminator-col forminator-col-6\"><div class=\"forminator-field\"><label for=\"forminator-field-phone-1_69d112c413448\" id=\"forminator-field-phone-1_69d112c413448-label\" class=\"forminator-label\">Telefonnummer <span class=\"forminator-required\">*<\/span><\/label><input type=\"text\" name=\"phone-1\" value=\"\" placeholder=\"+47 XXXXXXXX\" id=\"forminator-field-phone-1_69d112c413448\" class=\"forminator-input forminator-field--phone\" data-required=\"1\" aria-required=\"true\" autocomplete=\"off\" data-national_mode=\"disabled\" data-country=\"no\" data-validation=\"international\" \/><\/div><\/div><\/div><div class=\"forminator-row\"><div id=\"email-1\" class=\"forminator-field-email forminator-col forminator-col-6\"><div class=\"forminator-field\"><label for=\"forminator-field-email-1_69d112c413448\" id=\"forminator-field-email-1_69d112c413448-label\" class=\"forminator-label\">E-postadress <span class=\"forminator-required\">*<\/span><\/label><input type=\"email\" name=\"email-1\" value=\"\" placeholder=\"Ole@nordmann.no\" id=\"forminator-field-email-1_69d112c413448\" class=\"forminator-input forminator-email--field\" data-required=\"true\" aria-required=\"true\" autocomplete=\"email\" \/><\/div><\/div><div id=\"select-3\" class=\"forminator-field-select forminator-col forminator-col-6\"><div class=\"forminator-field\"><label for=\"forminator-form-4177__field--select-3_69d112c413448\" id=\"forminator-form-4177__field--select-3_69d112c413448-label\" class=\"forminator-label\">R\u00e4nta p\u00e5 tj\u00e4nst<\/label><select  id=\"forminator-form-4177__field--select-3_69d112c413448\" class=\"forminator-select--field forminator-select2 forminator-select2-multiple\" data-required=\"\" name=\"select-3\" data-default-value=\"\" data-hidden-behavior=\"zero\" data-placeholder=\"velg Tjeneste\" data-search=\"false\" data-search-placeholder=\"velg Tjeneste\" data-checkbox=\"false\" data-allow-clear=\"false\" aria-labelledby=\"forminator-form-4177__field--select-3_69d112c413448-label\"><option value=\"\"  >v\u00e4lj tj\u00e4nst<\/option><option value=\"one\"  data-calculation=\"0\">SEO-optimering<\/option><option value=\"two\"  data-calculation=\"0\">Marknadsf\u00f6ring i sociala medier<\/option><option value=\"Web-Development\"  data-calculation=\"0\">Betalda annonser (Google och Meta Ads)<\/option><option value=\"E-commerce\"  data-calculation=\"0\">Marknadsf\u00f6ring av inneh\u00e5ll<\/option><option value=\"E-postmarkedsf\u00f8ring\"  data-calculation=\"0\">E-postmarknadsf\u00f6ring<\/option><option value=\"Tilpasset-nettstedsutvikling\"  data-calculation=\"0\">Skr\u00e4ddarsydd utveckling av webbplatser<\/option><option value=\"E-handelsl\u00f8sninger\"  data-calculation=\"0\">L\u00f6sningar f\u00f6r e-handel<\/option><option value=\"WordPress-utvikling\"  data-calculation=\"0\">WordPress-utveckling<\/option><option value=\"UI-UX-design\"  data-calculation=\"0\">UI\/UX-design<\/option><option value=\"Vedlikehold-og-support-av-nettsteder-Hostingtjenester\"  data-calculation=\"0\">Underh\u00e5ll och support av webbplats Hosting-tj\u00e4nster<\/option><\/select><\/div><\/div><\/div><div class=\"forminator-row\"><div id=\"url-1\" class=\"forminator-field-url forminator-col forminator-col-12\"><div class=\"forminator-field\"><label for=\"forminator-field-url-1_69d112c413448\" id=\"forminator-field-url-1_69d112c413448-label\" class=\"forminator-label\">Webbplats<\/label><input type=\"url\" name=\"url-1\" value=\"\" placeholder=\"Ange din webbadress\" id=\"forminator-field-url-1_69d112c413448\" class=\"forminator-input forminator-website--field\" data-required=\"\" aria-required=\"false\" \/><\/div><\/div><\/div><div class=\"forminator-row\"><div id=\"textarea-1\" class=\"forminator-field-textarea forminator-col forminator-col-12\"><div class=\"forminator-field\"><label for=\"forminator-field-textarea-1_69d112c413448\" id=\"forminator-field-textarea-1_69d112c413448-label\" class=\"forminator-label\">Anm\u00e4lan<\/label><textarea name=\"textarea-1\" placeholder=\"Skriv in ditt meddelande h\u00e4r...\" id=\"forminator-field-textarea-1_69d112c413448\" class=\"forminator-textarea\" rows=\"6\" style=\"min-height:140px;\" ><\/textarea><\/div><\/div><\/div><div class=\"forminator-row\"><div id=\"captcha-1\" class=\"forminator-field-captcha forminator-col forminator-col-12\"><div class=\"forminator-captcha-left forminator-g-recaptcha\" data-theme=\"light\"  data-sitekey=\"6Lclx44rAAAAADctn-SflQkX1hMss31m7Asdef9k\" data-size=\"normal\"><\/div> <\/div><\/div><input type=\"hidden\" name=\"referer_url\" value=\"\" \/><div class=\"forminator-row forminator-row-last\"><div class=\"forminator-col\"><div class=\"forminator-field\"><button class=\"forminator-button forminator-button-submit\">Skicka in din ans\u00f6kan<\/button><\/div><\/div><\/div><input type=\"hidden\" id=\"forminator_nonce\" name=\"forminator_nonce\" value=\"b5d32597b8\" \/><input type=\"hidden\" name=\"_wp_http_referer\" value=\"\/sv\/wp-json\/wp\/v2\/pages\/2411\" \/><input type=\"hidden\" name=\"form_id\" value=\"4177\"><input type=\"hidden\" name=\"page_id\" value=\"2411\"><input type=\"hidden\" name=\"form_type\" value=\"default\"><input type=\"hidden\" name=\"current_url\" value=\"https:\/\/techspace.no\/sv\/kontakt-oss\/\"><input type=\"hidden\" name=\"render_id\" value=\"0\"><input type=\"hidden\" name=\"action\" value=\"forminator_submit_form_custom-forms\"><input type=\"hidden\" name=\"trp-form-language\" value=\"sv\"\/><\/form>\t\t\t\t<\/div>\n\t\t\t\t<\/div>\n\t\t\t\t<\/div>\n\t\t<div class=\"elementor-element elementor-element-7133c207 e-con-full e-flex e-con e-child\" data-id=\"7133c207\" data-element_type=\"container\" data-e-type=\"container\">\n\t\t\t\t<div class=\"elementor-element elementor-element-79a57a84 elementor-widget__width-initial elementor-widget-mobile__width-inherit ekit-equal-height-disable elementor-widget elementor-widget-elementskit-icon-box\" data-id=\"79a57a84\" data-element_type=\"widget\" data-e-type=\"widget\" data-widget_type=\"elementskit-icon-box.default\">\n\t\t\t\t\t<div class=\"ekit-wid-con\" >        <!-- link opening -->\n                <a href=\"tel:+4791925014\" class=\"ekit_global_links\">\n                <!-- end link opening -->\n\n        <div class=\"elementskit-infobox text- text-left icon-lef-right-aligin elementor-animation- media\">\n                    <div class=\"elementskit-box-header elementor-animation-\">\n                <div class=\"elementskit-info-box-icon  text-center\">\n                    <svg aria-hidden=\"true\" class=\"elementkit-infobox-icon e-font-icon-svg e-fas-phone-alt\" viewbox=\"0 0 512 512\" xmlns=\"http:\/\/www.w3.org\/2000\/svg\"><path d=\"M497.39 361.8l-112-48a24 24 0 0 0-28 6.9l-49.6 60.6A370.66 370.66 0 0 1 130.6 204.11l60.6-49.6a23.94 23.94 0 0 0 6.9-28l-48-112A24.16 24.16 0 0 0 122.6.61l-104 24A24 24 0 0 0 0 48c0 256.5 207.9 464 464 464a24 24 0 0 0 23.4-18.6l24-104a24.29 24.29 0 0 0-14.01-27.6z\"><\/path><\/svg>\n                <\/div>\n          <\/div>\n                        <div class=\"box-body\">\n                            <h3 class=\"elementskit-info-box-title\">\n                    Ring oss p\u00e5 telefon                <\/h3>\n                        \t\t  \t<p>+47 919 25 014<\/p>\n                                <\/div>\n        \n        \n                <\/div>\n                <\/a>\n        <\/div>\t\t\t\t<\/div>\n\t\t\t\t<div class=\"elementor-element elementor-element-4e5b2de elementor-widget__width-initial elementor-widget-mobile__width-inherit ekit-equal-height-disable elementor-widget elementor-widget-elementskit-icon-box\" data-id=\"4e5b2de\" data-element_type=\"widget\" data-e-type=\"widget\" data-widget_type=\"elementskit-icon-box.default\">\n\t\t\t\t\t<div class=\"ekit-wid-con\" >        <!-- link opening -->\n                <a href=\"mailto:post@techspace.no\" class=\"ekit_global_links\">\n                <!-- end link opening -->\n\n        <div class=\"elementskit-infobox text- text-left icon-lef-right-aligin elementor-animation- media\">\n                    <div class=\"elementskit-box-header elementor-animation-\">\n                <div class=\"elementskit-info-box-icon  text-center\">\n                    <svg aria-hidden=\"true\" class=\"elementkit-infobox-icon e-font-icon-svg e-fas-envelope\" viewbox=\"0 0 512 512\" xmlns=\"http:\/\/www.w3.org\/2000\/svg\"><path d=\"M502.3 190.8c3.9-3.1 9.7-.2 9.7 4.7V400c0 26.5-21.5 48-48 48H48c-26.5 0-48-21.5-48-48V195.6c0-5 5.7-7.8 9.7-4.7 22.4 17.4 52.1 39.5 154.1 113.6 21.1 15.4 56.7 47.8 92.2 47.6 35.7.3 72-32.8 92.3-47.6 102-74.1 131.6-96.3 154-113.7zM256 320c23.2.4 56.6-29.2 73.4-41.4 132.7-96.3 142.8-104.7 173.4-128.7 5.8-4.5 9.2-11.5 9.2-18.9v-19c0-26.5-21.5-48-48-48H48C21.5 64 0 85.5 0 112v19c0 7.4 3.4 14.3 9.2 18.9 30.6 23.9 40.7 32.4 173.4 128.7 16.8 12.2 50.2 41.8 73.4 41.4z\"><\/path><\/svg>\n                <\/div>\n          <\/div>\n                        <div class=\"box-body\">\n                            <h3 class=\"elementskit-info-box-title\">\n                    Skicka e-post till oss                 <\/h3>\n                        \t\t  \t<p>post@techspace.no<\/p>\n                                <\/div>\n        \n        \n                <\/div>\n                <\/a>\n        <\/div>\t\t\t\t<\/div>\n\t\t\t\t<div class=\"elementor-element elementor-element-58fba24c elementor-widget__width-initial elementor-widget-mobile__width-inherit ekit-equal-height-disable elementor-widget elementor-widget-elementskit-icon-box\" data-id=\"58fba24c\" data-element_type=\"widget\" data-e-type=\"widget\" data-widget_type=\"elementskit-icon-box.default\">\n\t\t\t\t\t<div class=\"ekit-wid-con\" >        <!-- link opening -->\n                <a href=\"https:\/\/maps.app.goo.gl\/GMcUyUnurCW6SHaq9\" class=\"ekit_global_links\" rel=\"nofollow noopener\" target=\"_blank\">\n                <!-- end link opening -->\n\n        <div class=\"elementskit-infobox text- text-left icon-lef-right-aligin elementor-animation- media\">\n                    <div class=\"elementskit-box-header elementor-animation-\">\n                <div class=\"elementskit-info-box-icon  text-center\">\n                    <svg aria-hidden=\"true\" class=\"elementkit-infobox-icon e-font-icon-svg e-fas-map-marker-alt\" viewbox=\"0 0 384 512\" xmlns=\"http:\/\/www.w3.org\/2000\/svg\"><path d=\"M172.268 501.67C26.97 291.031 0 269.413 0 192 0 85.961 85.961 0 192 0s192 85.961 192 192c0 77.413-26.97 99.031-172.268 309.67-9.535 13.774-29.93 13.773-39.464 0zM192 272c44.183 0 80-35.817 80-80s-35.817-80-80-80-80 35.817-80 80 35.817 80 80 80z\"><\/path><\/svg>\n                <\/div>\n          <\/div>\n                        <div class=\"box-body\">\n                            <h3 class=\"elementskit-info-box-title\">\n                    Kontorets adress                <\/h3>\n                        \t\t  \t<p>Karihaugveien 89, 1086 Oslo, Norge<\/p>\n                                <\/div>\n        \n        \n                <\/div>\n                <\/a>\n        <\/div>\t\t\t\t<\/div>\n\t\t\t\t<\/div>\n\t\t\t\t\t<\/div>\n\t\t\t\t<\/div>\n\t\t<div class=\"elementor-element elementor-element-2f806673 e-flex e-con-boxed e-con e-parent\" data-id=\"2f806673\" data-element_type=\"container\" data-e-type=\"container\">\n\t\t\t\t\t<div class=\"e-con-inner\">\n\t\t\t\t<div class=\"elementor-element elementor-element-43f04c5e elementor-widget elementor-widget-google_maps\" data-id=\"43f04c5e\" data-element_type=\"widget\" data-e-type=\"widget\" data-widget_type=\"google_maps.default\">\n\t\t\t\t\t\t\t<div class=\"elementor-custom-embed\">\n\t\t\t<iframe loading=\"lazy\"\n\t\t\t\t\tsrc=\"https:\/\/maps.google.com\/maps?q=Karihaugveien%2089%2C%201086%20Oslo%2C%20Norway&#038;t=m&#038;z=10&#038;output=embed&#038;iwloc=near\"\n\t\t\t\t\ttitle=\"Karihaugveien 89, 1086 Oslo, Norge\"\n\t\t\t\t\taria-label=\"Karihaugveien 89, 1086 Oslo, Norge\"\n\t\t\t><\/iframe>\n\t\t<\/div>\n\t\t\t\t\t\t<\/div>\n\t\t\t\t\t<\/div>\n\t\t\t\t<\/div>\n\t\t\t\t<\/div>","protected":false},"excerpt":{"rendered":"<p>Ta kontakt med oss Kontakt oss Vi er her for \u00e5 hjelpe deg med \u00e5 lansere, utvide eller forbedre din digitale tilstedev\u00e6relse. Fortell oss hva du trenger, s\u00e5 tar vi det derfra. La oss snakke Ring oss +47 919 25 014 E-post oss post@techspace.no Kontor adresse Karihaugveien 89, 1086 Oslo, Norway<\/p>","protected":false},"author":4,"featured_media":0,"parent":0,"menu_order":0,"comment_status":"closed","ping_status":"closed","template":"","meta":{"footnotes":"","_wp_rev_ctl_limit":""},"class_list":["post-2411","page","type-page","status-publish","hentry"],"_links":{"self":[{"href":"https:\/\/techspace.no\/sv\/wp-json\/wp\/v2\/pages\/2411","targetHints":{"allow":["GET"]}}],"collection":[{"href":"https:\/\/techspace.no\/sv\/wp-json\/wp\/v2\/pages"}],"about":[{"href":"https:\/\/techspace.no\/sv\/wp-json\/wp\/v2\/types\/page"}],"author":[{"embeddable":true,"href":"https:\/\/techspace.no\/sv\/wp-json\/wp\/v2\/users\/4"}],"replies":[{"embeddable":true,"href":"https:\/\/techspace.no\/sv\/wp-json\/wp\/v2\/comments?post=2411"}],"version-history":[{"count":0,"href":"https:\/\/techspace.no\/sv\/wp-json\/wp\/v2\/pages\/2411\/revisions"}],"wp:attachment":[{"href":"https:\/\/techspace.no\/sv\/wp-json\/wp\/v2\/media?parent=2411"}],"curies":[{"name":"wp","href":"https:\/\/api.w.org\/{rel}","templated":true}]}}