{"id":2380,"date":"2025-05-08T08:56:49","date_gmt":"2025-05-08T08:56:49","guid":{"rendered":"https:\/\/techspace.no\/order-big-website\/"},"modified":"2026-03-28T11:43:17","modified_gmt":"2026-03-28T11:43:17","slug":"ga-til-nettstedet","status":"publish","type":"page","link":"https:\/\/techspace.no\/sv\/webutvikling-tjenester\/wordpress-nettlosninger\/ga-til-nettstedet\/","title":{"rendered":"Get Website"},"content":{"rendered":"\t\t<div data-elementor-type=\"wp-page\" data-elementor-id=\"2380\" class=\"elementor elementor-2380\" data-elementor-post-type=\"page\">\n\t\t\t\t<div class=\"elementor-element elementor-element-d68df30 e-flex e-con-boxed e-con e-parent\" data-id=\"d68df30\" data-element_type=\"container\" data-e-type=\"container\" data-settings=\"{&quot;background_background&quot;:&quot;classic&quot;}\">\n\t\t\t\t\t<div class=\"e-con-inner\">\n\t\t\t\t<div class=\"elementor-element elementor-element-59f4f23 elementor-widget__width-initial elementor-widget elementor-widget-heading\" data-id=\"59f4f23\" data-element_type=\"widget\" data-e-type=\"widget\" data-widget_type=\"heading.default\">\n\t\t\t\t\t<h1 class=\"elementor-heading-title elementor-size-default\">F\u00e5 ditt gratis tilbud n\u00e5<\/h1>\t\t\t\t<\/div>\n\t\t\t\t<div class=\"elementor-element elementor-element-567084e elementor-widget__width-initial elementor-widget elementor-widget-text-editor\" data-id=\"567084e\" data-element_type=\"widget\" data-e-type=\"widget\" data-widget_type=\"text-editor.default\">\n\t\t\t\t\t\t\t\t\t<p>Send oss informasjon om deg selv og din bedrift, s\u00e5 tar vi kontakt med deg!<\/p>\t\t\t\t\t\t\t\t<\/div>\n\t\t\t\t\t<\/div>\n\t\t\t\t<\/div>\n\t\t<div class=\"elementor-element elementor-element-363f11b0 e-flex e-con-boxed e-con e-parent\" data-id=\"363f11b0\" data-element_type=\"container\" data-e-type=\"container\" id=\"gratis_tilbud\">\n\t\t\t\t\t<div class=\"e-con-inner\">\n\t\t<div class=\"elementor-element elementor-element-30d46201 e-con-full e-flex e-con e-child\" data-id=\"30d46201\" data-element_type=\"container\" data-e-type=\"container\" data-settings=\"{&quot;background_background&quot;:&quot;classic&quot;}\">\n\t\t\t\t<div class=\"elementor-element elementor-element-fc3e58f elementor-widget elementor-widget-shortcode\" data-id=\"fc3e58f\" data-element_type=\"widget\" data-e-type=\"widget\" data-widget_type=\"shortcode.default\">\n\t\t\t\t\t\t\t<div class=\"elementor-shortcode\"><div class=\"forminator-ui forminator-custom-form forminator-custom-form-2469 forminator-design--default  forminator_ajax\" data-forminator-render=\"0\" data-form=\"forminator-module-2469\" data-uid=\"69d2bccc054bf\"><br\/><\/div><form\r\n\t\t\t\tid=\"forminator-module-2469\"\r\n\t\t\t\tclass=\"forminator-ui forminator-custom-form forminator-custom-form-2469 forminator-design--default  forminator_ajax\"\r\n\t\t\t\tmethod=\"post\"\r\n\t\t\t\tdata-forminator-render=\"0\"\r\n\t\t\t\tdata-form-id=\"2469\"\r\n\t\t\t\t data-color-option=\"theme\" data-design=\"default\" data-grid=\"open\" style=\"display: none;\"\r\n\t\t\t\tdata-uid=\"69d2bccc054bf\"\r\n\t\t\t><div role=\"alert\" aria-live=\"polite\" class=\"forminator-response-message forminator-error\" aria-hidden=\"true\"><\/div><div class=\"forminator-row\"><div id=\"name-1\" class=\"forminator-field-name forminator-col forminator-col-12 \"><div class=\"forminator-row forminator-no-margin\" data-multiple=\"true\"><div class=\"forminator-col forminator-col-md-6\"><div class=\"forminator-field\"><label for=\"forminator-field-first-name-1_69d2bccc054bf\" id=\"forminator-field-first-name-1_69d2bccc054bf-label\" class=\"forminator-label\">Fornavn <span class=\"forminator-required\">*<\/span><\/label><input type=\"text\" name=\"name-1-first-name\" placeholder=\"Ole\" id=\"forminator-field-first-name-1_69d2bccc054bf\" class=\"forminator-input\" aria-required=\"true\" data-multi=\"1\" autocomplete=\"given-name\" value=\"\" \/><\/div><\/div><div class=\"forminator-col forminator-col-md-6\"><div class=\"forminator-field\"><label for=\"forminator-field-last-name-1_69d2bccc054bf\" id=\"forminator-field-last-name-1_69d2bccc054bf-label\" class=\"forminator-label\">Etternavn <span class=\"forminator-required\">*<\/span><\/label><input type=\"text\" name=\"name-1-last-name\" placeholder=\"Nordmann\" id=\"forminator-field-last-name-1_69d2bccc054bf\" class=\"forminator-input\" aria-required=\"true\" data-multi=\"1\" autocomplete=\"family-name\" value=\"\" \/><\/div><\/div><\/div><\/div><\/div><div class=\"forminator-row\"><div id=\"text-1\" class=\"forminator-field-text forminator-col forminator-col-6 \"><div class=\"forminator-field\"><label for=\"forminator-field-text-1_69d2bccc054bf\" id=\"forminator-field-text-1_69d2bccc054bf-label\" class=\"forminator-label\">Bedrift <span class=\"forminator-required\">*<\/span><\/label><input type=\"text\" name=\"text-1\" value=\"\" placeholder=\"Hvilken organisasjon er du tilknyttet?\" id=\"forminator-field-text-1_69d2bccc054bf\" class=\"forminator-input forminator-name--field\" data-required=\"1\" \/><\/div><\/div><div id=\"text-2\" class=\"forminator-field-text forminator-col forminator-col-6 \"><div class=\"forminator-field\"><label for=\"forminator-field-text-2_69d2bccc054bf\" id=\"forminator-field-text-2_69d2bccc054bf-label\" class=\"forminator-label\">Organisasjonsnummer <span class=\"forminator-required\">*<\/span><\/label><input type=\"text\" name=\"text-2\" value=\"\" placeholder=\"Orgnr\" id=\"forminator-field-text-2_69d2bccc054bf\" class=\"forminator-input forminator-name--field\" data-required=\"1\" \/><\/div><\/div><\/div><div class=\"forminator-row\"><div id=\"email-1\" class=\"forminator-field-email forminator-col forminator-col-6 \"><div class=\"forminator-field\"><label for=\"forminator-field-email-1_69d2bccc054bf\" id=\"forminator-field-email-1_69d2bccc054bf-label\" class=\"forminator-label\">E-postadresse <span class=\"forminator-required\">*<\/span><\/label><input type=\"email\" name=\"email-1\" value=\"\" placeholder=\"ole@nordmann.no\" id=\"forminator-field-email-1_69d2bccc054bf\" class=\"forminator-input forminator-email--field\" data-required=\"true\" aria-required=\"true\" autocomplete=\"email\" \/><\/div><\/div><div id=\"phone-1\" class=\"forminator-field-phone forminator-col forminator-col-6 \"><div class=\"forminator-field\"><label for=\"forminator-field-phone-1_69d2bccc054bf\" id=\"forminator-field-phone-1_69d2bccc054bf-label\" class=\"forminator-label\">Telefonnummer <span class=\"forminator-required\">*<\/span><\/label><input type=\"text\" name=\"phone-1\" value=\"\" placeholder=\"+47 XXXXXXXX\" id=\"forminator-field-phone-1_69d2bccc054bf\" class=\"forminator-input forminator-field--phone\" data-required=\"1\" aria-required=\"true\" autocomplete=\"off\" data-national_mode=\"enabled\" data-country=\"no\" data-validation=\"standard\" \/><\/div><\/div><\/div><div class=\"forminator-row\"><div id=\"select-2\" class=\"forminator-field-select forminator-col forminator-col-6 \"><div class=\"forminator-field\"><label for=\"forminator-form-2469__field--select-2_69d2bccc054bf\" id=\"forminator-form-2469__field--select-2_69d2bccc054bf-label\" class=\"forminator-label\">Velg Pakke <span class=\"forminator-required\">*<\/span><\/label><select  id=\"forminator-form-2469__field--select-2_69d2bccc054bf\" class=\"forminator-select--field forminator-select2 forminator-select2-multiple\" data-required=\"1\" name=\"select-2\" data-default-value=\"\" data-hidden-behavior=\"zero\" data-placeholder=\"Velg Alternativ\" data-search=\"false\" data-search-placeholder=\"Velg Alternativ\" data-checkbox=\"false\" data-allow-clear=\"false\" aria-labelledby=\"forminator-form-2469__field--select-2_69d2bccc054bf-label\"><option value=\"\"  >Velg Alternativ<\/option><option value=\"startpakke\"  data-calculation=\"0\">Startpakke<\/option><option value=\"bsedriftslosning\"  data-calculation=\"0\">Bedriftsl\u00f8sning<\/option><option value=\"skreddersydd-utvikling\"  data-calculation=\"0\">Skreddersydd utvikling<\/option><\/select><\/div><\/div><div id=\"select-1\" class=\"forminator-field-select forminator-col forminator-col-6 \"><div class=\"forminator-field\"><label for=\"forminator-form-2469__field--select-1_69d2bccc054bf\" id=\"forminator-form-2469__field--select-1_69d2bccc054bf-label\" class=\"forminator-label\">Ytterligere Alternativer<\/label><select  id=\"forminator-form-2469__field--select-1_69d2bccc054bf\" class=\"forminator-select--field forminator-select2 forminator-select2-multiple\" data-required=\"\" name=\"select-1\" data-default-value=\"\" data-hidden-behavior=\"zero\" data-placeholder=\"Velg Alternativ\" data-search=\"false\" data-search-placeholder=\"Velg Alternativ\" data-checkbox=\"false\" data-allow-clear=\"false\" aria-labelledby=\"forminator-form-2469__field--select-1_69d2bccc054bf-label\"><option value=\"\"  >Velg Alternativ<\/option><option value=\"Google Business Profile\"  data-calculation=\"0\">Google Business Profile<\/option><\/select><\/div><\/div><\/div><div class=\"forminator-row\"><div id=\"textarea-1\" class=\"forminator-field-textarea forminator-col forminator-col-12 \"><div class=\"forminator-field\"><label for=\"forminator-field-textarea-1_69d2bccc054bf\" id=\"forminator-field-textarea-1_69d2bccc054bf-label\" class=\"forminator-label\">Beskjed<\/label><textarea name=\"textarea-1\" placeholder=\"Har du mer informasjon?\" id=\"forminator-field-textarea-1_69d2bccc054bf\" class=\"forminator-textarea\" rows=\"6\" style=\"min-height:140px;\" ><\/textarea><\/div><\/div><\/div><div class=\"forminator-row\"><div id=\"captcha-1\" class=\"forminator-field-captcha forminator-col forminator-col-12 \"><div class=\"forminator-captcha-left forminator-g-recaptcha\" data-theme=\"light\"  data-sitekey=\"6Lclx44rAAAAADctn-SflQkX1hMss31m7Asdef9k\" data-size=\"normal\"><\/div> <\/div><\/div><input type=\"hidden\" name=\"referer_url\" value=\"\" \/><div class=\"forminator-row forminator-row-last\"><div class=\"forminator-col\"><div class=\"forminator-field\"><button class=\"forminator-button forminator-button-submit\">Send Foresp&oslash;rsel<\/button><\/div><\/div><\/div><input type=\"hidden\" id=\"forminator_nonce\" name=\"forminator_nonce\" value=\"ed4f7ad5fa\" \/><input type=\"hidden\" name=\"_wp_http_referer\" value=\"\/sv\/wp-json\/wp\/v2\/pages\/2380\" \/><input type=\"hidden\" name=\"form_id\" value=\"2469\"><input type=\"hidden\" name=\"page_id\" value=\"2380\"><input type=\"hidden\" name=\"form_type\" value=\"default\"><input type=\"hidden\" name=\"current_url\" value=\"https:\/\/techspace.no\/sv\/webutvikling-tjenester\/wordpress-nettlosninger\/ga-til-nettstedet\/\"><input type=\"hidden\" name=\"render_id\" value=\"0\"><input type=\"hidden\" name=\"action\" value=\"forminator_submit_form_custom-forms\"><\/form><\/div>\n\t\t\t\t\t\t<\/div>\n\t\t\t\t<\/div>\n\t\t<div class=\"elementor-element elementor-element-2d3eaf3 e-con-full e-flex e-con e-child\" data-id=\"2d3eaf3\" data-element_type=\"container\" data-e-type=\"container\" data-settings=\"{&quot;background_background&quot;:&quot;classic&quot;}\">\n\t\t<div class=\"elementor-element elementor-element-031e24b e-con-full e-flex e-con e-child\" data-id=\"031e24b\" data-element_type=\"container\" data-e-type=\"container\" data-settings=\"{&quot;background_background&quot;:&quot;classic&quot;,&quot;sticky&quot;:&quot;top&quot;,&quot;sticky_on&quot;:[&quot;desktop&quot;,&quot;mobile&quot;],&quot;sticky_offset&quot;:109,&quot;sticky_parent&quot;:&quot;yes&quot;,&quot;sticky_effects_offset&quot;:0,&quot;sticky_anchor_link_offset&quot;:0}\">\n\t\t\t\t<div class=\"elementor-element elementor-element-a7f1a0e elementor-widget__width-inherit elementor-widget elementor-widget-heading\" data-id=\"a7f1a0e\" data-element_type=\"widget\" data-e-type=\"widget\" data-widget_type=\"heading.default\">\n\t\t\t\t\t<h3 class=\"elementor-heading-title elementor-size-default\">Flere alternativer? La oss snakke sammen<\/h3>\t\t\t\t<\/div>\n\t\t\t\t<div class=\"elementor-element elementor-element-4ac19fd elementor-widget__width-inherit elementor-widget elementor-widget-text-editor\" data-id=\"4ac19fd\" data-element_type=\"widget\" data-e-type=\"widget\" data-widget_type=\"text-editor.default\">\n\t\t\t\t\t\t\t\t\t<p>\u00d8nsker du \u00e5 legge til flere alternativer til disse pakkene? Ta gjerne <span style=\"text-decoration: underline;\"><a href=\"\/kontakt-oss\/\">kontakt oss<\/a><\/span>, s\u00e5 avtaler vi et m\u00f8te for \u00e5 forst\u00e5 prosjektet ditt.<\/p>\t\t\t\t\t\t\t\t<\/div>\n\t\t\t\t<div class=\"elementor-element elementor-element-2d6e2ae elementor-widget__width-inherit elementor-widget elementor-widget-heading\" data-id=\"2d6e2ae\" data-element_type=\"widget\" data-e-type=\"widget\" data-widget_type=\"heading.default\">\n\t\t\t\t\t<h5 class=\"elementor-heading-title elementor-size-default\">Planlegg din \u00f8kt i dag\n<\/h5>\t\t\t\t<\/div>\n\t\t\t\t<div class=\"elementor-element elementor-element-ff46ca0 elementor-widget__width-inherit elementor-widget elementor-widget-text-editor\" data-id=\"ff46ca0\" data-element_type=\"widget\" data-e-type=\"widget\" data-widget_type=\"text-editor.default\">\n\t\t\t\t\t\t\t\t\t<p>La oss snakke om teknologi og vekst.<a href=\"https:\/\/techspace.no\/bestill-time\/\"> Bestill en time<\/a> med ekspertene v\u00e5re for \u00e5 kickstarte prosjektet ditt n\u00e5.<\/p>\t\t\t\t\t\t\t\t<\/div>\n\t\t\t\t<div class=\"elementor-element elementor-element-4979954 elementor-widget__width-inherit elementor-widget elementor-widget-heading\" data-id=\"4979954\" data-element_type=\"widget\" data-e-type=\"widget\" data-widget_type=\"heading.default\">\n\t\t\t\t\t<h2 class=\"elementor-heading-title elementor-size-default\">Tjenester vi tilbyr<\/h2>\t\t\t\t<\/div>\n\t\t\t\t<div class=\"elementor-element elementor-element-3ec1ba7 elementor-widget__width-inherit elementor-icon-list--layout-inline elementor-list-item-link-full_width elementor-widget elementor-widget-icon-list\" data-id=\"3ec1ba7\" data-element_type=\"widget\" data-e-type=\"widget\" data-widget_type=\"icon-list.default\">\n\t\t\t\t\t\t\t<ul class=\"elementor-icon-list-items elementor-inline-items\">\n\t\t\t\t\t\t\t<li class=\"elementor-icon-list-item elementor-inline-item\">\n\t\t\t\t\t\t\t\t\t\t\t<a href=\"\/digital-markedsforing-tjenester\/\">\n\n\t\t\t\t\t\t\t\t\t\t\t\t<span class=\"elementor-icon-list-icon\">\n\t\t\t\t\t\t\t<svg aria-hidden=\"true\" class=\"e-font-icon-svg e-fas-circle\" viewBox=\"0 0 512 512\" xmlns=\"http:\/\/www.w3.org\/2000\/svg\"><path d=\"M256 8C119 8 8 119 8 256s111 248 248 248 248-111 248-248S393 8 256 8z\"><\/path><\/svg>\t\t\t\t\t\t<\/span>\n\t\t\t\t\t\t\t\t\t\t<span class=\"elementor-icon-list-text\">Digitale markedsf\u00f8rings<\/span>\n\t\t\t\t\t\t\t\t\t\t\t<\/a>\n\t\t\t\t\t\t\t\t\t<\/li>\n\t\t\t\t\t\t\t\t<li class=\"elementor-icon-list-item elementor-inline-item\">\n\t\t\t\t\t\t\t\t\t\t\t<a href=\"\/digital-markedsforing-tjenester\/seo-tjenester-oslo\/\">\n\n\t\t\t\t\t\t\t\t\t\t\t\t<span class=\"elementor-icon-list-icon\">\n\t\t\t\t\t\t\t<svg aria-hidden=\"true\" class=\"e-font-icon-svg e-fas-circle\" viewBox=\"0 0 512 512\" xmlns=\"http:\/\/www.w3.org\/2000\/svg\"><path d=\"M256 8C119 8 8 119 8 256s111 248 248 248 248-111 248-248S393 8 256 8z\"><\/path><\/svg>\t\t\t\t\t\t<\/span>\n\t\t\t\t\t\t\t\t\t\t<span class=\"elementor-icon-list-text\">SEO-optimalisering<\/span>\n\t\t\t\t\t\t\t\t\t\t\t<\/a>\n\t\t\t\t\t\t\t\t\t<\/li>\n\t\t\t\t\t\t\t\t<li class=\"elementor-icon-list-item elementor-inline-item\">\n\t\t\t\t\t\t\t\t\t\t\t<a href=\"\/digital-markedsforing-tjenester\/google-annonser-oslo\/\">\n\n\t\t\t\t\t\t\t\t\t\t\t\t<span class=\"elementor-icon-list-icon\">\n\t\t\t\t\t\t\t<svg aria-hidden=\"true\" class=\"e-font-icon-svg e-fas-circle\" viewBox=\"0 0 512 512\" xmlns=\"http:\/\/www.w3.org\/2000\/svg\"><path d=\"M256 8C119 8 8 119 8 256s111 248 248 248 248-111 248-248S393 8 256 8z\"><\/path><\/svg>\t\t\t\t\t\t<\/span>\n\t\t\t\t\t\t\t\t\t\t<span class=\"elementor-icon-list-text\">Betalte annonser<\/span>\n\t\t\t\t\t\t\t\t\t\t\t<\/a>\n\t\t\t\t\t\t\t\t\t<\/li>\n\t\t\t\t\t\t\t\t<li class=\"elementor-icon-list-item elementor-inline-item\">\n\t\t\t\t\t\t\t\t\t\t\t<a href=\"\/webutvikling-tjenester\/\">\n\n\t\t\t\t\t\t\t\t\t\t\t\t<span class=\"elementor-icon-list-icon\">\n\t\t\t\t\t\t\t<svg aria-hidden=\"true\" class=\"e-font-icon-svg e-fas-circle\" viewBox=\"0 0 512 512\" xmlns=\"http:\/\/www.w3.org\/2000\/svg\"><path d=\"M256 8C119 8 8 119 8 256s111 248 248 248 248-111 248-248S393 8 256 8z\"><\/path><\/svg>\t\t\t\t\t\t<\/span>\n\t\t\t\t\t\t\t\t\t\t<span class=\"elementor-icon-list-text\">Webutvikling<\/span>\n\t\t\t\t\t\t\t\t\t\t\t<\/a>\n\t\t\t\t\t\t\t\t\t<\/li>\n\t\t\t\t\t\t\t\t<li class=\"elementor-icon-list-item elementor-inline-item\">\n\t\t\t\t\t\t\t\t\t\t\t<a href=\"\/webutvikling-tjenester\/wordpress-nettsideutvikling-oslo\/\">\n\n\t\t\t\t\t\t\t\t\t\t\t\t<span class=\"elementor-icon-list-icon\">\n\t\t\t\t\t\t\t<svg aria-hidden=\"true\" class=\"e-font-icon-svg e-fas-circle\" viewBox=\"0 0 512 512\" xmlns=\"http:\/\/www.w3.org\/2000\/svg\"><path d=\"M256 8C119 8 8 119 8 256s111 248 248 248 248-111 248-248S393 8 256 8z\"><\/path><\/svg>\t\t\t\t\t\t<\/span>\n\t\t\t\t\t\t\t\t\t\t<span class=\"elementor-icon-list-text\">WordPress-utvikling<\/span>\n\t\t\t\t\t\t\t\t\t\t\t<\/a>\n\t\t\t\t\t\t\t\t\t<\/li>\n\t\t\t\t\t\t\t\t<li class=\"elementor-icon-list-item elementor-inline-item\">\n\t\t\t\t\t\t\t\t\t\t\t<a href=\"\/webutvikling-tjenester\/ui-ux-design\/\">\n\n\t\t\t\t\t\t\t\t\t\t\t\t<span class=\"elementor-icon-list-icon\">\n\t\t\t\t\t\t\t<svg aria-hidden=\"true\" class=\"e-font-icon-svg e-fas-circle\" viewBox=\"0 0 512 512\" xmlns=\"http:\/\/www.w3.org\/2000\/svg\"><path d=\"M256 8C119 8 8 119 8 256s111 248 248 248 248-111 248-248S393 8 256 8z\"><\/path><\/svg>\t\t\t\t\t\t<\/span>\n\t\t\t\t\t\t\t\t\t\t<span class=\"elementor-icon-list-text\">UI\/UX-design<\/span>\n\t\t\t\t\t\t\t\t\t\t\t<\/a>\n\t\t\t\t\t\t\t\t\t<\/li>\n\t\t\t\t\t\t<\/ul>\n\t\t\t\t\t\t<\/div>\n\t\t\t\t<\/div>\n\t\t\t\t<\/div>\n\t\t\t\t\t<\/div>\n\t\t\t\t<\/div>\n\t\t\t\t<\/div>\n\t\t","protected":false},"excerpt":{"rendered":"<p>F\u00e5 ditt gratis tilbud n\u00e5 Send oss informasjon om deg selv og din bedrift, s\u00e5 tar vi kontakt med deg! Flere alternativer? La oss snakke sammen \u00d8nsker du \u00e5 legge til flere alternativer til disse pakkene? Ta gjerne kontakt oss, s\u00e5 avtaler vi et m\u00f8te for \u00e5 forst\u00e5 prosjektet ditt. Planlegg din \u00f8kt i dag [&hellip;]<\/p>\n","protected":false},"author":4,"featured_media":0,"parent":12320,"menu_order":0,"comment_status":"closed","ping_status":"closed","template":"","meta":{"footnotes":"","_wp_rev_ctl_limit":""},"class_list":["post-2380","page","type-page","status-publish","hentry"],"_links":{"self":[{"href":"https:\/\/techspace.no\/sv\/wp-json\/wp\/v2\/pages\/2380","targetHints":{"allow":["GET"]}}],"collection":[{"href":"https:\/\/techspace.no\/sv\/wp-json\/wp\/v2\/pages"}],"about":[{"href":"https:\/\/techspace.no\/sv\/wp-json\/wp\/v2\/types\/page"}],"author":[{"embeddable":true,"href":"https:\/\/techspace.no\/sv\/wp-json\/wp\/v2\/users\/4"}],"replies":[{"embeddable":true,"href":"https:\/\/techspace.no\/sv\/wp-json\/wp\/v2\/comments?post=2380"}],"version-history":[{"count":0,"href":"https:\/\/techspace.no\/sv\/wp-json\/wp\/v2\/pages\/2380\/revisions"}],"up":[{"embeddable":true,"href":"https:\/\/techspace.no\/sv\/wp-json\/wp\/v2\/pages\/12320"}],"wp:attachment":[{"href":"https:\/\/techspace.no\/sv\/wp-json\/wp\/v2\/media?parent=2380"}],"curies":[{"name":"wp","href":"https:\/\/api.w.org\/{rel}","templated":true}]}}