{"id":10536,"date":"2026-01-03T07:45:56","date_gmt":"2026-01-03T07:45:56","guid":{"rendered":"https:\/\/techspace.no\/?page_id=10536"},"modified":"2026-03-18T09:23:00","modified_gmt":"2026-03-18T09:23:00","slug":"fa-en-kostnadsfri-offert","status":"publish","type":"page","link":"https:\/\/techspace.no\/sv\/fa-et-gratis-tilbud\/","title":{"rendered":"F\u00e5 en kostnadsfri offert"},"content":{"rendered":"<div data-elementor-type=\"wp-page\" data-elementor-id=\"10536\" class=\"elementor elementor-10536\" data-elementor-post-type=\"page\">\n\t\t\t\t<div class=\"elementor-element elementor-element-9da9bd3 e-flex e-con-boxed e-con e-parent\" data-id=\"9da9bd3\" data-element_type=\"container\" data-e-type=\"container\">\n\t\t\t\t\t<div class=\"e-con-inner\">\n\t\t<div class=\"elementor-element elementor-element-116ff76 e-con-full e-flex e-con e-child\" data-id=\"116ff76\" data-element_type=\"container\" data-e-type=\"container\" data-settings=\"{&quot;background_background&quot;:&quot;classic&quot;}\">\n\t\t\t\t<div class=\"elementor-element elementor-element-0e8db3c elementor-widget elementor-widget-heading\" data-id=\"0e8db3c\" data-element_type=\"widget\" data-e-type=\"widget\" data-widget_type=\"heading.default\">\n\t\t\t\t\t<h1 class=\"elementor-heading-title elementor-size-default\">Ange dina kontaktuppgifter:<\/h1>\t\t\t\t<\/div>\n\t\t\t\t<div class=\"elementor-element elementor-element-004d606 elementor-widget__width-inherit elementor-widget elementor-widget-shortcode\" data-id=\"004d606\" data-element_type=\"widget\" data-e-type=\"widget\" data-widget_type=\"shortcode.default\">\n\t\t\t\t\t\t\t<div class=\"elementor-shortcode\"><div class=\"forminator-ui forminator-custom-form forminator-custom-form-10525 forminator-design--default  forminator_ajax\" data-forminator-render=\"0\" data-form=\"forminator-module-10525\" data-uid=\"69d112ca1ad5b\"><br\/><\/div><form\r\n\t\t\t\tid=\"forminator-module-10525\"\r\n\t\t\t\tclass=\"forminator-ui forminator-custom-form forminator-custom-form-10525 forminator-design--default  forminator_ajax\"\r\n\t\t\t\tmethod=\"post\"\r\n\t\t\t\tdata-forminator-render=\"0\"\r\n\t\t\t\tdata-form-id=\"10525\"\r\n\t\t\t\t data-color-option=\"theme\" data-design=\"default\" data-grid=\"open\" style=\"display: none;\"\r\n\t\t\t\tdata-uid=\"69d112ca1ad5b\" action=\"\"\r\n\t\t\t><div role=\"alert\" aria-live=\"polite\" class=\"forminator-response-message forminator-error\" aria-hidden=\"true\"><\/div><div class=\"forminator-row\"><div id=\"section-1\" class=\"forminator-field-section forminator-col forminator-col-12\"><div class=\"forminator-field\"><\/div><\/div><\/div><div class=\"forminator-row\"><div id=\"name-1\" class=\"forminator-field-name forminator-col forminator-col-12\"><div class=\"forminator-field\"><label for=\"forminator-field-name-1_69d112ca1ad5b\" id=\"forminator-field-name-1_69d112ca1ad5b-label\" class=\"forminator-label\">Fullst\u00e4ndigt namn <span class=\"forminator-required\">*<\/span><\/label><input type=\"text\" name=\"name-1\" value=\"\" placeholder=\"John Doe\" id=\"forminator-field-name-1_69d112ca1ad5b\" class=\"forminator-input forminator-name--field\" aria-required=\"true\" autocomplete=\"name\" \/><\/div><\/div><\/div><div class=\"forminator-row\"><div id=\"phone-1\" class=\"forminator-field-phone forminator-col forminator-col-12\"><div class=\"forminator-field\"><label for=\"forminator-field-phone-1_69d112ca1ad5b\" id=\"forminator-field-phone-1_69d112ca1ad5b-label\" class=\"forminator-label\">Telefonnummer <span class=\"forminator-required\">*<\/span><\/label><input type=\"text\" name=\"phone-1\" value=\"\" placeholder=\"XX XXX XX XX\" id=\"forminator-field-phone-1_69d112ca1ad5b\" class=\"forminator-input forminator-field--phone\" data-required=\"1\" aria-required=\"true\" autocomplete=\"off\" data-national_mode=\"disabled\" data-country=\"no\" data-validation=\"international\" \/><\/div><\/div><\/div><div class=\"forminator-row\"><div id=\"email-1\" class=\"forminator-field-email forminator-col forminator-col-12\"><div class=\"forminator-field\"><label for=\"forminator-field-email-1_69d112ca1ad5b\" id=\"forminator-field-email-1_69d112ca1ad5b-label\" class=\"forminator-label\">E-postadress <span class=\"forminator-required\">*<\/span><\/label><input type=\"email\" name=\"email-1\" value=\"\" placeholder=\"johndoe@example.com\" id=\"forminator-field-email-1_69d112ca1ad5b\" class=\"forminator-input forminator-email--field\" data-required=\"1\" aria-required=\"true\" autocomplete=\"email\" \/><\/div><\/div><\/div><div class=\"forminator-row forminator-hidden\"><div id=\"hidden-1\" class=\"forminator-field-hidden  forminator-col-12\"><input type=\"hidden\" id=\"hidden-1_69d112ca1ad5b\" name=\"hidden-1\" value=\"\" \/><\/div><\/div><div class=\"forminator-row\"><div id=\"text-1\" class=\"forminator-field-text forminator-col forminator-col-12\"><div class=\"forminator-field\"><label for=\"forminator-field-text-1_69d112ca1ad5b\" id=\"forminator-field-text-1_69d112ca1ad5b-label\" class=\"forminator-label\">F\u00f6retagets namn <span class=\"forminator-required\">*<\/span><\/label><input type=\"text\" name=\"text-1\" value=\"\" placeholder=\"\" id=\"forminator-field-text-1_69d112ca1ad5b\" class=\"forminator-input forminator-name--field\" data-required=\"1\" \/><\/div><\/div><\/div><div class=\"forminator-row\"><div id=\"section-4\" class=\"forminator-field-section forminator-col forminator-col-12\"><div class=\"forminator-field\"><h2 class=\"forminator-title\">Detaljer om webbplatsen<\/h2><\/div><\/div><\/div><div class=\"forminator-row\"><div id=\"radio-1\" class=\"forminator-field-radio forminator-col forminator-col-6  buttonized\"><div role=\"radiogroup\" class=\"forminator-field\" aria-labelledby=\"forminator-radiogroup-radio-1-69d112ca1ad5b-label\"><span id=\"forminator-radiogroup-radio-1-69d112ca1ad5b-label\" class=\"forminator-label\">Har du redan en webbplats? <span class=\"forminator-required\">*<\/span><\/span><label id=\"forminator-field-radio-1-label-1\" for=\"forminator-field-radio-1-1-69d112ca1ad5b\" class=\"forminator-radio forminator-radio-inline\" title=\"Ja\"><input type=\"radio\" name=\"radio-1\" value=\"Ja\" id=\"forminator-field-radio-1-1-69d112ca1ad5b\" aria-labelledby=\"forminator-field-radio-1-label-1\" data-calculation=\"0\"   data-hidden-behavior=\"zero\"\/><span class=\"forminator-radio-bullet\" aria-hidden=\"true\"><\/span><span class=\"forminator-radio-label\">Ja<\/span><\/label><label id=\"forminator-field-radio-1-label-2\" for=\"forminator-field-radio-1-2-69d112ca1ad5b\" class=\"forminator-radio forminator-radio-inline\" title=\"nej\"><input type=\"radio\" name=\"radio-1\" value=\"Nei\" id=\"forminator-field-radio-1-2-69d112ca1ad5b\" aria-labelledby=\"forminator-field-radio-1-label-2\" data-calculation=\"0\"   data-hidden-behavior=\"zero\"\/><span class=\"forminator-radio-bullet\" aria-hidden=\"true\"><\/span><span class=\"forminator-radio-label\">nej<\/span><\/label><\/div><\/div><div id=\"radio-2\" class=\"forminator-field-radio forminator-col forminator-col-6  buttonized\"><div role=\"radiogroup\" class=\"forminator-field\" aria-labelledby=\"forminator-radiogroup-radio-2-69d112ca1ad5b-label\"><span id=\"forminator-radiogroup-radio-2-69d112ca1ad5b-label\" class=\"forminator-label\">Hur br\u00e5dskande \u00e4r detta projekt? <span class=\"forminator-required\">*<\/span><\/span><label id=\"forminator-field-radio-2-label-1\" for=\"forminator-field-radio-2-1-69d112ca1ad5b\" class=\"forminator-radio forminator-radio-inline\" title=\"Mycket br\u00e5dskande\"><input type=\"radio\" name=\"radio-2\" value=\"Sv\u00e6rt presserende\" id=\"forminator-field-radio-2-1-69d112ca1ad5b\" aria-labelledby=\"forminator-field-radio-2-label-1\" data-calculation=\"0\"   data-hidden-behavior=\"zero\"\/><span class=\"forminator-radio-bullet\" aria-hidden=\"true\"><\/span><span class=\"forminator-radio-label\">Mycket br\u00e5dskande<\/span><\/label><label id=\"forminator-field-radio-2-label-2\" for=\"forminator-field-radio-2-2-69d112ca1ad5b\" class=\"forminator-radio forminator-radio-inline\" title=\"M\u00e5ttlig\"><input type=\"radio\" name=\"radio-2\" value=\"Moderat\" id=\"forminator-field-radio-2-2-69d112ca1ad5b\" aria-labelledby=\"forminator-field-radio-2-label-2\" data-calculation=\"0\"   data-hidden-behavior=\"zero\"\/><span class=\"forminator-radio-bullet\" aria-hidden=\"true\"><\/span><span class=\"forminator-radio-label\">M\u00e5ttlig<\/span><\/label><label id=\"forminator-field-radio-2-label-3\" for=\"forminator-field-radio-2-3-69d112ca1ad5b\" class=\"forminator-radio forminator-radio-inline\" title=\"Bara p\u00e5 uppt\u00e4cktsf\u00e4rd\"><input type=\"radio\" name=\"radio-2\" value=\"Bare utforskende\" id=\"forminator-field-radio-2-3-69d112ca1ad5b\" aria-labelledby=\"forminator-field-radio-2-label-3\" data-calculation=\"0\"   data-hidden-behavior=\"zero\"\/><span class=\"forminator-radio-bullet\" aria-hidden=\"true\"><\/span><span class=\"forminator-radio-label\">Bara p\u00e5 uppt\u00e4cktsf\u00e4rd<\/span><\/label><\/div><\/div><\/div><div class=\"forminator-row\"><div id=\"text-2\" class=\"forminator-field-text forminator-col forminator-col-12\"><div class=\"forminator-field\"><label for=\"forminator-field-text-2_69d112ca1ad5b\" id=\"forminator-field-text-2_69d112ca1ad5b-label\" class=\"forminator-label\">Befintlig webbplats UR <span class=\"forminator-required\">*<\/span><\/label><input type=\"text\" name=\"text-2\" value=\"\" placeholder=\"\" id=\"forminator-field-text-2_69d112ca1ad5b\" class=\"forminator-input forminator-name--field\" data-required=\"1\" \/><\/div><\/div><\/div><div class=\"forminator-row\"><div id=\"consent-1\" class=\"forminator-field-consent forminator-col forminator-col-12\"><div class=\"forminator-field\"><div class=\"forminator-checkbox__wrapper\"><label id=\"forminator-field-consent-1_69d112ca1ad5b__label\" class=\"forminator-checkbox forminator-consent\"><input type=\"checkbox\" name=\"consent-1\" id=\"forminator-field-consent-1_69d112ca1ad5b\" value=\"checked\" aria-labelledby=\"forminator-field-consent-1_69d112ca1ad5b-label\" aria-describedby=\"forminator-field-consent-1_69d112ca1ad5b__description\" data-required=\"true\" aria-required=\"true\" \/><span class=\"forminator-checkbox-box\" aria-hidden=\"true\"><\/span><\/label><div id=\"forminator-field-consent-1_69d112ca1ad5b__description\" class=\"forminator-checkbox__label forminator-consent__label\"><p>Ja, jag accepterar <a rel=\"noopener\" target=\"_blank\" href=\"\/sv\/om-oss\/villkor-och-bestammelser\/\">Villkor och best\u00e4mmelser<\/a> och v\u00e5ra <a href=\"\/sv\/sla-vilkar-og-betingelser\/\">SLA (villkor och best\u00e4mmelser)<\/a>.<\/p><\/div><\/div><\/div><\/div><\/div><div class=\"forminator-row\"><div id=\"captcha-1\" class=\"forminator-field-captcha forminator-col forminator-col-12\"><div class=\"forminator-captcha-left forminator-g-recaptcha\" data-theme=\"light\"  data-sitekey=\"6Lclx44rAAAAADctn-SflQkX1hMss31m7Asdef9k\" data-size=\"normal\"><\/div> <\/div><\/div><input type=\"hidden\" name=\"referer_url\" value=\"\" \/><div class=\"forminator-row forminator-row-last\"><div class=\"forminator-col\"><div class=\"forminator-field\"><button class=\"forminator-button forminator-button-submit\">F\u00e5 en kostnadsfri offert<\/button><\/div><\/div><\/div><input type=\"hidden\" id=\"forminator_nonce\" name=\"forminator_nonce\" value=\"b0221ba7f2\" \/><input type=\"hidden\" name=\"_wp_http_referer\" value=\"\/sv\/wp-json\/wp\/v2\/pages\/10536\" \/><input type=\"hidden\" name=\"form_id\" value=\"10525\"><input type=\"hidden\" name=\"page_id\" value=\"10536\"><input type=\"hidden\" name=\"form_type\" value=\"default\"><input type=\"hidden\" name=\"current_url\" value=\"https:\/\/techspace.no\/sv\/fa-et-gratis-tilbud\/\"><input type=\"hidden\" name=\"render_id\" value=\"0\"><input type=\"hidden\" name=\"action\" value=\"forminator_submit_form_custom-forms\"><input type=\"hidden\" name=\"trp-form-language\" value=\"sv\"\/><\/form><\/div>\n\t\t\t\t\t\t<\/div>\n\t\t\t\t<div class=\"elementor-element elementor-element-eb09159 elementor-widget elementor-widget-text-editor\" data-id=\"eb09159\" data-element_type=\"widget\" data-e-type=\"widget\" data-widget_type=\"text-editor.default\">\n\t\t\t\t\t\t\t\t\t<p>\u00c4r du nyfiken p\u00e5 vad vi kan g\u00f6ra? Ta en titt p\u00e5 v\u00e5ra <a href=\"\/sv\/referenser\/\">referensprojekt<\/a> f\u00f6r inspiration medan du v\u00e4ntar.<\/p>\t\t\t\t\t\t\t\t<\/div>\n\t\t\t\t<\/div>\n\t\t\t\t\t<\/div>\n\t\t\t\t<\/div>\n\t\t\t\t<\/div>","protected":false},"excerpt":{"rendered":"<p>Ange dina kontaktuppgifter: Nyfiken p\u00e5 vad vi kan g\u00f6ra? Ta en titt p\u00e5 v\u00e5ra referensprojekt f\u00f6r inspiration medan du v\u00e4ntar.<\/p>","protected":false},"author":1,"featured_media":0,"parent":0,"menu_order":0,"comment_status":"closed","ping_status":"closed","template":"","meta":{"footnotes":"","_wp_rev_ctl_limit":""},"class_list":["post-10536","page","type-page","status-publish","hentry"],"_links":{"self":[{"href":"https:\/\/techspace.no\/sv\/wp-json\/wp\/v2\/pages\/10536","targetHints":{"allow":["GET"]}}],"collection":[{"href":"https:\/\/techspace.no\/sv\/wp-json\/wp\/v2\/pages"}],"about":[{"href":"https:\/\/techspace.no\/sv\/wp-json\/wp\/v2\/types\/page"}],"author":[{"embeddable":true,"href":"https:\/\/techspace.no\/sv\/wp-json\/wp\/v2\/users\/1"}],"replies":[{"embeddable":true,"href":"https:\/\/techspace.no\/sv\/wp-json\/wp\/v2\/comments?post=10536"}],"version-history":[{"count":0,"href":"https:\/\/techspace.no\/sv\/wp-json\/wp\/v2\/pages\/10536\/revisions"}],"wp:attachment":[{"href":"https:\/\/techspace.no\/sv\/wp-json\/wp\/v2\/media?parent=10536"}],"curies":[{"name":"wp","href":"https:\/\/api.w.org\/{rel}","templated":true}]}}