{"id":8598,"date":"2025-10-21T11:18:00","date_gmt":"2025-10-21T11:18:00","guid":{"rendered":"https:\/\/stg.techspace.no\/?page_id=8598"},"modified":"2026-01-09T13:36:34","modified_gmt":"2026-01-09T13:36:34","slug":"markedsforing-pa-sociale-medier-2","status":"publish","type":"page","link":"https:\/\/techspace.no\/da\/digital-markedsforing-tjenester\/markedsforing-i-sosiale-medier\/","title":{"rendered":"Markedsf\u00f8ring p\u00e5 sociale medier"},"content":{"rendered":"<div data-elementor-type=\"wp-page\" data-elementor-id=\"8598\" class=\"elementor elementor-8598\" data-elementor-post-type=\"page\">\n\t\t\t\t<div class=\"elementor-element elementor-element-b4e98cd e-flex e-con-boxed e-con e-parent\" data-id=\"b4e98cd\" data-element_type=\"container\" data-e-type=\"container\" data-settings=\"{&quot;background_background&quot;:&quot;classic&quot;}\">\n\t\t\t\t\t<div class=\"e-con-inner\">\n\t\t\t\t<div class=\"elementor-element elementor-element-e3e4af7 elementor-widget__width-initial elementor-widget elementor-widget-heading\" data-id=\"e3e4af7\" data-element_type=\"widget\" data-e-type=\"widget\" data-widget_type=\"heading.default\">\n\t\t\t\t\t<h1 class=\"elementor-heading-title elementor-size-default\">Markedsf\u00f8ring p\u00e5 sociale medier i Norge\n<\/h1>\t\t\t\t<\/div>\n\t\t\t\t<div class=\"elementor-element elementor-element-1d0a8c9 elementor-widget__width-initial elementor-widget elementor-widget-text-editor\" data-id=\"1d0a8c9\" data-element_type=\"widget\" data-e-type=\"widget\" data-widget_type=\"text-editor.default\">\n\t\t\t\t\t\t\t\t\t<p>Udvid dit brand med m\u00e5lrettet markedsf\u00f8ring p\u00e5 sociale medier, der giver reelle resultater.<br \/>Hos Techspace skaber vi skr\u00e6ddersyede strategier for sociale medier til norske virksomheder - og hj\u00e6lper dig med at n\u00e5 det rigtige publikum, \u00f8ge engagementet og opn\u00e5 m\u00e5lbar v\u00e6kst.<\/p>\t\t\t\t\t\t\t\t<\/div>\n\t\t\t\t<div class=\"elementor-element elementor-element-4f31496 elementor-widget elementor-widget-button\" data-id=\"4f31496\" data-element_type=\"widget\" data-e-type=\"widget\" data-widget_type=\"button.default\">\n\t\t\t\t\t\t\t\t\t\t<a class=\"elementor-button elementor-button-link elementor-size-sm\" href=\"\/da\/kontakt-os\/#Contact-now\">\n\t\t\t\t\t\t<span class=\"elementor-button-content-wrapper\">\n\t\t\t\t\t\t\t\t\t<span class=\"elementor-button-text\">F\u00e5 et gratis tilbud<\/span>\n\t\t\t\t\t<\/span>\n\t\t\t\t\t<\/a>\n\t\t\t\t\t\t\t\t<\/div>\n\t\t\t\t\t<\/div>\n\t\t\t\t<\/div>\n\t\t<div class=\"elementor-element elementor-element-23a814e e-flex e-con-boxed e-con e-parent\" data-id=\"23a814e\" data-element_type=\"container\" data-e-type=\"container\">\n\t\t\t\t\t<div class=\"e-con-inner\">\n\t\t\t\t<div class=\"elementor-element elementor-element-68fad67 elementor-widget elementor-widget-heading\" data-id=\"68fad67\" data-element_type=\"widget\" data-e-type=\"widget\" data-widget_type=\"heading.default\">\n\t\t\t\t\t<h2 class=\"elementor-heading-title elementor-size-default\">Hvorfor har din norske virksomhed brug for en strategi for sociale medier?\n<\/h2>\t\t\t\t<\/div>\n\t\t\t\t<div class=\"elementor-element elementor-element-6a2c384 elementor-widget__width-initial elementor-widget-mobile__width-inherit elementor-widget elementor-widget-text-editor\" data-id=\"6a2c384\" data-element_type=\"widget\" data-e-type=\"widget\" data-widget_type=\"text-editor.default\">\n\t\t\t\t\t\t\t\t\t<p>Du kan ikke bare bruge gamle metoder til markedsf\u00f8ring p\u00e5 sociale medier i Norge. Det norske marked er unikt. Forbrugerne v\u00e6rds\u00e6tter gennemsigtighed med indhold af h\u00f8j kvalitet, billeder og lokal relevans.<\/p>\t\t\t\t\t\t\t\t<\/div>\n\t\t<div class=\"elementor-element elementor-element-e00e19c e-con-full e-flex e-con e-child\" data-id=\"e00e19c\" data-element_type=\"container\" data-e-type=\"container\">\n\t\t<div class=\"elementor-element elementor-element-7c8a25e e-con-full e-flex e-con e-child\" data-id=\"7c8a25e\" data-element_type=\"container\" data-e-type=\"container\" data-settings=\"{&quot;background_background&quot;:&quot;classic&quot;}\">\n\t\t\t\t<div class=\"elementor-element elementor-element-a685dc7 elementor-widget elementor-widget-icon-box\" data-id=\"a685dc7\" data-element_type=\"widget\" data-e-type=\"widget\" data-widget_type=\"icon-box.default\">\n\t\t\t\t\t\t\t<div class=\"elementor-icon-box-wrapper\">\n\n\t\t\t\n\t\t\t\t\t\t<div class=\"elementor-icon-box-content\">\n\n\t\t\t\t\t\t\t\t\t<h3 class=\"elementor-icon-box-title\">\n\t\t\t\t\t\t<span  >\n\t\t\t\t\t\t\tN\u00e5 ud til en v\u00e6rdifuld m\u00e5lgruppe\t\t\t\t\t\t<\/span>\n\t\t\t\t\t<\/h3>\n\t\t\t\t\n\t\t\t\t\t\t\t\t\t<p class=\"elementor-icon-box-description\">\n\t\t\t\t\t\tNordm\u00e6nd er meget fortrolige med digitale v\u00e6rkt\u00f8jer og har penge at bruge. Omkring 77,5 % af befolkningen er aktive p\u00e5 de sociale medier. Du skal kende deres lokale vaner for at skabe en st\u00e6rk forbindelse.\n\n\t\t\t\t\t<\/p>\n\t\t\t\t\n\t\t\t<\/div>\n\t\t\t\n\t\t<\/div>\n\t\t\t\t\t\t<\/div>\n\t\t\t\t<div class=\"elementor-element elementor-element-85c5edd elementor-widget elementor-widget-text-editor\" data-id=\"85c5edd\" data-element_type=\"widget\" data-e-type=\"widget\" data-widget_type=\"text-editor.default\">\n\t\t\t\t\t\t\t\t\t<ul><li><strong>Facebook<\/strong> er stadig den st\u00f8rste platform for potentielle kunder. Alle virksomheder er n\u00f8dt til at have en st\u00e6rk tilstedev\u00e6relse p\u00e5 Facebook p\u00e5 grund af det store marked. Det bidrager til bred annoncering og r\u00e6kkevidde.<\/li><li><strong>Pinterest<\/strong> og Instagram er effektive valg til at n\u00e5 ud til din m\u00e5lgruppe eller potentielle kunder gennem dit brands visuelle udtryk. Det vil forbinde dig med et bredere publikum.<\/li><li><strong>LinkedIn<\/strong> er ideel til B2B-relationer og professionel networking. Det passer perfekt til Norges st\u00e6rke forretningskultur.<\/li><li><strong>TikTok<\/strong> er en relativt ny platform, men den har en st\u00f8rre og bredere effekt. Du kan dele korte, interessante videoer<\/li><\/ul>\t\t\t\t\t\t\t\t<\/div>\n\t\t\t\t<\/div>\n\t\t<div class=\"elementor-element elementor-element-3f50dd4 e-con-full e-flex e-con e-child\" data-id=\"3f50dd4\" data-element_type=\"container\" data-e-type=\"container\" data-settings=\"{&quot;background_background&quot;:&quot;classic&quot;}\">\n\t\t\t\t<div class=\"elementor-element elementor-element-4ae76dd elementor-widget elementor-widget-icon-box\" data-id=\"4ae76dd\" data-element_type=\"widget\" data-e-type=\"widget\" data-widget_type=\"icon-box.default\">\n\t\t\t\t\t\t\t<div class=\"elementor-icon-box-wrapper\">\n\n\t\t\t\n\t\t\t\t\t\t<div class=\"elementor-icon-box-content\">\n\n\t\t\t\t\t\t\t\t\t<h3 class=\"elementor-icon-box-title\">\n\t\t\t\t\t\t<span  >\n\t\t\t\t\t\t\t Navigere i lokale love og regler for gennemsigtighed\t\t\t\t\t\t<\/span>\n\t\t\t\t\t<\/h3>\n\t\t\t\t\n\t\t\t\t\t\t\t\t\t<p class=\"elementor-icon-box-description\">\n\t\t\t\t\t\tNorge har nogle af verdens strengeste regler for reklame, is\u00e6r for sociale medier. Hvis du ikke f\u00f8lger disse regler, vil dit brands image lide skade.\n\t\t\t\t\t<\/p>\n\t\t\t\t\n\t\t\t<\/div>\n\t\t\t\n\t\t<\/div>\n\t\t\t\t\t\t<\/div>\n\t\t\t\t<div class=\"elementor-element elementor-element-ea3963d elementor-widget elementor-widget-text-editor\" data-id=\"ea3963d\" data-element_type=\"widget\" data-e-type=\"widget\" data-widget_type=\"text-editor.default\">\n\t\t\t\t\t\t\t\t\t<p>En vigtig regel er at v\u00e6re <strong>\u00c6rlig i reklamer<\/strong>:<\/p><p>\u00a0<\/p><ul><li><strong>Offentligg\u00f8relse af annoncer:<\/strong> Alle betalte opslag, ogs\u00e5 dem fra influencere, skal tydeligt m\u00e6rkes som \u00abreklame\u00bb eller \u00abmarkedsf\u00f8ring\u00bb.<\/li><li><strong>Lov om reparation af biler:<\/strong> Norge har en meget streng lov om billedredigering. Hvis du \u00e6ndrer en persons kropsform, st\u00f8rrelse eller hud, selv med et filter, skal du tilf\u00f8je et standardiseret officielt tag. Det g\u00e6lder b\u00e5de for virksomheder og betalte influencere.<\/li><\/ul>\t\t\t\t\t\t\t\t<\/div>\n\t\t\t\t<\/div>\n\t\t\t\t<div class=\"elementor-element elementor-element-685dad6 elementor-widget elementor-widget-text-editor\" data-id=\"685dad6\" data-element_type=\"widget\" data-e-type=\"widget\" data-widget_type=\"text-editor.default\">\n\t\t\t\t\t\t\t\t\t<p>Vi skaber dit indhold, s\u00e5 det passer til norske pr\u00e6ferencer. Vi fokuserer p\u00e5 at kommunikere klart og undg\u00e5 aggressive salgstaler, da lokale kunder ikke reagerer godt p\u00e5 dem.<\/p>\t\t\t\t\t\t\t\t<\/div>\n\t\t\t\t<\/div>\n\t\t\t\t\t<\/div>\n\t\t\t\t<\/div>\n\t\t<div class=\"elementor-element elementor-element-3a05c54 e-flex e-con-boxed e-con e-parent\" data-id=\"3a05c54\" data-element_type=\"container\" data-e-type=\"container\" data-settings=\"{&quot;background_background&quot;:&quot;classic&quot;}\">\n\t\t\t\t\t<div class=\"e-con-inner\">\n\t\t<div class=\"elementor-element elementor-element-3970bcb e-con-full e-flex e-con e-child\" data-id=\"3970bcb\" data-element_type=\"container\" data-e-type=\"container\">\n\t\t\t\t<div class=\"elementor-element elementor-element-c255e58 elementor-widget elementor-widget-heading\" data-id=\"c255e58\" data-element_type=\"widget\" data-e-type=\"widget\" data-widget_type=\"heading.default\">\n\t\t\t\t\t<h2 class=\"elementor-heading-title elementor-size-default\">Er du klar til at starte din succeshistorie p\u00e5 de sociale medier?\n<\/h2>\t\t\t\t<\/div>\n\t\t\t\t<div class=\"elementor-element elementor-element-12bebdd elementor-widget elementor-widget-text-editor\" data-id=\"12bebdd\" data-element_type=\"widget\" data-e-type=\"widget\" data-widget_type=\"text-editor.default\">\n\t\t\t\t\t\t\t\t\t<p>Du har et forretningsm\u00e6ssigt m\u00e5l. Techspace har viden om det norske marked og ekspertise inden for <strong>markedsf\u00f8ring p\u00e5 sociale medier<\/strong> <strong>medier<\/strong> der kan hj\u00e6lpe dig med at opn\u00e5 det. Hold op med at spilde tid p\u00e5 platforme, der ikke virker, og begynd at se reelle resultater af dine digitale initiativer.<br \/>Kontakt os i dag for en gratis konsultation. Vi er klar til at v\u00e6re den ekspertise inden for sociale medier, som din virksomhed har brug for i Norge.<\/p>\t\t\t\t\t\t\t\t<\/div>\n\t\t\t\t<div class=\"elementor-element elementor-element-50c6eb0 elementor-widget elementor-widget-button\" data-id=\"50c6eb0\" data-element_type=\"widget\" data-e-type=\"widget\" data-widget_type=\"button.default\">\n\t\t\t\t\t\t\t\t\t\t<a class=\"elementor-button elementor-button-link elementor-size-sm\" href=\"\/da\/fa-et-tilbud\/#gratis_tilbud\">\n\t\t\t\t\t\t<span class=\"elementor-button-content-wrapper\">\n\t\t\t\t\t\t\t\t\t<span class=\"elementor-button-text\">F\u00e5 en gratis konsultation<\/span>\n\t\t\t\t\t<\/span>\n\t\t\t\t\t<\/a>\n\t\t\t\t\t\t\t\t<\/div>\n\t\t\t\t<\/div>\n\t\t\t\t\t<\/div>\n\t\t\t\t<\/div>\n\t\t<div class=\"elementor-element elementor-element-cba69c0 e-flex e-con-boxed e-con e-parent\" data-id=\"cba69c0\" data-element_type=\"container\" data-e-type=\"container\">\n\t\t\t\t\t<div class=\"e-con-inner\">\n\t\t\t\t<div class=\"elementor-element elementor-element-1ec7a70 elementor-widget elementor-widget-heading\" data-id=\"1ec7a70\" data-element_type=\"widget\" data-e-type=\"widget\" data-widget_type=\"heading.default\">\n\t\t\t\t\t<h2 class=\"elementor-heading-title elementor-size-default\">Vores vigtigste tjenester inden for markedsf\u00f8ring p\u00e5 sociale medier\n<\/h2>\t\t\t\t<\/div>\n\t\t\t\t<div class=\"elementor-element elementor-element-2a8ffbf elementor-widget__width-initial elementor-widget-mobile__width-inherit elementor-widget elementor-widget-text-editor\" data-id=\"2a8ffbf\" data-element_type=\"widget\" data-e-type=\"widget\" data-widget_type=\"text-editor.default\">\n\t\t\t\t\t\t\t\t\t<p>Som din dedikerede social media manager h\u00e5ndterer Tech Space alle aspekter af din kampagne. Vi bruger en datadrevet tilgang og sporer l\u00f8bende resultaterne for at give dig det bedst mulige investeringsafkast (ROI).<\/p>\t\t\t\t\t\t\t\t<\/div>\n\t\t<div class=\"elementor-element elementor-element-0151d06 e-con-full e-flex e-con e-child\" data-id=\"0151d06\" data-element_type=\"container\" data-e-type=\"container\">\n\t\t<div class=\"elementor-element elementor-element-3bdba62 e-con-full e-flex e-con e-child\" data-id=\"3bdba62\" data-element_type=\"container\" data-e-type=\"container\" data-settings=\"{&quot;background_background&quot;:&quot;classic&quot;}\">\n\t\t\t\t<div class=\"elementor-element elementor-element-9775d15 elementor-widget elementor-widget-icon-box\" data-id=\"9775d15\" data-element_type=\"widget\" data-e-type=\"widget\" data-widget_type=\"icon-box.default\">\n\t\t\t\t\t\t\t<div class=\"elementor-icon-box-wrapper\">\n\n\t\t\t\n\t\t\t\t\t\t<div class=\"elementor-icon-box-content\">\n\n\t\t\t\t\t\t\t\t\t<h3 class=\"elementor-icon-box-title\">\n\t\t\t\t\t\t<span  >\n\t\t\t\t\t\t\tStrategi og planl\u00e6gning af sociale medier\t\t\t\t\t\t<\/span>\n\t\t\t\t\t<\/h3>\n\t\t\t\t\n\t\t\t\t\t\t\t\t\t<p class=\"elementor-icon-box-description\">\n\t\t\t\t\t\tVores eksperter s\u00e6tter sig ind i din virksomhed, dine m\u00e5l og din m\u00e5lgruppe. Derefter foretager vi en detaljeret gennemgang af din samlede onlinetilstedev\u00e6relse og dine konkurrenters tilstedev\u00e6relse i Norge. Derefter udarbejder vi en skr\u00e6ddersyet strategi for at opbygge et solidt fundament med de platforme og indholdss\u00f8jler, der passer bedst til dit brand.\t\t\t\t\t<\/p>\n\t\t\t\t\n\t\t\t<\/div>\n\t\t\t\n\t\t<\/div>\n\t\t\t\t\t\t<\/div>\n\t\t\t\t<\/div>\n\t\t<div class=\"elementor-element elementor-element-d0d6a4b e-con-full e-flex e-con e-child\" data-id=\"d0d6a4b\" data-element_type=\"container\" data-e-type=\"container\" data-settings=\"{&quot;background_background&quot;:&quot;classic&quot;}\">\n\t\t\t\t<div class=\"elementor-element elementor-element-5eb5006 elementor-widget elementor-widget-icon-box\" data-id=\"5eb5006\" data-element_type=\"widget\" data-e-type=\"widget\" data-widget_type=\"icon-box.default\">\n\t\t\t\t\t\t\t<div class=\"elementor-icon-box-wrapper\">\n\n\t\t\t\n\t\t\t\t\t\t<div class=\"elementor-icon-box-content\">\n\n\t\t\t\t\t\t\t\t\t<h3 class=\"elementor-icon-box-title\">\n\t\t\t\t\t\t<span  >\n\t\t\t\t\t\t\tLedelse og engagement i samfundet\t\t\t\t\t\t<\/span>\n\t\t\t\t\t<\/h3>\n\t\t\t\t\n\t\t\t\t\t\t\t\t\t<p class=\"elementor-icon-box-description\">\n\t\t\t\t\t\tSociale medier er en tovejskommunikationskanal. Vi h\u00e5ndterer dine kunders kommentarer, beskeder og anmeldelser med den lydh\u00f8rhed og omhu, som man forventer i Norge. Dette proaktive, kundefokuserede engagement er den form for aktivitet, der opbygger et loyalt f\u00e6llesskab omkring dit brand.\n\t\t\t\t\t<\/p>\n\t\t\t\t\n\t\t\t<\/div>\n\t\t\t\n\t\t<\/div>\n\t\t\t\t\t\t<\/div>\n\t\t\t\t<\/div>\n\t\t<div class=\"elementor-element elementor-element-f9d5f8e e-con-full e-flex e-con e-child\" data-id=\"f9d5f8e\" data-element_type=\"container\" data-e-type=\"container\" data-settings=\"{&quot;background_background&quot;:&quot;classic&quot;}\">\n\t\t\t\t<div class=\"elementor-element elementor-element-afb5593 elementor-widget elementor-widget-icon-box\" data-id=\"afb5593\" data-element_type=\"widget\" data-e-type=\"widget\" data-widget_type=\"icon-box.default\">\n\t\t\t\t\t\t\t<div class=\"elementor-icon-box-wrapper\">\n\n\t\t\t\n\t\t\t\t\t\t<div class=\"elementor-icon-box-content\">\n\n\t\t\t\t\t\t\t\t\t<h3 class=\"elementor-icon-box-title\">\n\t\t\t\t\t\t<span  >\n\t\t\t\t\t\t\tM\u00e5lrettet annoncering p\u00e5 sociale medier (betalte annoncer)\t\t\t\t\t\t<\/span>\n\t\t\t\t\t<\/h3>\n\t\t\t\t\n\t\t\t\t\t\t\t\t\t<p class=\"elementor-icon-box-description\">\n\t\t\t\t\t\tDen organiske r\u00e6kkevidde er begr\u00e6nset. Betalt annoncering giver de hurtigste resultater. Vores ekspertteam administrerer dit reklamebudget. Vi garanterer relevant r\u00e6kkevidde til h\u00f8jere m\u00e5lgruppesegmenter i Norge. Vi fokuserer p\u00e5:\t\t\t\t\t<\/p>\n\t\t\t\t\n\t\t\t<\/div>\n\t\t\t\n\t\t<\/div>\n\t\t\t\t\t\t<\/div>\n\t\t\t\t<div class=\"elementor-element elementor-element-6890767 elementor-widget elementor-widget-text-editor\" data-id=\"6890767\" data-element_type=\"widget\" data-e-type=\"widget\" data-widget_type=\"text-editor.default\">\n\t\t\t\t\t\t\t\t\t<ul><li><strong>Kampagner til generering af leads: <\/strong>Vi finder og forbinder dig med v\u00e6rdifulde kunder, som er klar til at k\u00f8be.<\/li><li><strong>E-handel:<\/strong> Vi hj\u00e6lper dig med at skabe st\u00e6rke produktlister og k\u00f8re kampagner med fokus p\u00e5 at \u00f8ge salget.<\/li><li><strong>Re-targeting:<\/strong> Vi bringer kunder tilbage, som har bes\u00f8gt din hjemmeside, men ikke k\u00f8bt noget.<\/li><\/ul><p>\u00a0<\/p><p>Vi h\u00e5ndterer alt fra den f\u00f8rste ops\u00e6tning og m\u00e5lgruppedefinition til daglig annonceoverv\u00e5gning og budgetjustering. Dette er kompleks internetmarkedsf\u00f8ring p\u00e5 sociale medier gjort enkelt for dig.<\/p>\t\t\t\t\t\t\t\t<\/div>\n\t\t\t\t<\/div>\n\t\t<div class=\"elementor-element elementor-element-8151c38 e-con-full e-flex e-con e-child\" data-id=\"8151c38\" data-element_type=\"container\" data-e-type=\"container\" data-settings=\"{&quot;background_background&quot;:&quot;classic&quot;}\">\n\t\t\t\t<div class=\"elementor-element elementor-element-350da9a elementor-widget elementor-widget-icon-box\" data-id=\"350da9a\" data-element_type=\"widget\" data-e-type=\"widget\" data-widget_type=\"icon-box.default\">\n\t\t\t\t\t\t\t<div class=\"elementor-icon-box-wrapper\">\n\n\t\t\t\n\t\t\t\t\t\t<div class=\"elementor-icon-box-content\">\n\n\t\t\t\t\t\t\t\t\t<h3 class=\"elementor-icon-box-title\">\n\t\t\t\t\t\t<span  >\n\t\t\t\t\t\t\tProduktion og styring af indhold\t\t\t\t\t\t<\/span>\n\t\t\t\t\t<\/h3>\n\t\t\t\t\n\t\t\t\t\t\t\t\t\t<p class=\"elementor-icon-box-description\">\n\t\t\t\t\t\tVores team vil skabe originalt indhold af h\u00f8j kvalitet. Skarpe slogans og HD-billeder vil appellere direkte til de norske forbrugere. Vi vil g\u00f8re f\u00f8lgende:\t\t\t\t\t<\/p>\n\t\t\t\t\n\t\t\t<\/div>\n\t\t\t\n\t\t<\/div>\n\t\t\t\t\t\t<\/div>\n\t\t\t\t<div class=\"elementor-element elementor-element-3efaee0 elementor-widget elementor-widget-text-editor\" data-id=\"3efaee0\" data-element_type=\"widget\" data-e-type=\"widget\" data-widget_type=\"text-editor.default\">\n\t\t\t\t\t\t\t\t\t<ul><li><strong>Daglig udgivelse og planl\u00e6gning:<\/strong> Vi publicerer dagligt for at holde dine feeds aktive og interessante. Vores eksperter laver relevante opslag p\u00e5 Facebook, Instagram, LinkedIn osv.<\/li><li><strong>Visuelt design:<\/strong> Vores designer vil skabe fantastisk grafik og videoindhold eksklusivt til hver platform.<\/li><li><strong>Lokaliseret tekstforfatning:<\/strong> Vi skriver tekster, der bruger den rigtige tone og det rigtige sprog, og som skaber en dyb forbindelse til det lokale publikum.<\/li><\/ul>\t\t\t\t\t\t\t\t<\/div>\n\t\t\t\t<\/div>\n\t\t\t\t<\/div>\n\t\t\t\t\t<\/div>\n\t\t\t\t<\/div>\n\t\t<div class=\"elementor-element elementor-element-f1aa052 e-flex e-con-boxed e-con e-parent\" data-id=\"f1aa052\" data-element_type=\"container\" data-e-type=\"container\">\n\t\t\t\t\t<div class=\"e-con-inner\">\n\t\t<div class=\"elementor-element elementor-element-11f8bd6 e-con-full e-flex e-con e-child\" data-id=\"11f8bd6\" data-element_type=\"container\" data-e-type=\"container\" data-settings=\"{&quot;background_background&quot;:&quot;classic&quot;}\">\n\t\t\t\t<\/div>\n\t\t<div class=\"elementor-element elementor-element-dc61c9c e-con-full e-flex e-con e-child\" data-id=\"dc61c9c\" data-element_type=\"container\" data-e-type=\"container\">\n\t\t\t\t<div class=\"elementor-element elementor-element-38485f9 elementor-widget elementor-widget-heading\" data-id=\"38485f9\" data-element_type=\"widget\" data-e-type=\"widget\" data-widget_type=\"heading.default\">\n\t\t\t\t\t<h2 class=\"elementor-heading-title elementor-size-default\">Gennemsigtig priss\u00e6tning og klare resultater\n<\/h2>\t\t\t\t<\/div>\n\t\t\t\t<div class=\"elementor-element elementor-element-0af6f9d elementor-widget elementor-widget-text-editor\" data-id=\"0af6f9d\" data-element_type=\"widget\" data-e-type=\"widget\" data-widget_type=\"text-editor.default\">\n\t\t\t\t\t\t\t\t\t<p>Det kan v\u00e6re dyrt at ans\u00e6tte en intern social media manager p\u00e5 fuld tid i et land med h\u00f8je leveomkostninger som Norge. Ved at outsource din administration af sociale medier til Tech Space f\u00e5r du adgang til et helt team af onlineeksperter til en overkommelig pris. <br \/>Vores priser varierer afh\u00e6ngigt af, hvad du har brug for. Prisen for vores komplette pakke til sociale medier ligger typisk p\u00e5 mellem 2.000 og 3.000 amerikanske dollars om m\u00e5neden. Denne pakke indeholder alle standardtjenester: Vi administrerer daglige opslag, kommunikerer med dine f\u00f8lgere online og sender dig en detaljeret rapport hver m\u00e5ned.<br \/>Vi tager en fast pris, s\u00e5 du altid ved pr\u00e6cis, hvad du betaler, og hvad vi g\u00f8r for dine penge.<\/p><ul><li><p><strong>Grundl\u00e6ggende:<\/strong> Nem kontoadministration med 3-5 indl\u00e6g om ugen.<\/p><\/li><li><p><strong>Standard:<\/strong> Daglige indl\u00e6g, kommunikation med f\u00f8lgere, rapportering og hj\u00e6lp til at administrere dit annoncebudget.<\/p><\/li><li><p><strong>Premium:<\/strong> Fuld kontoadministration, betalt annoncestyring, avanceret indholdsskabelse og en komplet strategi.<\/p><\/li><\/ul>\t\t\t\t\t\t\t\t<\/div>\n\t\t\t\t<\/div>\n\t\t\t\t\t<\/div>\n\t\t\t\t<\/div>\n\t\t\t\t<\/div>","protected":false},"excerpt":{"rendered":"<p>Sosiale medier-markedsf\u00f8ring i Norge Utvid merkevaren din med m\u00e5lrettet markedsf\u00f8ring i sosiale medier som gir reelle resultater.Hos Techspace lager vi skreddersydde strategier for sosiale medier for norske bedrifter \u2013 vi hjelper deg med \u00e5 n\u00e5 riktig m\u00e5lgruppe, \u00f8ke engasjementet og oppn\u00e5 m\u00e5lbar vekst. F\u00e5 et gratis tilbud Hvorfor trenger din norske virksomhet en strategi for [&hellip;]<\/p>\n","protected":false},"author":1,"featured_media":0,"parent":3643,"menu_order":0,"comment_status":"closed","ping_status":"closed","template":"","meta":{"footnotes":"","_wp_rev_ctl_limit":""},"class_list":["post-8598","page","type-page","status-publish","hentry"],"_links":{"self":[{"href":"https:\/\/techspace.no\/da\/wp-json\/wp\/v2\/pages\/8598","targetHints":{"allow":["GET"]}}],"collection":[{"href":"https:\/\/techspace.no\/da\/wp-json\/wp\/v2\/pages"}],"about":[{"href":"https:\/\/techspace.no\/da\/wp-json\/wp\/v2\/types\/page"}],"author":[{"embeddable":true,"href":"https:\/\/techspace.no\/da\/wp-json\/wp\/v2\/users\/1"}],"replies":[{"embeddable":true,"href":"https:\/\/techspace.no\/da\/wp-json\/wp\/v2\/comments?post=8598"}],"version-history":[{"count":0,"href":"https:\/\/techspace.no\/da\/wp-json\/wp\/v2\/pages\/8598\/revisions"}],"up":[{"embeddable":true,"href":"https:\/\/techspace.no\/da\/wp-json\/wp\/v2\/pages\/3643"}],"wp:attachment":[{"href":"https:\/\/techspace.no\/da\/wp-json\/wp\/v2\/media?parent=8598"}],"curies":[{"name":"wp","href":"https:\/\/api.w.org\/{rel}","templated":true}]}}