{"id":8149,"date":"2025-10-17T06:45:54","date_gmt":"2025-10-17T06:45:54","guid":{"rendered":"https:\/\/stg.techspace.no\/?page_id=8149"},"modified":"2026-01-09T13:49:14","modified_gmt":"2026-01-09T13:49:14","slug":"meta-annoncer","status":"publish","type":"page","link":"https:\/\/techspace.no\/da\/digital-markedsforing-tjenester\/meta-annonser\/","title":{"rendered":"Meta-annoncer"},"content":{"rendered":"<div data-elementor-type=\"wp-page\" data-elementor-id=\"8149\" class=\"elementor elementor-8149\" data-elementor-post-type=\"page\">\n\t\t\t\t<div class=\"elementor-element elementor-element-57d434b e-flex e-con-boxed e-con e-parent\" data-id=\"57d434b\" data-element_type=\"container\" data-e-type=\"container\" data-settings=\"{&quot;background_background&quot;:&quot;classic&quot;}\">\n\t\t\t\t\t<div class=\"e-con-inner\">\n\t\t\t\t<div class=\"elementor-element elementor-element-b0abcd5 elementor-widget__width-initial elementor-widget elementor-widget-heading\" data-id=\"b0abcd5\" data-element_type=\"widget\" data-e-type=\"widget\" data-widget_type=\"heading.default\">\n\t\t\t\t\t<h1 class=\"elementor-heading-title elementor-size-default\">Meta Ads-tjenester i Norge\n<\/h1>\t\t\t\t<\/div>\n\t\t\t\t<div class=\"elementor-element elementor-element-db46c47 elementor-widget__width-initial elementor-widget elementor-widget-text-editor\" data-id=\"db46c47\" data-element_type=\"widget\" data-e-type=\"widget\" data-widget_type=\"text-editor.default\">\n\t\t\t\t\t\t\t\t\t<p>\u00d8g oms\u00e6tningen med meta-annoncering, der virker.<br \/>Techspace er et f\u00f8rende Meta Ads-bureau i Norge, som hj\u00e6lper brands med at vokse gennem effektive Facebook- og Instagram-kampagner, der giver reelle salg, leads og loyale kunder.<\/p>\t\t\t\t\t\t\t\t<\/div>\n\t\t\t\t<div class=\"elementor-element elementor-element-9a7f5fe elementor-widget elementor-widget-button\" data-id=\"9a7f5fe\" data-element_type=\"widget\" data-e-type=\"widget\" data-widget_type=\"button.default\">\n\t\t\t\t\t\t\t\t\t\t<a class=\"elementor-button elementor-button-link elementor-size-sm\" href=\"\/da\/kontakt-os\/#Contact-now\">\n\t\t\t\t\t\t<span class=\"elementor-button-content-wrapper\">\n\t\t\t\t\t\t\t\t\t<span class=\"elementor-button-text\">F\u00e5 et gratis tilbud<\/span>\n\t\t\t\t\t<\/span>\n\t\t\t\t\t<\/a>\n\t\t\t\t\t\t\t\t<\/div>\n\t\t\t\t\t<\/div>\n\t\t\t\t<\/div>\n\t\t<div class=\"elementor-element elementor-element-7ba172d e-flex e-con-boxed e-con e-parent\" data-id=\"7ba172d\" data-element_type=\"container\" data-e-type=\"container\">\n\t\t\t\t\t<div class=\"e-con-inner\">\n\t\t<div class=\"elementor-element elementor-element-186c6dd e-con-full e-flex e-con e-child\" data-id=\"186c6dd\" data-element_type=\"container\" data-e-type=\"container\" data-settings=\"{&quot;background_background&quot;:&quot;classic&quot;}\">\n\t\t\t\t<\/div>\n\t\t<div class=\"elementor-element elementor-element-2c0f189 e-con-full e-flex e-con e-child\" data-id=\"2c0f189\" data-element_type=\"container\" data-e-type=\"container\">\n\t\t\t\t<div class=\"elementor-element elementor-element-c01e35e elementor-widget elementor-widget-heading\" data-id=\"c01e35e\" data-element_type=\"widget\" data-e-type=\"widget\" data-widget_type=\"heading.default\">\n\t\t\t\t\t<h2 class=\"elementor-heading-title elementor-size-default\">Hvorfor meta-annoncer er banebrydende\n<\/h2>\t\t\t\t<\/div>\n\t\t\t\t<div class=\"elementor-element elementor-element-995aa2e elementor-widget elementor-widget-text-editor\" data-id=\"995aa2e\" data-element_type=\"widget\" data-e-type=\"widget\" data-widget_type=\"text-editor.default\">\n\t\t\t\t\t\t\t\t\t<p>Et af de mest effektive annonceringsv\u00e6rkt\u00f8jer i dag er Meta Ads (Facebook og Instagram). De giver dig mulighed for at:<\/p><ul><li><p>Annoncer til milliarder af brugere over hele verden, og n\u00e5 ud til pr\u00e6cis det publikum, du \u00f8nsker i Norge.<\/p><p>M\u00e5lret mod de rigtige mennesker p\u00e5 det rigtige tidspunkt med overlegen m\u00e5lretning.<\/p><\/li><li><p>Pr\u00e6senter produkter og tjenester i meget interaktive annonceformater.<\/p><p>Overv\u00e5g performance i realtid for at forbedre ROI.<\/p><\/li><li><p>Growth Scale-kampagner vokser nemt i takt med, at din virksomhed vokser.<\/p><\/li><li><p>Kort sagt giver Meta Ads dig mulighed for at styre din egen udvikling, \u00f8ge din r\u00e6kkevidde og maksimere konverteringer til en pris, der passer til din pengepung.<\/p><\/li><\/ul>\t\t\t\t\t\t\t\t<\/div>\n\t\t\t\t<\/div>\n\t\t\t\t\t<\/div>\n\t\t\t\t<\/div>\n\t\t<div class=\"elementor-element elementor-element-47cb602 e-flex e-con-boxed e-con e-parent\" data-id=\"47cb602\" data-element_type=\"container\" data-e-type=\"container\">\n\t\t\t\t\t<div class=\"e-con-inner\">\n\t\t\t\t<div class=\"elementor-element elementor-element-9a3e33f elementor-widget elementor-widget-heading\" data-id=\"9a3e33f\" data-element_type=\"widget\" data-e-type=\"widget\" data-widget_type=\"heading.default\">\n\t\t\t\t\t<h2 class=\"elementor-heading-title elementor-size-default\">Vores tjenester til meta-annoncer<\/h2>\t\t\t\t<\/div>\n\t\t\t\t<div class=\"elementor-element elementor-element-8b8f30a elementor-widget__width-initial elementor-widget-mobile__width-inherit elementor-widget elementor-widget-text-editor\" data-id=\"8b8f30a\" data-element_type=\"widget\" data-e-type=\"widget\" data-widget_type=\"text-editor.default\">\n\t\t\t\t\t\t\t\t\t<p>Vi tilbyder komplette Meta Ads-pakker, der giver virksomheder mere end blot et enkelt klik. Vores kampagner er udviklet til at g\u00f8re bes\u00f8gende til k\u00f8bere og garanterer langsigtede resultater.<\/p>\t\t\t\t\t\t\t\t<\/div>\n\t\t<div class=\"elementor-element elementor-element-9d81611 e-con-full e-flex e-con e-child\" data-id=\"9d81611\" data-element_type=\"container\" data-e-type=\"container\">\n\t\t<div class=\"elementor-element elementor-element-5902749 e-con-full e-flex e-con e-child\" data-id=\"5902749\" data-element_type=\"container\" data-e-type=\"container\" data-settings=\"{&quot;background_background&quot;:&quot;classic&quot;}\">\n\t\t\t\t<div class=\"elementor-element elementor-element-0b13c99 elementor-widget elementor-widget-icon-box\" data-id=\"0b13c99\" data-element_type=\"widget\" data-e-type=\"widget\" data-widget_type=\"icon-box.default\">\n\t\t\t\t\t\t\t<div class=\"elementor-icon-box-wrapper\">\n\n\t\t\t\n\t\t\t\t\t\t<div class=\"elementor-icon-box-content\">\n\n\t\t\t\t\t\t\t\t\t<h3 class=\"elementor-icon-box-title\">\n\t\t\t\t\t\t<span  >\n\t\t\t\t\t\t\t Administration af Facebook-annoncer\t\t\t\t\t\t<\/span>\n\t\t\t\t\t<\/h3>\n\t\t\t\t\n\t\t\t\t\t\t\t\t\t<p class=\"elementor-icon-box-description\">\n\t\t\t\t\t\tFacebook er stadig verdens st\u00f8rste sociale netv\u00e6rk og dermed det bedst egnede milj\u00f8 til at n\u00e5 ud til potentielle kunder. Vores Facebook-annoncestyring har til form\u00e5l at eliminere st\u00f8j og levere resultater.<br>\n\n<br>\n\nVi udvikler pr\u00e6cise kampagner, der genererer leads, salg og opm\u00e6rksomhed ved at bruge traditionelle metoder som f.eks:<br><br>\n<ul>\n<li>Laserfokuseret m\u00e5lretning af m\u00e5lgruppen.\n\n<li>Imponerende reklametekster og designere.\n\n<li>A\/B-test for at finde de mest effektive annoncer.\n\n<li>L\u00f8bende optimering for at opn\u00e5 lavere omkostninger og h\u00f8jere konverteringsrater.\n\n<li>I vores tilf\u00e6lde vil alle Facebook-annoncer have et enkelt form\u00e5l: at \u00f8ge din oms\u00e6tning.<\/li>\n\t\t\t\t\t<\/p>\n\t\t\t\t\n\t\t\t<\/div>\n\t\t\t\n\t\t<\/div>\n\t\t\t\t\t\t<\/div>\n\t\t\t\t<\/div>\n\t\t<div class=\"elementor-element elementor-element-8ab33fb e-con-full e-flex e-con e-child\" data-id=\"8ab33fb\" data-element_type=\"container\" data-e-type=\"container\" data-settings=\"{&quot;background_background&quot;:&quot;classic&quot;}\">\n\t\t\t\t<div class=\"elementor-element elementor-element-7ce473f elementor-widget elementor-widget-icon-box\" data-id=\"7ce473f\" data-element_type=\"widget\" data-e-type=\"widget\" data-widget_type=\"icon-box.default\">\n\t\t\t\t\t\t\t<div class=\"elementor-icon-box-wrapper\">\n\n\t\t\t\n\t\t\t\t\t\t<div class=\"elementor-icon-box-content\">\n\n\t\t\t\t\t\t\t\t\t<h3 class=\"elementor-icon-box-title\">\n\t\t\t\t\t\t<span  >\n\t\t\t\t\t\t\t H\u00e5ndtering af Instagram-annoncer\t\t\t\t\t\t<\/span>\n\t\t\t\t\t<\/h3>\n\t\t\t\t\n\t\t\t\t\t\t\t\t\t<p class=\"elementor-icon-box-description\">\n\t\t\t\t\t\tInstagram er stedet for billeder og historier. Dit brand kan str\u00e5le med Instagram-annoncetjenester, der fanger potentielle kunders opm\u00e6rksomhed og fungerer som en katalysator for k\u00f8b. <br><br>\nVi er specialister i:\n<br><br>\n<ul>\n<li>Story-annoncer for at skabe \u00f8jeblikkeligt engagement.\n\n<li>Karruselannoncer til pr\u00e6sentation af forskellige varer.\n\n<li>Reklamer, der er s\u00e5 synlige og virale som muligt.\n\n<li>Direkte salgsreklamer midt i Instagram.\n\n<li>Vi har designet vores annoncer til at stoppe scrollingen, n\u00e5 brugeren p\u00e5 et f\u00f8lelsesm\u00e6ssigt niveau og motivere dem til at handle, uanset om det er at g\u00e5 ind p\u00e5 dit website, udfylde en formular eller k\u00f8be noget.\t\t\t\t\t<\/p>\n\t\t\t\t\n\t\t\t<\/div>\n\t\t\t\n\t\t<\/div>\n\t\t\t\t\t\t<\/div>\n\t\t\t\t<\/div>\n\t\t<div class=\"elementor-element elementor-element-40e5f90 e-con-full e-flex e-con e-child\" data-id=\"40e5f90\" data-element_type=\"container\" data-e-type=\"container\" data-settings=\"{&quot;background_background&quot;:&quot;classic&quot;}\">\n\t\t\t\t<div class=\"elementor-element elementor-element-e79c4ac elementor-widget elementor-widget-icon-box\" data-id=\"e79c4ac\" data-element_type=\"widget\" data-e-type=\"widget\" data-widget_type=\"icon-box.default\">\n\t\t\t\t\t\t\t<div class=\"elementor-icon-box-wrapper\">\n\n\t\t\t\n\t\t\t\t\t\t<div class=\"elementor-icon-box-content\">\n\n\t\t\t\t\t\t\t\t\t<h3 class=\"elementor-icon-box-title\">\n\t\t\t\t\t\t<span  >\n\t\t\t\t\t\t\t Kampagnestrategi og -planl\u00e6gning\t\t\t\t\t\t<\/span>\n\t\t\t\t\t<\/h3>\n\t\t\t\t\n\t\t\t\t\t\t\t\t\t<p class=\"elementor-icon-box-description\">\n\t\t\t\t\t\tMeta Ads' succes begynder l\u00e6nge f\u00f8r den f\u00f8rste annonce bliver lanceret. Vi fordyber os i din branche, dine konkurrenter og din m\u00e5lgruppe for at udforme en unik strategi, der underst\u00f8tter dine m\u00e5l.<br><br>\n\nUanset om det drejer sig om at indsn\u00e6vre klare kampagnem\u00e5l eller salgstragte, s\u00f8rger vi for, at hver eneste krone, du bruger, giver dig mest muligt for pengene.\t\t\t\t\t<\/p>\n\t\t\t\t\n\t\t\t<\/div>\n\t\t\t\n\t\t<\/div>\n\t\t\t\t\t\t<\/div>\n\t\t\t\t<\/div>\n\t\t<div class=\"elementor-element elementor-element-c96086b e-con-full e-flex e-con e-child\" data-id=\"c96086b\" data-element_type=\"container\" data-e-type=\"container\" data-settings=\"{&quot;background_background&quot;:&quot;classic&quot;}\">\n\t\t\t\t<div class=\"elementor-element elementor-element-0fee076 elementor-widget elementor-widget-icon-box\" data-id=\"0fee076\" data-element_type=\"widget\" data-e-type=\"widget\" data-widget_type=\"icon-box.default\">\n\t\t\t\t\t\t\t<div class=\"elementor-icon-box-wrapper\">\n\n\t\t\t\n\t\t\t\t\t\t<div class=\"elementor-icon-box-content\">\n\n\t\t\t\t\t\t\t\t\t<h3 class=\"elementor-icon-box-title\">\n\t\t\t\t\t\t<span  >\n\t\t\t\t\t\t\tOptimering og skalering\t\t\t\t\t\t<\/span>\n\t\t\t\t\t<\/h3>\n\t\t\t\t\n\t\t\t\t\t\t\t\t\t<p class=\"elementor-icon-box-description\">\n\t\t\t\t\t\tDet magiske ved Meta Ads er selve optimeringen. Vi overv\u00e5ger performance hver dag, eksperimenterer med forskellige kreative l\u00f8sninger og budskaber og investerer i det, der virker. Det giver os mulighed for at reducere omkostningerne pr. lead eller salg og opskalere dine kampagner for at maksimere overskuddet.<br><br>\n\nVi k\u00f8rer ikke bare annoncer for dig, vi k\u00f8rer en indt\u00e6gtsmaskine.\n\t\t\t\t\t<\/p>\n\t\t\t\t\n\t\t\t<\/div>\n\t\t\t\n\t\t<\/div>\n\t\t\t\t\t\t<\/div>\n\t\t\t\t<\/div>\n\t\t\t\t<\/div>\n\t\t\t\t\t<\/div>\n\t\t\t\t<\/div>\n\t\t<div class=\"elementor-element elementor-element-4c1c12c e-flex e-con-boxed e-con e-parent\" data-id=\"4c1c12c\" data-element_type=\"container\" data-e-type=\"container\" data-settings=\"{&quot;background_background&quot;:&quot;classic&quot;}\">\n\t\t\t\t\t<div class=\"e-con-inner\">\n\t\t<div class=\"elementor-element elementor-element-0147834 e-con-full e-flex e-con e-child\" data-id=\"0147834\" data-element_type=\"container\" data-e-type=\"container\">\n\t\t\t\t<div class=\"elementor-element elementor-element-a2cf2bd elementor-widget elementor-widget-heading\" data-id=\"a2cf2bd\" data-element_type=\"widget\" data-e-type=\"widget\" data-widget_type=\"heading.default\">\n\t\t\t\t\t<h2 class=\"elementor-heading-title elementor-size-default\">Er du klar til at skalere med Meta Ads?\n<\/h2>\t\t\t\t<\/div>\n\t\t\t\t<div class=\"elementor-element elementor-element-67a4e78 elementor-widget elementor-widget-text-editor\" data-id=\"67a4e78\" data-element_type=\"widget\" data-e-type=\"widget\" data-widget_type=\"text-editor.default\">\n\t\t\t\t\t\t\t\t\t<p>Spild ikke penge p\u00e5 reklamer, der bliver ignoreret. Begynd at investere i kampagner, der giver reel v\u00e6kst, flere kunder og \u00f8get fortjeneste.<\/p><p>Hos Techspace g\u00f8r vi Facebook- og Instagram-annoncer til dit bedste markedsf\u00f8ringsv\u00e6rkt\u00f8j. Vi tager os af alt, fra strategi til udf\u00f8relse, s\u00e5 du kan koncentrere dig om at drive din virksomhed.<\/p><p>Vi g\u00f8r dine reklamer uovervindelige. Kom i gang i dag.<\/p>\t\t\t\t\t\t\t\t<\/div>\n\t\t\t\t<div class=\"elementor-element elementor-element-af178ed elementor-widget elementor-widget-button\" data-id=\"af178ed\" data-element_type=\"widget\" data-e-type=\"widget\" data-widget_type=\"button.default\">\n\t\t\t\t\t\t\t\t\t\t<a class=\"elementor-button elementor-button-link elementor-size-sm\" href=\"\/da\/fa-et-tilbud\/#gratis_tilbud\">\n\t\t\t\t\t\t<span class=\"elementor-button-content-wrapper\">\n\t\t\t\t\t\t\t\t\t<span class=\"elementor-button-text\">F\u00e5 en gratis konsultation<\/span>\n\t\t\t\t\t<\/span>\n\t\t\t\t\t<\/a>\n\t\t\t\t\t\t\t\t<\/div>\n\t\t\t\t<\/div>\n\t\t\t\t\t<\/div>\n\t\t\t\t<\/div>\n\t\t<div class=\"elementor-element elementor-element-ea598db e-flex e-con-boxed e-con e-parent\" data-id=\"ea598db\" data-element_type=\"container\" data-e-type=\"container\">\n\t\t\t\t\t<div class=\"e-con-inner\">\n\t\t<div class=\"elementor-element elementor-element-8fe578f e-con-full e-flex e-con e-child\" data-id=\"8fe578f\" data-element_type=\"container\" data-e-type=\"container\">\n\t\t\t\t<div class=\"elementor-element elementor-element-02721ec elementor-widget elementor-widget-heading\" data-id=\"02721ec\" data-element_type=\"widget\" data-e-type=\"widget\" data-widget_type=\"heading.default\">\n\t\t\t\t\t<h2 class=\"elementor-heading-title elementor-size-default\">Hvorfor v\u00e6lge Techspace til meta-annoncer?\n<\/h2>\t\t\t\t<\/div>\n\t\t\t\t<div class=\"elementor-element elementor-element-610879d elementor-widget elementor-widget-text-editor\" data-id=\"610879d\" data-element_type=\"widget\" data-e-type=\"widget\" data-widget_type=\"text-editor.default\">\n\t\t\t\t\t\t\t\t\t<p>Det handler om at arbejde med det rigtige bureau. Hos Tech Space laver vi ikke bare reklamer, vi tager ansvar for din v\u00e6kst.<\/p><p>Det er derfor, virksomheder i Norge og resten af verden foretr\u00e6kker os:<\/p><ul><li>ROI-drevet strategi - Vi er resultatorienterede og m\u00e5ler ikke p\u00e5 likes eller visninger.<\/li><li>Smart m\u00e5lretning - Vi n\u00e5r ud til dem, der er mest tilb\u00f8jelige til at k\u00f8be dine produkter.<\/li><li>Konverterende billeder og salgstekster Disse billeder og overbevisende tekster f\u00e5r folk til at stoppe op.<\/li><li>Datadrevne beslutninger - ingen handlinger er baseret p\u00e5 antagelser.<\/li><li>Skalerbare strategier - Fra nystartede virksomheder til store organisationer skaber vi marketingstrategier, der vokser med dig.<\/li><li>Fuldst\u00e6ndig gennemsigtighed - du ved altid, hvad der sker med dit budget, og hvad du opn\u00e5r.<\/li><li>Efter vores mening er meta-annoncer ikke bare markedsf\u00f8ring, de er et meget effektivt v\u00e6rkt\u00f8j til at forandre forretningen.<\/li><\/ul>\t\t\t\t\t\t\t\t<\/div>\n\t\t\t\t<\/div>\n\t\t<div class=\"elementor-element elementor-element-f57d752 e-con-full e-flex e-con e-child\" data-id=\"f57d752\" data-element_type=\"container\" data-e-type=\"container\" data-settings=\"{&quot;background_background&quot;:&quot;classic&quot;}\">\n\t\t\t\t<\/div>\n\t\t\t\t\t<\/div>\n\t\t\t\t<\/div>\n\t\t<div class=\"elementor-element elementor-element-7b85919 e-flex e-con-boxed e-con e-parent\" data-id=\"7b85919\" data-element_type=\"container\" data-e-type=\"container\">\n\t\t\t\t\t<div class=\"e-con-inner\">\n\t\t<div class=\"elementor-element elementor-element-e13fe7d e-con-full e-flex e-con e-child\" data-id=\"e13fe7d\" data-element_type=\"container\" data-e-type=\"container\" data-settings=\"{&quot;background_background&quot;:&quot;classic&quot;}\">\n\t\t\t\t<\/div>\n\t\t<div class=\"elementor-element elementor-element-307a312 e-con-full e-flex e-con e-child\" data-id=\"307a312\" data-element_type=\"container\" data-e-type=\"container\">\n\t\t\t\t<div class=\"elementor-element elementor-element-18b42cd elementor-widget elementor-widget-heading\" data-id=\"18b42cd\" data-element_type=\"widget\" data-e-type=\"widget\" data-widget_type=\"heading.default\">\n\t\t\t\t\t<h2 class=\"elementor-heading-title elementor-size-default\">Hvem vi hj\u00e6lper<\/h2>\t\t\t\t<\/div>\n\t\t\t\t<div class=\"elementor-element elementor-element-b3528b3 elementor-widget elementor-widget-text-editor\" data-id=\"b3528b3\" data-element_type=\"widget\" data-e-type=\"widget\" data-widget_type=\"text-editor.default\">\n\t\t\t\t\t\t\t\t\t<ul><li>Meta Ads i Norge betjener virksomheder i alle brancher.<\/li><li>Brands, der skalerer deres onlinesalg.<\/li><li>B2B-virksomheder, der er interesserede i kvalificerede leads.<\/li><li>Startups, der vil have hurtig opm\u00e6rksomhed.<\/li><li>Restauranter og caf\u00e9er.<\/li><li>Ejendomsm\u00e6glere, der vil lukke flere handler p\u00e5 kortere tid.<\/li><li>Virksomheder, der bliver globale.<\/li><li>Uanset hvilket niveau din virksomhed befinder sig p\u00e5, vil vores strategier sikre, at du f\u00e5r resultater, der betyder noget.<br \/><br \/><\/li><\/ul>\t\t\t\t\t\t\t\t<\/div>\n\t\t\t\t<\/div>\n\t\t\t\t\t<\/div>\n\t\t\t\t<\/div>\n\t\t\t\t<\/div>","protected":false},"excerpt":{"rendered":"<p>Meta Ads-tjenester i Norge \u00d8k omsetningen med Meta-annonsering som virker.Techspace er et ledende Meta Ads-byr\u00e5 i Norge som hjelper merkevarer med \u00e5 vokse gjennom effektive Facebook- og Instagram-kampanjer som gir reelle salg, leads og lojale kunder. F\u00e5 et gratis tilbud Hvorfor meta-annonser er banebrytende Et av de mest effektive annonseringsverkt\u00f8yene i dag er Meta Ads [&hellip;]<\/p>\n","protected":false},"author":1,"featured_media":0,"parent":3643,"menu_order":0,"comment_status":"closed","ping_status":"closed","template":"","meta":{"footnotes":"","_wp_rev_ctl_limit":""},"class_list":["post-8149","page","type-page","status-publish","hentry"],"_links":{"self":[{"href":"https:\/\/techspace.no\/da\/wp-json\/wp\/v2\/pages\/8149","targetHints":{"allow":["GET"]}}],"collection":[{"href":"https:\/\/techspace.no\/da\/wp-json\/wp\/v2\/pages"}],"about":[{"href":"https:\/\/techspace.no\/da\/wp-json\/wp\/v2\/types\/page"}],"author":[{"embeddable":true,"href":"https:\/\/techspace.no\/da\/wp-json\/wp\/v2\/users\/1"}],"replies":[{"embeddable":true,"href":"https:\/\/techspace.no\/da\/wp-json\/wp\/v2\/comments?post=8149"}],"version-history":[{"count":0,"href":"https:\/\/techspace.no\/da\/wp-json\/wp\/v2\/pages\/8149\/revisions"}],"up":[{"embeddable":true,"href":"https:\/\/techspace.no\/da\/wp-json\/wp\/v2\/pages\/3643"}],"wp:attachment":[{"href":"https:\/\/techspace.no\/da\/wp-json\/wp\/v2\/media?parent=8149"}],"curies":[{"name":"wp","href":"https:\/\/api.w.org\/{rel}","templated":true}]}}