{"id":4028,"date":"2025-09-11T07:09:18","date_gmt":"2025-09-11T07:09:18","guid":{"rendered":"https:\/\/stg.techspace.no\/?page_id=4028"},"modified":"2026-02-24T21:24:43","modified_gmt":"2026-02-24T21:24:43","slug":"privatlivspolitik","status":"publish","type":"page","link":"https:\/\/techspace.no\/da\/om-oss\/personvernregler\/","title":{"rendered":"Privatlivspolitik"},"content":{"rendered":"<div data-elementor-type=\"wp-page\" data-elementor-id=\"4028\" class=\"elementor elementor-4028\" data-elementor-post-type=\"page\">\n\t\t\t\t<div class=\"elementor-element elementor-element-7fb5a42 e-flex e-con-boxed e-con e-parent\" data-id=\"7fb5a42\" data-element_type=\"container\" data-e-type=\"container\" data-settings=\"{&quot;background_background&quot;:&quot;classic&quot;}\">\n\t\t\t\t\t<div class=\"e-con-inner\">\n\t\t\t\t<div class=\"elementor-element elementor-element-a7ee5ca elementor-widget__width-initial elementor-widget elementor-widget-heading\" data-id=\"a7ee5ca\" data-element_type=\"widget\" data-e-type=\"widget\" data-widget_type=\"heading.default\">\n\t\t\t\t\t<h1 class=\"elementor-heading-title elementor-size-default\">Fortrolighedspolitik<\/h1>\t\t\t\t<\/div>\n\t\t\t\t\t<\/div>\n\t\t\t\t<\/div>\n\t\t<div class=\"elementor-element elementor-element-8d1823c e-flex e-con-boxed e-con e-parent\" data-id=\"8d1823c\" data-element_type=\"container\" data-e-type=\"container\">\n\t\t\t\t\t<div class=\"e-con-inner\">\n\t\t<div class=\"elementor-element elementor-element-aa2dad8 e-con-full e-flex e-con e-child\" data-id=\"aa2dad8\" data-element_type=\"container\" data-e-type=\"container\" data-settings=\"{&quot;background_background&quot;:&quot;classic&quot;}\">\n\t\t\t\t<div class=\"elementor-element elementor-element-c46229c elementor-icon-list--layout-inline elementor-list-item-link-full_width elementor-widget elementor-widget-icon-list\" data-id=\"c46229c\" data-element_type=\"widget\" data-e-type=\"widget\" data-widget_type=\"icon-list.default\">\n\t\t\t\t\t\t\t<ul class=\"elementor-icon-list-items elementor-inline-items\">\n\t\t\t\t\t\t\t<li class=\"elementor-icon-list-item elementor-inline-item\">\n\t\t\t\t\t\t\t\t\t\t<span class=\"elementor-icon-list-text\">Sidst opdateret:<\/span>\n\t\t\t\t\t\t\t\t\t<\/li>\n\t\t\t\t\t\t\t\t<li class=\"elementor-icon-list-item elementor-inline-item\">\n\t\t\t\t\t\t\t\t\t\t<span class=\"elementor-icon-list-text\">4. april 2026<\/span>\n\t\t\t\t\t\t\t\t\t<\/li>\n\t\t\t\t\t\t<\/ul>\n\t\t\t\t\t\t<\/div>\n\t\t\t\t<div class=\"elementor-element elementor-element-72cba03 elementor-widget elementor-widget-text-editor\" data-id=\"72cba03\" data-element_type=\"widget\" data-e-type=\"widget\" data-widget_type=\"text-editor.default\">\n\t\t\t\t\t\t\t\t\t<h2 data-start=\"111\" data-end=\"134\">Driftsaftale \/ SLA<\/h2><p data-start=\"136\" data-end=\"289\">Denne driftsaftale regulerer ansvarsforholdet og levering af driftstjenester til wordpress eller lignende systemer mellem leverand\u00f8ren og kunden.<\/p><h2 data-start=\"291\" data-end=\"305\">Generel information<\/h2><ul><li data-start=\"307\" data-end=\"326\"><h3>Leverand\u00f8ren<\/h3><\/li><\/ul><p data-start=\"327\" data-end=\"550\">Techspace solutions AS, organisationsnummer 925 353 086, med adresse Rolf Hofmos gate 24, 0655 oslo, betragtes som en databehandler i overensstemmelse med GDPR. I kundeforholdet er leverand\u00f8ren b\u00e5de databehandler og dataansvarlig.<\/p><ul><li data-start=\"552\" data-end=\"565\"><h3>Kunder<\/h3><\/li><\/ul><p data-start=\"566\" data-end=\"665\">Kunden, enten en fysisk eller juridisk person, betragtes som dataansvarlig i henhold til GDPR.<\/p><ul><li data-start=\"667\" data-end=\"682\"><h3>Tjenesten<\/h3><\/li><\/ul><p data-start=\"683\" data-end=\"830\">Leverand\u00f8ren forbeholder sig ret til at foretage \u00e6ndringer i tjenesten uden forudg\u00e5ende varsel. S\u00e5danne \u00e6ndringer vil ikke p\u00e5virke allerede betalte perioder.<\/p><ul><li data-start=\"832\" data-end=\"866\"><h3>Opbevaring af kundeoplysninger<\/h3><\/li><\/ul><p data-start=\"867\" data-end=\"1103\">Leverand\u00f8ren opbevarer kun n\u00f8dvendige oplysninger om kunden til brug for fakturering og forretningskontakt. Kunden anerkender, at leverand\u00f8rens kunders data holdes adskilt fra kundens egne data og sikres gennem krypteret kommunikation.<\/p><ul><li data-start=\"1105\" data-end=\"1142\"><h3>Opbevaring og sikring af kundedata<\/h3><\/li><\/ul><p data-start=\"1143\" data-end=\"1512\">Alle data opbevares inden for EU\/E\u00d8S, medmindre andet udtrykkeligt er aftalt mellem leverand\u00f8ren og kunden. Kundens data er sikret gennem robuste sikkerhedsrutiner, og kunden eller dennes autoriserede repr\u00e6sentant har ret til at anmode om adgang til sikkerhedsrutinerne og udf\u00f8re stikpr\u00f8vekontroller som aftalt. Eventuelle omkostninger i forbindelse med s\u00e5danne stikpr\u00f8vekontroller d\u00e6kkes af kunden.<\/p><ul><li data-start=\"1514\" data-end=\"1533\"><h3>Tavshedspligt<\/h3><\/li><\/ul><p data-start=\"1534\" data-end=\"1701\">Leverand\u00f8ren forpligter sig til at behandle oplysninger, der er gemt i tjenesten, eller oplysninger om kunden fortroligt og ikke dele disse oplysninger med tredjeparter.<\/p><ul><li data-start=\"1703\" data-end=\"1737\"><h3>Kundens ansvar for egne data<\/h3><\/li><\/ul><p data-start=\"1738\" data-end=\"1994\">Kunden er ansvarlig for at sikre, at alle oplysninger og data, der uploades til eller behandles via tjenesten, er i overensstemmelse med g\u00e6ldende love og regler. Dette omfatter, men er ikke begr\u00e6nset til, lovgivning om privatlivets fred og bestemmelser om ophavsret.<\/p><ul><li data-start=\"1996\" data-end=\"2043\"><h3>Kundedata ved afslutning af kundeforholdet<\/h3><\/li><\/ul><p data-start=\"2044\" data-end=\"2322\">Ved oph\u00f8r af kundeforholdet vil alle data, der tilh\u00f8rer kunden, blive slettet inden for 90 dage efter oph\u00f8r af kundeforholdet, medmindre kunden anmoder om tidligere sletning. Kunden anerkender, at kundedata kan eksistere i \u00e6ldre sikkerhedskopier, og disse vil blive roteret ud over tid.<\/p><ul><li data-start=\"2324\" data-end=\"2347\"><h3>Underleverand\u00f8rer<\/h3><\/li><\/ul><p data-start=\"2348\" data-end=\"2596\">Leverand\u00f8ren anvender digitalocean og Amazon Web Services som underleverand\u00f8rer til opbevaring af data, medmindre andet udtrykkeligt er aftalt mellem leverand\u00f8ren og kunden. Data opbevares inden for EU\/E\u00d8S, og underleverand\u00f8rerne opererer i overensstemmelse med GDPR.<\/p><h2 data-start=\"2598\" data-end=\"2609\">Aftale<\/h2><ul><li data-start=\"2611\" data-end=\"2626\"><h3>Begyndelse<\/h3><\/li><\/ul><p data-start=\"2627\" data-end=\"2757\">Aftalen tr\u00e6der i kraft, n\u00e5r kunden accepterer tilbuddet og modtager en bekr\u00e6ftelse pr. e-mail eller ved at udfylde bestillingsformularen.<\/p><ul><li data-start=\"2759\" data-end=\"2797\"><h3>Opsigelse af aftalen fra kundens side<\/h3><\/li><\/ul><p data-start=\"2798\" data-end=\"2966\">Kunden har ret til at opsige aftalen til enhver tid. Ved opsigelse udl\u00f8ber aftalen den sidste dag i den aktuelle m\u00e5ned, med tilbagebetaling for eventuelle ubrugte perioder.<\/p><ul><li data-start=\"2968\" data-end=\"3011\"><h3>Opsigelse af aftalen fra leverand\u00f8rens side<\/h3><\/li><\/ul><p data-start=\"3012\" data-end=\"3259\">Leverand\u00f8ren har ret til at opsige aftalen med \u00f8jeblikkelig virkning og uden begrundelse. I tilf\u00e6lde af opsigelse forpligter leverand\u00f8ren sig til at levere kundens indhold elektronisk og til at tilbagebetale eventuelle udgifter for den ubrugte del af aftaleperioden.<\/p><h2 data-start=\"3261\" data-end=\"3274\">Betalingsmuligheder<\/h2><ul><li data-start=\"3276\" data-end=\"3304\"><h3>Betaling og abonnement<\/h3><\/li><\/ul><p data-start=\"3305\" data-end=\"3404\">Tjenesten skal forudbetales for seks m\u00e5neder ad gangen, medmindre andet udtrykkeligt er aftalt.<\/p><ul><li data-start=\"3406\" data-end=\"3419\"><h3>Faktura<\/h3><\/li><\/ul><p data-start=\"3420\" data-end=\"3510\">Fakturaer udstedes i det f\u00f8rste kvartal af de seks m\u00e5neder med en betalingsfrist p\u00e5 14 dage.<\/p><ul><li data-start=\"3512\" data-end=\"3533\"><h3>\u00c6ndring af pris<\/h3><\/li><\/ul><p data-start=\"3534\" data-end=\"3613\">Leverand\u00f8ren forbeholder sig ret til at \u00e6ndre priser med rimelig forudg\u00e5ende varsel.<\/p><ul><li data-start=\"3615\" data-end=\"3639\"><h3>Manglende betaling<\/h3><\/li><\/ul><p data-start=\"3640\" data-end=\"3804\">I tilf\u00e6lde af manglende betaling forbeholder leverand\u00f8ren sig ret til at lukke tjenesten uden forudg\u00e5ende varsel. For at gen\u00e5bne tjenesten vil der blive opkr\u00e6vet et gebyr p\u00e5 NOK 1.500.<\/p><h2 data-start=\"3806\" data-end=\"3819\">Ejerskab<\/h2><ul><li data-start=\"3821\" data-end=\"3834\"><h3>Indhold<\/h3><\/li><\/ul><p data-start=\"3835\" data-end=\"4087\">Alt indhold, der uploades af kunden, forbliver kundens ejendom. Kunden er ansvarlig for at overholde alle relevante love og regler i forbindelse med dette indhold. I tilf\u00e6lde af overtr\u00e6delse af love forbeholder leverand\u00f8ren sig ret til at lukke tjenesten med det samme.<\/p><ul><li data-start=\"4089\" data-end=\"4117\"><h3>Kontroversielt indhold<\/h3><\/li><\/ul><p data-start=\"4118\" data-end=\"4306\">Leverand\u00f8ren forbeholder sig ret til at lukke tjenesten, hvis indholdet er i strid med norsk lov eller leverand\u00f8rens standarder. Eksempler p\u00e5 s\u00e5dant indhold er racisme og pornografi.<\/p><h2 data-start=\"4308\" data-end=\"4324\">Datatrafik<\/h2><p data-start=\"4325\" data-end=\"4434\">Den tilladte m\u00e6ngde datatrafik er specificeret pr. abonnement. Kunden f\u00e5r besked, hvis trafikgr\u00e6nsen overskrides.<\/p><h2 data-start=\"4436\" data-end=\"4446\">E-mail-adresse<\/h2><p data-start=\"4447\" data-end=\"4637\">Det er ikke tilladt at bruge udg\u00e5ende e-mailservere eller webservere til masseudsendelser. Aktivitet, der f\u00f8rer til sortlistning af udg\u00e5ende e-mailservere, kan resultere i lukning af webstedet.<\/p>\t\t\t\t\t\t\t\t<\/div>\n\t\t\t\t<\/div>\n\t\t\t\t<div class=\"elementor-element elementor-element-ba9dec1 elementor-widget elementor-widget-html\" data-id=\"ba9dec1\" data-element_type=\"widget\" data-e-type=\"widget\" data-widget_type=\"html.default\">\n\t\t\t\t\t<style>\n    h2 {\n  font-size: clamp(1.4rem, 2.5vw + 0.5rem, 2rem) !important;\n}\n\nh3 {\n  font-size: clamp(1.1rem, 2vw + 0.3rem, 1.5rem)!important;\n}\n\n<\/style>\t\t\t\t<\/div>\n\t\t\t\t<div class=\"elementor-element elementor-element-6244f15 elementor-widget elementor-widget-spacer\" data-id=\"6244f15\" data-element_type=\"widget\" data-e-type=\"widget\" data-widget_type=\"spacer.default\">\n\t\t\t\t\t\t\t<div class=\"elementor-spacer\">\n\t\t\t<div class=\"elementor-spacer-inner\"><\/div>\n\t\t<\/div>\n\t\t\t\t\t\t<\/div>\n\t\t\t\t\t<\/div>\n\t\t\t\t<\/div>\n\t\t\t\t<\/div>","protected":false},"excerpt":{"rendered":"<p>Personvernregler Sist Oppdatert: Driftsavtale \/ SLA Denne driftsavtalen regulerer ansvarsforholdet og leveransen av driftstjenester for wordpress eller tilsvarende systemer mellom leverand\u00f8ren og kunden. Generelt Leverand\u00f8ren Techspace solutions AS, organisasjonsnummer 925 353 086, med adresse Rolf Hofmos gate 24, 0655 oslo, anses som Databehandler i henhold til GDPR. I kundeforholdet er Leverand\u00f8ren b\u00e5de Databehandler og Behandlingsansvarlig. [&hellip;]<\/p>\n","protected":false},"author":1,"featured_media":0,"parent":2403,"menu_order":0,"comment_status":"closed","ping_status":"closed","template":"","meta":{"footnotes":"","_wp_rev_ctl_limit":""},"class_list":["post-4028","page","type-page","status-publish","hentry"],"_links":{"self":[{"href":"https:\/\/techspace.no\/da\/wp-json\/wp\/v2\/pages\/4028","targetHints":{"allow":["GET"]}}],"collection":[{"href":"https:\/\/techspace.no\/da\/wp-json\/wp\/v2\/pages"}],"about":[{"href":"https:\/\/techspace.no\/da\/wp-json\/wp\/v2\/types\/page"}],"author":[{"embeddable":true,"href":"https:\/\/techspace.no\/da\/wp-json\/wp\/v2\/users\/1"}],"replies":[{"embeddable":true,"href":"https:\/\/techspace.no\/da\/wp-json\/wp\/v2\/comments?post=4028"}],"version-history":[{"count":0,"href":"https:\/\/techspace.no\/da\/wp-json\/wp\/v2\/pages\/4028\/revisions"}],"up":[{"embeddable":true,"href":"https:\/\/techspace.no\/da\/wp-json\/wp\/v2\/pages\/2403"}],"wp:attachment":[{"href":"https:\/\/techspace.no\/da\/wp-json\/wp\/v2\/media?parent=4028"}],"curies":[{"name":"wp","href":"https:\/\/api.w.org\/{rel}","templated":true}]}}