{"id":4017,"date":"2025-09-11T05:27:14","date_gmt":"2025-09-11T05:27:14","guid":{"rendered":"https:\/\/stg.techspace.no\/?page_id=4017"},"modified":"2026-02-26T07:00:10","modified_gmt":"2026-02-26T07:00:10","slug":"vilkar-og-betingelser","status":"publish","type":"page","link":"https:\/\/techspace.no\/da\/om-oss\/vilkar-og-betingelser\/","title":{"rendered":"vilk\u00e5r og betingelser"},"content":{"rendered":"<div data-elementor-type=\"wp-page\" data-elementor-id=\"4017\" class=\"elementor elementor-4017\" data-elementor-post-type=\"page\">\n\t\t\t\t<div class=\"elementor-element elementor-element-959cf28 e-flex e-con-boxed e-con e-parent\" data-id=\"959cf28\" data-element_type=\"container\" data-e-type=\"container\" data-settings=\"{&quot;background_background&quot;:&quot;classic&quot;}\">\n\t\t\t\t\t<div class=\"e-con-inner\">\n\t\t\t\t<div class=\"elementor-element elementor-element-693cab8 elementor-widget__width-initial elementor-widget elementor-widget-heading\" data-id=\"693cab8\" data-element_type=\"widget\" data-e-type=\"widget\" data-widget_type=\"heading.default\">\n\t\t\t\t\t<h1 class=\"elementor-heading-title elementor-size-default\">Vilk\u00e5r og betingelser<\/h1>\t\t\t\t<\/div>\n\t\t\t\t<div class=\"elementor-element elementor-element-a0116eb elementor-widget__width-initial elementor-widget elementor-widget-text-editor\" data-id=\"a0116eb\" data-element_type=\"widget\" data-e-type=\"widget\" data-widget_type=\"text-editor.default\">\n\t\t\t\t\t\t\t\t\t<div class=\"elementor-element elementor-element-597c45c4 elementor-widget__width-initial elementor-widget-mobile__width-inherit elementor-widget elementor-widget-text-editor\" data-id=\"597c45c4\" data-element_type=\"widget\" data-widget_type=\"text-editor.default\">Disse vilk\u00e5r beskriver de betingelser, hvorunder vi tilbyder vores gratis og betalte digitale tjenester p\u00e5 TechSpace. L\u00e6s dem omhyggeligt, f\u00f8r du indg\u00e5r et partnerskab.<\/div><div class=\"elementor-element elementor-element-10b76338 elementor-widget elementor-widget-spacer\" data-id=\"10b76338\" data-element_type=\"widget\" data-widget_type=\"spacer.default\"><div class=\"elementor-spacer\">\u00a0<\/div><\/div>\t\t\t\t\t\t\t\t<\/div>\n\t\t\t\t\t<\/div>\n\t\t\t\t<\/div>\n\t\t<div class=\"elementor-element elementor-element-98286bf e-flex e-con-boxed e-con e-parent\" data-id=\"98286bf\" data-element_type=\"container\" data-e-type=\"container\">\n\t\t\t\t\t<div class=\"e-con-inner\">\n\t\t<div class=\"elementor-element elementor-element-2fa59fc e-con-full e-flex e-con e-child\" data-id=\"2fa59fc\" data-element_type=\"container\" data-e-type=\"container\" data-settings=\"{&quot;background_background&quot;:&quot;classic&quot;}\">\n\t\t\t\t<div class=\"elementor-element elementor-element-197040e elementor-widget elementor-widget-text-editor\" data-id=\"197040e\" data-element_type=\"widget\" data-e-type=\"widget\" data-widget_type=\"text-editor.default\">\n\t\t\t\t\t\t\t\t\t<div class=\"elementor-element elementor-element-2564fe54 elementor-icon-list--layout-inline elementor-list-item-link-full_width elementor-widget elementor-widget-icon-list\" data-id=\"2564fe54\" data-element_type=\"widget\" data-widget_type=\"icon-list.default\"><p>\u201cVelkommen til TechSpace,<\/p><\/div><div class=\"elementor-element elementor-element-5f75d730 elementor-widget elementor-widget-text-editor\" data-id=\"5f75d730\" data-element_type=\"widget\" data-widget_type=\"text-editor.default\"><p>N\u00e5r du bruger vores hjemmeside og tjenester, accepterer du f\u00f8lgende vilk\u00e5r for at sikre klarhed, tillid og et gnidningsl\u00f8st samarbejde.<\/p><h2>1. Tilbud om gratis udvikling af hjemmeside<\/h2><ul><li><strong>Dom\u00e6ne og hosting:\u00a0<\/strong>Kunden skal k\u00f8be og f\u00e5 sit eget dom\u00e6ne og hosting.<\/li><li><strong>Premium temaer og plugins:\u00a0<\/strong>Eventuelle n\u00f8dvendige pr\u00e6mieelementer skal k\u00f8bes separat.<\/li><li><strong>Hjemmesidens indhold:<\/strong>Du er ansvarlig for at levere tekst, billeder og brandelementer.<\/li><li><strong>Udviklingstid:\u00a0<\/strong>Forventet levering: 7-14 arbejdsdage, afh\u00e6ngigt af kompleksitet og din feedback.<\/li><li><strong>Revisioner:\u00a0<\/strong>Inkluderer 2 gratis revisionsrunder. Yderligere \u00e6ndringer kan medf\u00f8re omkostninger.<\/li><\/ul><h3>2. Forpligtelse og vedligeholdelse efter lanceringen<\/h3><ul><li><strong>8 m\u00e5neders forpligtelse:\u00a0<\/strong>Du accepterer at blive hos TechSpace i 8 m\u00e5neder efter lanceringen for aktiv drift.<\/li><li><strong>M\u00e5nedligt vedligeholdelsesgebyr:\u00a0<\/strong>Et mindre gebyr d\u00e6kker opdateringer, support, sikkerhedskopier og optimering af ydeevnen.<\/li><li><strong>Ejerskab:\u00a0<\/strong>Hjemmesiden er din efter 8 m\u00e5neder og fuld betaling.<\/li><li><strong>For tidlig afslutning:\u00a0<\/strong>I tilf\u00e6lde af tidlig opsigelse kan der opkr\u00e6ves et buy-out-gebyr svarende til de resterende m\u00e5neder.<\/li><\/ul><h3>3. Betalte tjenester<\/h3><ul><li>Andre tjenester (f.eks. Meta\/Google Ads, e-handel, UI\/UX, grafisk design) er skr\u00e6ddersyede og betalte tilbud.<\/li><\/ul><h3>4. Afslutning af projektet<\/h3><p>TechSpace kan aflyse eller udskyde, hvis:<\/p><ul><li><img decoding=\"async\" class=\"emoji lazyload\" role=\"img\" draggable=\"false\" data-src=\"https:\/\/s.w.org\/images\/core\/emoji\/16.0.1\/svg\/274c.svg\" alt=\"\u274c\" src=\"data:image\/svg+xml;base64,PHN2ZyB3aWR0aD0iMSIgaGVpZ2h0PSIxIiB4bWxucz0iaHR0cDovL3d3dy53My5vcmcvMjAwMC9zdmciPjwvc3ZnPg==\" \/>\u00a0Ingen feedback eller adgang fra kunden inden for 10 dage<\/li><li><img decoding=\"async\" class=\"emoji lazyload\" role=\"img\" draggable=\"false\" data-src=\"https:\/\/s.w.org\/images\/core\/emoji\/16.0.1\/svg\/274c.svg\" alt=\"\u274c\" src=\"data:image\/svg+xml;base64,PHN2ZyB3aWR0aD0iMSIgaGVpZ2h0PSIxIiB4bWxucz0iaHR0cDovL3d3dy53My5vcmcvMjAwMC9zdmciPjwvc3ZnPg==\" \/>\u00a0Inaktiv kommunikation i mere end 14 dage<\/li><li><img decoding=\"async\" class=\"emoji lazyload\" role=\"img\" draggable=\"false\" data-src=\"https:\/\/s.w.org\/images\/core\/emoji\/16.0.1\/svg\/274c.svg\" alt=\"\u274c\" src=\"data:image\/svg+xml;base64,PHN2ZyB3aWR0aD0iMSIgaGVpZ2h0PSIxIiB4bWxucz0iaHR0cDovL3d3dy53My5vcmcvMjAwMC9zdmciPjwvc3ZnPg==\" \/>\u00a0Uprofessionel eller kr\u00e6nkende adf\u00e6rd<\/li><\/ul><p>I s\u00e5danne tilf\u00e6lde kan TechSpace tr\u00e6kke det gratis tilbud tilbage.<\/p><h3>5. Intellektuelle ejendomsrettigheder<\/h3><ul><li>Hjemmesiden er din efter 8 m\u00e5neder (med betaling).<\/li><li>TechSpace kan fremvise dit projekt i sin portef\u00f8lje.<\/li><\/ul><h3>6. Ansvarsfraskrivelse<\/h3><p>TechSpace er ikke ansvarlig for:<\/p><ul><li>Nedetid for\u00e5rsaget af hosting eller tredjepartsleverand\u00f8rer<\/li><li>Plugin-konflikter eller \u00e6ndringer foretaget af kunden<\/li><li>Skader efter levering uden aktiv vedligeholdelse<\/li><\/ul><h3>7. Kontakt til os<\/h3><p>Har du nogle sp\u00f8rgsm\u00e5l? Vi er her for at hj\u00e6lpe.<\/p><p><strong><img decoding=\"async\" class=\"emoji lazyload\" role=\"img\" draggable=\"false\" data-src=\"https:\/\/s.w.org\/images\/core\/emoji\/16.0.1\/svg\/1f4de.svg\" alt=\"\ud83d\udcde\" src=\"data:image\/svg+xml;base64,PHN2ZyB3aWR0aD0iMSIgaGVpZ2h0PSIxIiB4bWxucz0iaHR0cDovL3d3dy53My5vcmcvMjAwMC9zdmciPjwvc3ZnPg==\" \/><a href=\"tel:+4791925014\">+47 919 25 014<\/a><\/strong><\/p><p><strong><img decoding=\"async\" class=\"emoji lazyload\" role=\"img\" draggable=\"false\" data-src=\"https:\/\/s.w.org\/images\/core\/emoji\/16.0.1\/svg\/1f4e7.svg\" alt=\"\ud83d\udce7\" src=\"data:image\/svg+xml;base64,PHN2ZyB3aWR0aD0iMSIgaGVpZ2h0PSIxIiB4bWxucz0iaHR0cDovL3d3dy53My5vcmcvMjAwMC9zdmciPjwvc3ZnPg==\" \/><a href=\"mailto:post@techspace.no\">post@techspace.no<\/a><\/strong>\u201c<\/p><\/div><p>\u00a0<\/p>\t\t\t\t\t\t\t\t<\/div>\n\t\t\t\t<div class=\"elementor-element elementor-element-bae4147 elementor-widget elementor-widget-text-editor\" data-id=\"bae4147\" data-element_type=\"widget\" data-e-type=\"widget\" id=\"sla\" data-widget_type=\"text-editor.default\">\n\t\t\t\t\t\t\t\t\t<div class=\"elementor-element elementor-element-2564fe54 elementor-icon-list--layout-inline elementor-list-item-link-full_width elementor-widget elementor-widget-icon-list\" data-id=\"2564fe54\" data-element_type=\"widget\" data-widget_type=\"icon-list.default\"><h2><strong>Driftsaftale \/ SLA<\/strong><\/h2><h2 data-start=\"111\" data-end=\"134\">\u00a0<\/h2><p><span style=\"font-weight: 400;\">Denne driftsaftale regulerer ansvarsforholdet og leveringen af driftstjenester til WordPress eller lignende systemer mellem leverand\u00f8ren og kunden.<\/span><\/p><h2 data-start=\"111\" data-end=\"134\">\u00a0<\/h2><h2><b>Generel information<\/b><\/h2><h3><span style=\"font-weight: 400;\">Leverand\u00f8ren<\/span><\/h3><p><span style=\"font-weight: 400;\">Techspace Solutions AS, organisationsnummer 925 353 086, med adresse Rolf Hofmos gate 24, 0655 Oslo, betragtes som databehandler i henhold til GDPR. I kundeforholdet er leverand\u00f8ren b\u00e5de databehandler og dataansvarlig.<\/span><\/p><h3><span style=\"font-weight: 400;\">Kunder<\/span><\/h3><p><span style=\"font-weight: 400;\">Kunden, enten en fysisk eller juridisk person, betragtes som den dataansvarlige i henhold til GDPR.<\/span><\/p><h3><span style=\"font-weight: 400;\">Tjenesten<\/span><\/h3><p><span style=\"font-weight: 400;\">Leverand\u00f8ren forbeholder sig ret til at foretage \u00e6ndringer i tjenesten uden forudg\u00e5ende varsel. S\u00e5danne \u00e6ndringer vil ikke p\u00e5virke allerede betalte perioder.\u00a0<\/span><\/p><h3><span style=\"font-weight: 400;\">Opbevaring af kundeoplysninger<\/span><\/h3><p><span style=\"font-weight: 400;\">Leverand\u00f8ren opbevarer kun n\u00f8dvendige oplysninger om kunden til brug for fakturering og forretningskontakt. Kunden anerkender, at leverand\u00f8rens kunders data holdes adskilt fra kundens egne data og sikres gennem krypteret kommunikation.<\/span><\/p><h3><span style=\"font-weight: 400;\">Opbevaring og sikring af kundedata<\/span><\/h3><p><span style=\"font-weight: 400;\">Alle data opbevares inden for EU\/E\u00d8S, medmindre andet udtrykkeligt er aftalt mellem leverand\u00f8ren og kunden. Kundens data er sikret gennem robuste sikkerhedsrutiner, og kunden eller dennes autoriserede repr\u00e6sentant har ret til at anmode om adgang til sikkerhedsrutinerne og udf\u00f8re stikpr\u00f8vekontroller som aftalt. Eventuelle omkostninger i forbindelse med s\u00e5danne stikpr\u00f8vekontroller d\u00e6kkes af kunden.<\/span><\/p><h3><span style=\"font-weight: 400;\">Tavshedspligt<\/span><\/h3><p><span style=\"font-weight: 400;\">Leverand\u00f8ren forpligter sig til at behandle oplysninger, der er gemt i tjenesten, eller oplysninger om kunden fortroligt og ikke dele disse oplysninger med tredjeparter.<\/span><\/p><h3><span style=\"font-weight: 400;\">Kundens ansvar for egne data<\/span><\/h3><p><span style=\"font-weight: 400;\">Kunden er ansvarlig for at sikre, at alle oplysninger og data, der uploades til eller behandles via tjenesten, er i overensstemmelse med g\u00e6ldende love og regler. Dette omfatter, men er ikke begr\u00e6nset til, lovgivning om privatlivets fred og bestemmelser om ophavsret.<\/span><\/p><h3><span style=\"font-weight: 400;\">Kundedata ved afslutning af kundeforholdet<\/span><\/h3><p><span style=\"font-weight: 400;\">Ved oph\u00f8r af kundeforholdet vil alle data, der tilh\u00f8rer kunden, blive slettet inden for 90 dage efter oph\u00f8r af kundeforholdet, medmindre kunden anmoder om tidligere sletning. Kunden anerkender, at kundedata kan eksistere i \u00e6ldre sikkerhedskopier, og disse vil blive roteret ud over tid.<\/span><\/p><h3><span style=\"font-weight: 400;\">Underleverand\u00f8rer<\/span><\/h3><p><span style=\"font-weight: 400;\">Leverand\u00f8ren anvender DigitalOcean og Amazon Web Services som underleverand\u00f8rer til opbevaring af data, medmindre andet udtrykkeligt er aftalt mellem leverand\u00f8ren og kunden. Data opbevares inden for EU\/E\u00d8S, og underleverand\u00f8rerne opererer i overensstemmelse med GDPR.<\/span><\/p><h2 data-start=\"111\" data-end=\"134\">\u00a0<\/h2><h2><b>Aftale<\/b><\/h2><h3><span style=\"font-weight: 400;\">Begyndelse<\/span><\/h3><p><span style=\"font-weight: 400;\">Aftalen tr\u00e6der i kraft, n\u00e5r kunden accepterer tilbuddet og modtager en bekr\u00e6ftelse pr. e-mail eller ved at udfylde bestillingsformularen.<\/span><\/p><h3><span style=\"font-weight: 400;\">Opsigelse af aftalen fra kundens side<\/span><\/h3><p><span style=\"font-weight: 400;\">Kunden har ret til at opsige aftalen til enhver tid. Ved opsigelse udl\u00f8ber aftalen den sidste dag i den aktuelle m\u00e5ned, med tilbagebetaling for eventuelle ubrugte perioder.<\/span><\/p><h3><span style=\"font-weight: 400;\">Opsigelse af aftalen fra leverand\u00f8rens side<\/span><\/h3><p><span style=\"font-weight: 400;\">Leverand\u00f8ren har ret til at opsige aftalen med \u00f8jeblikkelig virkning og uden begrundelse. I tilf\u00e6lde af opsigelse forpligter leverand\u00f8ren sig til at levere kundens indhold elektronisk og til at tilbagebetale eventuelle udgifter for den ubrugte del af aftaleperioden.<\/span><\/p><h2 data-start=\"111\" data-end=\"134\">\u00a0<\/h2><h2><b>Betalingsmuligheder<\/b><\/h2><h3><span style=\"font-weight: 400;\">Betaling og abonnement<\/span><\/h3><p><span style=\"font-weight: 400;\">Tjenesten skal forudbetales for seks m\u00e5neder ad gangen, medmindre andet udtrykkeligt er aftalt.<\/span><\/p><h3><span style=\"font-weight: 400;\">Faktura<\/span><\/h3><p><span style=\"font-weight: 400;\">Fakturaer udstedes i det f\u00f8rste kvartal af de seks m\u00e5neder med en betalingsfrist p\u00e5 14 dage.<\/span><\/p><h3><span style=\"font-weight: 400;\">\u00c6ndring af pris<\/span><\/h3><p><span style=\"font-weight: 400;\">Leverand\u00f8ren forbeholder sig ret til at \u00e6ndre priser med rimelig forudg\u00e5ende varsel.<\/span><\/p><h3><span style=\"font-weight: 400;\">Manglende betaling<\/span><\/h3><p><span style=\"font-weight: 400;\">I tilf\u00e6lde af manglende betaling forbeholder leverand\u00f8ren sig ret til at lukke tjenesten uden forudg\u00e5ende varsel. For at gen\u00e5bne tjenesten vil der blive opkr\u00e6vet et gebyr p\u00e5 NOK 1.500.<\/span><\/p><h2 data-start=\"111\" data-end=\"134\">\u00a0<\/h2><h2><b>Ejerskab<\/b><\/h2><h3><span style=\"font-weight: 400;\">Indhold<\/span><\/h3><p><span style=\"font-weight: 400;\">Alt indhold, der uploades af kunden, forbliver kundens ejendom. Kunden er ansvarlig for at overholde alle relevante love og regler i forbindelse med dette indhold. I tilf\u00e6lde af overtr\u00e6delse af love forbeholder leverand\u00f8ren sig ret til at lukke tjenesten med det samme.<\/span><\/p><h2 data-start=\"111\" data-end=\"134\">\u00a0<\/h2><h3><span style=\"font-weight: 400;\">Kontroversielt indhold<\/span><\/h3><p><span style=\"font-weight: 400;\">Leverand\u00f8ren forbeholder sig ret til at lukke tjenesten, hvis indholdet er i strid med norsk lov eller leverand\u00f8rens standarder. Eksempler p\u00e5 s\u00e5dant indhold er racisme og pornografi.<\/span><\/p><h2 data-start=\"111\" data-end=\"134\">\u00a0<\/h2><h2><b>Datatrafik<\/b><span style=\"font-weight: 400;\">\u00a0<\/span><\/h2><p><span style=\"font-weight: 400;\">Den tilladte m\u00e6ngde datatrafik er specificeret pr. abonnement. Kunden f\u00e5r besked, hvis trafikgr\u00e6nsen overskrides.<\/span><\/p><h2 data-start=\"111\" data-end=\"134\">\u00a0<\/h2><h2><b>E-mail-adresse<\/b><\/h2><p><span style=\"font-weight: 400;\">Det er ikke tilladt at bruge udg\u00e5ende e-mailservere eller webservere til masseudsendelser. Aktivitet, der f\u00f8rer til sortlistning af udg\u00e5ende e-mailservere, kan resultere i lukning af webstedet.<\/span><\/p><h2 data-start=\"111\" data-end=\"134\">\u00a0<\/h2><h2><b>Brugerst\u00f8tte<\/b><\/h2><p><span style=\"font-weight: 400;\">Alle tjenester inkluderer e-mail-support. Telefonsupport er kun tilg\u00e6ngelig i n\u00f8dsituationer, medmindre andet er aftalt.<\/span><\/p><h3><span style=\"font-weight: 400;\">WordPress-support<\/span><\/h3><p><span style=\"font-weight: 400;\">Hj\u00e6lp til kunden med at l\u00f8se problemer relateret til standard WordPress-funktionalitet. Leverand\u00f8ren vil g\u00f8re sit bedste for at underst\u00f8tte udvidelser og skabeloner, men fejlfinding i egenproduceret kode er ikke inkluderet. Support omfatter identifikation af problemet, gennemgang af fejllogs p\u00e5 server og browser og s\u00f8gning i relevante ressourcer efter l\u00f8sninger. Enkle fejl, der kan l\u00f8ses, vil blive l\u00f8st som en del af abonnementet.<\/span><\/p><h3><span style=\"font-weight: 400;\">Support-platform<\/span><\/h3><p><span style=\"font-weight: 400;\">Alle kunder har gratis brugersupport til platformens tjenester, herunder backup, cache, firewall, sftp osv.<\/span><\/p><h3><span style=\"font-weight: 400;\">Brugersupport og videreudvikling af andre l\u00f8sninger<\/span><\/h3><p><span style=\"font-weight: 400;\">Support og videreudvikling af andre l\u00f8sninger end WordPress faktureres pr. time til den g\u00e6ldende timepris, medmindre andet er aftalt skriftligt.<\/span><\/p><h2 data-start=\"111\" data-end=\"134\">\u00a0<\/h2><h2><b>Svartider<\/b><\/h2><p><span style=\"font-weight: 400;\">E-mailforesp\u00f8rgsler besvares inden for 24 timer. I ferieperioder kan telefonservicen v\u00e6re begr\u00e6nset. Alle e-mailforesp\u00f8rgsler vil blive besvaret inden for 1 arbejdsdag, medmindre andet er aftalt.<\/span><\/p><h2 data-start=\"111\" data-end=\"134\">\u00a0<\/h2><h2><b>Fejlfinding<\/b><\/h2><p><span style=\"font-weight: 400;\">Fejlfinding af serviceforringende problemer skal p\u00e5begyndes inden for 2 timer efter modtagelse af henvendelsen. Mindre fejl skal p\u00e5begyndes inden for 1 arbejdsdag efter modtagelse af henvendelsen.<\/span><\/p><h2 data-start=\"111\" data-end=\"134\">\u00a0<\/h2><h2><b>Hacker-garanti<\/b><\/h2><p><span style=\"font-weight: 400;\">Leverand\u00f8ren garanterer gratis rensning af WordPress-websteder for hackerinfektioner under foruds\u00e6tning af, at kunden holder WordPress, skabeloner og udvidelser opdaterede. Garantien g\u00e6lder uanset kundens abonnementstype. Garantien bortfalder, hvis kunden \u00e5bner sine egne bagd\u00f8re til omverdenen, bruger svage adgangskoder, der brydes ved brute force-angreb, eller hvis hjemmesiden blev hacket, f\u00f8r den blev flyttet til leverand\u00f8rens servere. Leverand\u00f8ren forbeholder sig ret til at lukke en hjemmeside, der er blevet hacket, indtil den er blevet renset for infektioner.<\/span><\/p><h2 data-start=\"111\" data-end=\"134\">\u00a0<\/h2><h2><b>Opdatering af WordPress, udvidelser og skabeloner<\/b><\/h2><p><span style=\"font-weight: 400;\">Alle abonnementer inkluderer en opdatering af WordPress. Samtidig opdateres alle tilg\u00e6ngelige udvidelser og skabeloner. Efter opdateringen foretager leverand\u00f8ren en visuel kontrol for at sikre, at alt fungerer som forventet. Hvis der opdages problemer, nulstiller leverand\u00f8ren hjemmesiden og informerer kunden.<\/span><\/p><h2 data-start=\"111\" data-end=\"134\">\u00a0<\/h2><h2><b>Drift<\/b><\/h2><h3><span style=\"font-weight: 400;\">Backup<\/span><\/h3><p><span style=\"font-weight: 400;\">Leverand\u00f8ren forpligter sig til at lave en backup hver nat og gemme alle data i op til 6 dage.<\/span><\/p><h3><span style=\"font-weight: 400;\">Gendannelse af data<\/span><\/h3><p><span style=\"font-weight: 400;\">Gendannelse af data vil blive udf\u00f8rt gratis i tilf\u00e6lde af datatab, der ikke er for\u00e5rsaget af kunden, eller mislykkede opdateringer af WordPress, udvidelser og skabeloner.<\/span><\/p><h3><span style=\"font-weight: 400;\">Garanteret oppetid<\/span><\/h3><p><span style=\"font-weight: 400;\">Leverand\u00f8ren forpligter sig til at s\u00f8rge for sikker drift af serverne. Tjenesten skal v\u00e6re i drift 24 timer i d\u00f8gnet, med undtagelse af n\u00f8dvendig vedligeholdelse. Leverand\u00f8ren garanterer 99% oppetid over en m\u00e5ned. I tilf\u00e6lde af nedetid ud over dette, vil kunden blive krediteret. Krediteringsprocenterne er som f\u00f8lger: 98% oppetid giver 25% kredit, 95% oppetid giver 50% kredit. Planlagt vedligeholdelse, fejl i WordPress eller plugins, fejl beg\u00e5et af kunden og force majeure betragtes ikke som nedetid i denne sammenh\u00e6ng.<\/span><\/p><h2 data-start=\"111\" data-end=\"134\">\u00a0<\/h2><h2><b>Overf\u00f8rsel\/videresalg<\/b><\/h2><h3><span style=\"font-weight: 400;\">Kunder<\/span><\/h3><p><span style=\"font-weight: 400;\">Kunden m\u00e5 ikke overdrage forpligtelser eller rettigheder til tredjemand uden leverand\u00f8rens skriftlige samtykke.<\/span><\/p><h3><span style=\"font-weight: 400;\">Leverand\u00f8ren<\/span><\/h3><p><span style=\"font-weight: 400;\">Leverand\u00f8ren kan overdrage alle forpligtelser og rettigheder i aftalen til tredjeparter.<\/span><\/p><h2 data-start=\"111\" data-end=\"134\">\u00a0<\/h2><h2><b>Ansvar for skader<\/b><\/h2><p><span style=\"font-weight: 400;\">Leverand\u00f8ren er kun ansvarlig for skader i tilf\u00e6lde af grov uagtsomhed, og ansvaret er begr\u00e6nset til det bel\u00f8b, som kunden har betalt for tjenesten i l\u00f8bet af de sidste tre m\u00e5neder, beregnet fra tidspunktet for skaden. Leverand\u00f8ren er ikke ansvarlig over for tredjeparter.<\/span><\/p><h2 data-start=\"111\" data-end=\"134\">\u00a0<\/h2><h2><b>Force Majeure<\/b><\/h2><p><span style=\"font-weight: 400;\">Hvis tjenesten ikke kan leveres helt eller delvist p\u00e5 grund af omst\u00e6ndigheder, der ligger uden for leverand\u00f8rens kontrol, fritager dette leverand\u00f8ren for sine forpligtelser, s\u00e5 l\u00e6nge omst\u00e6ndighederne varer. S\u00e5danne omst\u00e6ndigheder omfatter, men er ikke begr\u00e6nset til, hackerangreb, strejker, politiske beslutninger og linjefejl i telenetv\u00e6rket.<\/span><\/p><\/div>\t\t\t\t\t\t\t\t<\/div>\n\t\t\t\t<\/div>\n\t\t\t\t<div class=\"elementor-element elementor-element-c408e73 elementor-widget elementor-widget-html\" data-id=\"c408e73\" data-element_type=\"widget\" data-e-type=\"widget\" data-widget_type=\"html.default\">\n\t\t\t\t\t<style>\n    h2 {\n  font-size: clamp(1.4rem, 2.5vw + 0.5rem, 2rem) !important;\n}\n\nh3 {\n  font-size: clamp(1.1rem, 2vw + 0.3rem, 1.5rem)!important;\n}\n\n<\/style>\t\t\t\t<\/div>\n\t\t\t\t<div class=\"elementor-element elementor-element-86bb60b elementor-widget elementor-widget-spacer\" data-id=\"86bb60b\" data-element_type=\"widget\" data-e-type=\"widget\" data-widget_type=\"spacer.default\">\n\t\t\t\t\t\t\t<div class=\"elementor-spacer\">\n\t\t\t<div class=\"elementor-spacer-inner\"><\/div>\n\t\t<\/div>\n\t\t\t\t\t\t<\/div>\n\t\t\t\t\t<\/div>\n\t\t\t\t<\/div>\n\t\t\t\t<\/div>","protected":false},"excerpt":{"rendered":"<p>Vilk\u00e5r og betingelser Disse vilk\u00e5rene beskriver betingelsene for hvordan vi tilbyr v\u00e5re gratis og betalte digitale tjenester hos TechSpace. Vennligst les dem n\u00f8ye f\u00f8r du inng\u00e5r et samarbeid.\u00a0 \u201cVelkommen til TechSpace, Ved \u00e5 bruke nettstedet og tjenestene v\u00e5re, godtar du f\u00f8lgende vilk\u00e5r for \u00e5 sikre klarhet, tillit og et smidig samarbeid. 1. Tilbud om gratis [&hellip;]<\/p>\n","protected":false},"author":1,"featured_media":0,"parent":2403,"menu_order":0,"comment_status":"closed","ping_status":"closed","template":"","meta":{"footnotes":"","_wp_rev_ctl_limit":""},"class_list":["post-4017","page","type-page","status-publish","hentry"],"_links":{"self":[{"href":"https:\/\/techspace.no\/da\/wp-json\/wp\/v2\/pages\/4017","targetHints":{"allow":["GET"]}}],"collection":[{"href":"https:\/\/techspace.no\/da\/wp-json\/wp\/v2\/pages"}],"about":[{"href":"https:\/\/techspace.no\/da\/wp-json\/wp\/v2\/types\/page"}],"author":[{"embeddable":true,"href":"https:\/\/techspace.no\/da\/wp-json\/wp\/v2\/users\/1"}],"replies":[{"embeddable":true,"href":"https:\/\/techspace.no\/da\/wp-json\/wp\/v2\/comments?post=4017"}],"version-history":[{"count":0,"href":"https:\/\/techspace.no\/da\/wp-json\/wp\/v2\/pages\/4017\/revisions"}],"up":[{"embeddable":true,"href":"https:\/\/techspace.no\/da\/wp-json\/wp\/v2\/pages\/2403"}],"wp:attachment":[{"href":"https:\/\/techspace.no\/da\/wp-json\/wp\/v2\/media?parent=4017"}],"curies":[{"name":"wp","href":"https:\/\/api.w.org\/{rel}","templated":true}]}}