{"id":3271,"date":"2025-05-20T06:08:11","date_gmt":"2025-05-20T06:08:11","guid":{"rendered":"https:\/\/techspace.no\/?page_id=3271"},"modified":"2026-02-17T00:02:50","modified_gmt":"2026-02-17T00:02:50","slug":"hjaelpeside","status":"publish","type":"page","link":"https:\/\/techspace.no\/da\/om-oss\/support\/hjelpeside\/","title":{"rendered":"hj\u00e6lpeside"},"content":{"rendered":"<div data-elementor-type=\"wp-page\" data-elementor-id=\"3271\" class=\"elementor elementor-3271\" data-elementor-post-type=\"page\">\n\t\t\t\t<div class=\"elementor-element elementor-element-fccf9bf e-flex e-con-boxed e-con e-parent\" data-id=\"fccf9bf\" data-element_type=\"container\" data-e-type=\"container\" data-settings=\"{&quot;background_background&quot;:&quot;classic&quot;}\">\n\t\t\t\t\t<div class=\"e-con-inner\">\n\t\t\t\t<div class=\"elementor-element elementor-element-d867d3a elementor-widget__width-initial elementor-widget elementor-widget-heading\" data-id=\"d867d3a\" data-element_type=\"widget\" data-e-type=\"widget\" data-widget_type=\"heading.default\">\n\t\t\t\t\t<h1 class=\"elementor-heading-title elementor-size-default\">Velkommen til vores hj\u00e6lpesider<\/h1>\t\t\t\t<\/div>\n\t\t\t\t<div class=\"elementor-element elementor-element-908932f elementor-widget__width-initial elementor-widget elementor-widget-text-editor\" data-id=\"908932f\" data-element_type=\"widget\" data-e-type=\"widget\" data-widget_type=\"text-editor.default\">\n\t\t\t\t\t\t\t\t\t<p>Her finder du en oversigt over alle de store og sm\u00e5 sp\u00f8rgsm\u00e5l, vi normalt f\u00e5r om vores hjemmesider. Du kan ogs\u00e5 finde oplysninger om, hvordan du opretter dine e-mailkonti hos os i forskellige apps og programmer. Tag et kig og kontakt os, hvis du har flere sp\u00f8rgsm\u00e5l!<\/p>\t\t\t\t\t\t\t\t<\/div>\n\t\t\t\t\t<\/div>\n\t\t\t\t<\/div>\n\t\t<div class=\"elementor-element elementor-element-add7221 e-flex e-con-boxed e-con e-parent\" data-id=\"add7221\" data-element_type=\"container\" data-e-type=\"container\">\n\t\t\t\t\t<div class=\"e-con-inner\">\n\t\t<div class=\"elementor-element elementor-element-b11b9b4 e-con-full e-flex e-con e-child\" data-id=\"b11b9b4\" data-element_type=\"container\" data-e-type=\"container\" data-settings=\"{&quot;background_background&quot;:&quot;classic&quot;}\">\n\t\t<div class=\"elementor-element elementor-element-aaa9325 e-con-full e-flex e-con e-child\" data-id=\"aaa9325\" data-element_type=\"container\" data-e-type=\"container\">\n\t\t\t\t<div class=\"elementor-element elementor-element-60697e7 elementor-icon-list--layout-inline elementor-list-item-link-full_width elementor-widget elementor-widget-icon-list\" data-id=\"60697e7\" data-element_type=\"widget\" data-e-type=\"widget\" data-widget_type=\"icon-list.default\">\n\t\t\t\t\t\t\t<ul class=\"elementor-icon-list-items elementor-inline-items\">\n\t\t\t\t\t\t\t<li class=\"elementor-icon-list-item elementor-inline-item\">\n\t\t\t\t\t\t\t\t\t\t\t<a href=\"#Mono-nettside\">\n\n\t\t\t\t\t\t\t\t\t\t\t<span class=\"elementor-icon-list-text\">Sp\u00f8rgsm\u00e5l om mono-websider<\/span>\n\t\t\t\t\t\t\t\t\t\t\t<\/a>\n\t\t\t\t\t\t\t\t\t<\/li>\n\t\t\t\t\t\t<\/ul>\n\t\t\t\t\t\t<\/div>\n\t\t\t\t<div class=\"elementor-element elementor-element-0cab938 elementor-icon-list--layout-inline elementor-list-item-link-full_width elementor-widget elementor-widget-icon-list\" data-id=\"0cab938\" data-element_type=\"widget\" data-e-type=\"widget\" data-widget_type=\"icon-list.default\">\n\t\t\t\t\t\t\t<ul class=\"elementor-icon-list-items elementor-inline-items\">\n\t\t\t\t\t\t\t<li class=\"elementor-icon-list-item elementor-inline-item\">\n\t\t\t\t\t\t\t\t\t\t\t<a href=\"#FAQS\">\n\n\t\t\t\t\t\t\t\t\t\t\t<span class=\"elementor-icon-list-text\">Vores oftest stillede sp\u00f8rgsm\u00e5l<\/span>\n\t\t\t\t\t\t\t\t\t\t\t<\/a>\n\t\t\t\t\t\t\t\t\t<\/li>\n\t\t\t\t\t\t<\/ul>\n\t\t\t\t\t\t<\/div>\n\t\t\t\t<div class=\"elementor-element elementor-element-4ef7da4 elementor-icon-list--layout-inline elementor-list-item-link-full_width elementor-widget elementor-widget-icon-list\" data-id=\"4ef7da4\" data-element_type=\"widget\" data-e-type=\"widget\" data-widget_type=\"icon-list.default\">\n\t\t\t\t\t\t\t<ul class=\"elementor-icon-list-items elementor-inline-items\">\n\t\t\t\t\t\t\t<li class=\"elementor-icon-list-item elementor-inline-item\">\n\t\t\t\t\t\t\t\t\t\t\t<a href=\"#prosesser\">\n\n\t\t\t\t\t\t\t\t\t\t\t<span class=\"elementor-icon-list-text\">Processer og deadlines<\/span>\n\t\t\t\t\t\t\t\t\t\t\t<\/a>\n\t\t\t\t\t\t\t\t\t<\/li>\n\t\t\t\t\t\t<\/ul>\n\t\t\t\t\t\t<\/div>\n\t\t\t\t<\/div>\n\t\t\t\t<div class=\"elementor-element elementor-element-8725ba6 elementor-widget elementor-widget-menu-anchor\" data-id=\"8725ba6\" data-element_type=\"widget\" data-e-type=\"widget\" data-widget_type=\"menu-anchor.default\">\n\t\t\t\t\t\t\t<div class=\"elementor-menu-anchor\" id=\"FAQS\"><\/div>\n\t\t\t\t\t\t<\/div>\n\t\t\t\t<div class=\"elementor-element elementor-element-1587113 elementor-widget elementor-widget-heading\" data-id=\"1587113\" data-element_type=\"widget\" data-e-type=\"widget\" data-widget_type=\"heading.default\">\n\t\t\t\t\t<h2 class=\"elementor-heading-title elementor-size-default\">Vores oftest stillede sp\u00f8rgsm\u00e5l:<\/h2>\t\t\t\t<\/div>\n\t\t\t\t<div class=\"elementor-element elementor-element-f47884d elementor-widget-divider--view-line elementor-widget elementor-widget-divider\" data-id=\"f47884d\" data-element_type=\"widget\" data-e-type=\"widget\" data-widget_type=\"divider.default\">\n\t\t\t\t\t\t\t<div class=\"elementor-divider\">\n\t\t\t<span class=\"elementor-divider-separator\">\n\t\t\t\t\t\t<\/span>\n\t\t<\/div>\n\t\t\t\t\t\t<\/div>\n\t\t\t\t<div class=\"elementor-element elementor-element-d616fea elementor-widget elementor-widget-icon-box\" data-id=\"d616fea\" data-element_type=\"widget\" data-e-type=\"widget\" data-widget_type=\"icon-box.default\">\n\t\t\t\t\t\t\t<div class=\"elementor-icon-box-wrapper\">\n\n\t\t\t\n\t\t\t\t\t\t<div class=\"elementor-icon-box-content\">\n\n\t\t\t\t\t\t\t\t\t<h3 class=\"elementor-icon-box-title\">\n\t\t\t\t\t\t<span  >\n\t\t\t\t\t\t\tHvad er inkluderet i gratis support?\t\t\t\t\t\t<\/span>\n\t\t\t\t\t<\/h3>\n\t\t\t\t\n\t\t\t\t\t\t\t\t\t<p class=\"elementor-icon-box-description\">\n\t\t\t\t\t\tVi er her for dig, og vi hj\u00e6lper dig gerne, hvis du har sp\u00f8rgsm\u00e5l. Support defineres som brugersupport, hvor vi hj\u00e6lper vores brugere med at l\u00f8se et behov\/problem i forbindelse med hjemmesidens service. Gratis support omfatter ogs\u00e5 mindre \u00e6ndringer af din hjemmeside, n\u00e5r der er behov for det.  \n\n <br><br>\n\nHvis der er behov for support, der overskrider de givne tidsrammer, vil dette blive meddelt. I s\u00e5 fald g\u00e6lder standardprislisten. \u00c6ndringer af hjemmesiden p\u00e5 baggrund af en konsultation skal aftales kontraktligt og vil blive faktureret.\t\t\t\t\t<\/p>\n\t\t\t\t\n\t\t\t<\/div>\n\t\t\t\n\t\t<\/div>\n\t\t\t\t\t\t<\/div>\n\t\t\t\t<div class=\"elementor-element elementor-element-bee7ea1 elementor-widget-divider--view-line elementor-widget elementor-widget-divider\" data-id=\"bee7ea1\" data-element_type=\"widget\" data-e-type=\"widget\" data-widget_type=\"divider.default\">\n\t\t\t\t\t\t\t<div class=\"elementor-divider\">\n\t\t\t<span class=\"elementor-divider-separator\">\n\t\t\t\t\t\t<\/span>\n\t\t<\/div>\n\t\t\t\t\t\t<\/div>\n\t\t\t\t<div class=\"elementor-element elementor-element-38ead82 elementor-widget elementor-widget-icon-box\" data-id=\"38ead82\" data-element_type=\"widget\" data-e-type=\"widget\" data-widget_type=\"icon-box.default\">\n\t\t\t\t\t\t\t<div class=\"elementor-icon-box-wrapper\">\n\n\t\t\t\n\t\t\t\t\t\t<div class=\"elementor-icon-box-content\">\n\n\t\t\t\t\t\t\t\t\t<h3 class=\"elementor-icon-box-title\">\n\t\t\t\t\t\t<span  >\n\t\t\t\t\t\t\tHvorfor dukker min hjemmeside ikke op i Googles s\u00f8geresultater?\t\t\t\t\t\t<\/span>\n\t\t\t\t\t<\/h3>\n\t\t\t\t\n\t\t\t\t\t\t\t\t\t<p class=\"elementor-icon-box-description\">\n\t\t\t\t\t\tAlle nye hjemmesider skal gennemg\u00e5 et kvalitetstjek, f\u00f8r de rangeres i Google-s\u00f8gninger. Det sker for at forhindre, at irrelevante sider og sider fyldt med spam rangerer h\u00f8jt i din s\u00f8gning. Hvor lang tid det tager, kan variere fra side til side. Google har ikke angivet en estimeret tid, men det kan g\u00e5 hurtigere, hvis der genereres trafik til siden. Vi anbefaler derfor, at man deler siden p\u00e5 de sociale medier, laver links til partnere og omvendt.  \t\t\t\t\t<\/p>\n\t\t\t\t\n\t\t\t<\/div>\n\t\t\t\n\t\t<\/div>\n\t\t\t\t\t\t<\/div>\n\t\t\t\t<div class=\"elementor-element elementor-element-2a76fa5 elementor-widget-divider--view-line elementor-widget elementor-widget-divider\" data-id=\"2a76fa5\" data-element_type=\"widget\" data-e-type=\"widget\" data-widget_type=\"divider.default\">\n\t\t\t\t\t\t\t<div class=\"elementor-divider\">\n\t\t\t<span class=\"elementor-divider-separator\">\n\t\t\t\t\t\t<\/span>\n\t\t<\/div>\n\t\t\t\t\t\t<\/div>\n\t\t\t\t<div class=\"elementor-element elementor-element-7ccaf48 elementor-widget elementor-widget-icon-box\" data-id=\"7ccaf48\" data-element_type=\"widget\" data-e-type=\"widget\" data-widget_type=\"icon-box.default\">\n\t\t\t\t\t\t\t<div class=\"elementor-icon-box-wrapper\">\n\n\t\t\t\n\t\t\t\t\t\t<div class=\"elementor-icon-box-content\">\n\n\t\t\t\t\t\t\t\t\t<h3 class=\"elementor-icon-box-title\">\n\t\t\t\t\t\t<span  >\n\t\t\t\t\t\t\tHvilke kontraktvilk\u00e5r har vi med dig?\t\t\t\t\t\t<\/span>\n\t\t\t\t\t<\/h3>\n\t\t\t\t\n\t\t\t\t\n\t\t\t<\/div>\n\t\t\t\n\t\t<\/div>\n\t\t\t\t\t\t<\/div>\n\t\t\t\t<div class=\"elementor-element elementor-element-db4ef03 elementor-widget elementor-widget-text-editor\" data-id=\"db4ef03\" data-element_type=\"widget\" data-e-type=\"widget\" data-widget_type=\"text-editor.default\">\n\t\t\t\t\t\t\t\t\t<p>Du kan l\u00e6se vores nuv\u00e6rende vilk\u00e5r og betingelser her.<\/p><p>Hvis du gerne vil have en kopi af din aftale, har sp\u00f8rgsm\u00e5l til en faktura eller lignende, s\u00e5 kontakt os, s\u00e5 hj\u00e6lper vi dig!<\/p>\t\t\t\t\t\t\t\t<\/div>\n\t\t\t\t<div class=\"elementor-element elementor-element-e78faa8 elementor-widget-divider--view-line elementor-widget elementor-widget-divider\" data-id=\"e78faa8\" data-element_type=\"widget\" data-e-type=\"widget\" data-widget_type=\"divider.default\">\n\t\t\t\t\t\t\t<div class=\"elementor-divider\">\n\t\t\t<span class=\"elementor-divider-separator\">\n\t\t\t\t\t\t<\/span>\n\t\t<\/div>\n\t\t\t\t\t\t<\/div>\n\t\t\t\t<div class=\"elementor-element elementor-element-21d0ffb elementor-widget elementor-widget-heading\" data-id=\"21d0ffb\" data-element_type=\"widget\" data-e-type=\"widget\" data-widget_type=\"heading.default\">\n\t\t\t\t\t<h3 class=\"elementor-heading-title elementor-size-default\">Hvad sker der med min hjemmeside, n\u00e5r jeg afbestiller?<\/h3>\t\t\t\t<\/div>\n\t\t\t\t<div class=\"elementor-element elementor-element-5696afd elementor-widget elementor-widget-text-editor\" data-id=\"5696afd\" data-element_type=\"widget\" data-e-type=\"widget\" data-widget_type=\"text-editor.default\">\n\t\t\t\t\t\t\t\t\tSelv om du har oprettet dom\u00e6net hos os eller en anden udbyder, kan du selvf\u00f8lgelig beholde det. Dom\u00e6ner registreres altid p\u00e5 organisationsnummeret. Selve hjemmesiden slettes, n\u00e5r aftalen udl\u00f8ber. \t\t\t\t\t\t\t\t<\/div>\n\t\t\t\t<div class=\"elementor-element elementor-element-f261512 elementor-widget elementor-widget-menu-anchor\" data-id=\"f261512\" data-element_type=\"widget\" data-e-type=\"widget\" data-widget_type=\"menu-anchor.default\">\n\t\t\t\t\t\t\t<div class=\"elementor-menu-anchor\" id=\"Mono-nettside\"><\/div>\n\t\t\t\t\t\t<\/div>\n\t\t\t\t<div class=\"elementor-element elementor-element-519214d elementor-widget elementor-widget-spacer\" data-id=\"519214d\" data-element_type=\"widget\" data-e-type=\"widget\" data-widget_type=\"spacer.default\">\n\t\t\t\t\t\t\t<div class=\"elementor-spacer\">\n\t\t\t<div class=\"elementor-spacer-inner\"><\/div>\n\t\t<\/div>\n\t\t\t\t\t\t<\/div>\n\t\t\t\t<div class=\"elementor-element elementor-element-855c923 elementor-widget elementor-widget-heading\" data-id=\"855c923\" data-element_type=\"widget\" data-e-type=\"widget\" data-widget_type=\"heading.default\">\n\t\t\t\t\t<h2 class=\"elementor-heading-title elementor-size-default\">Sp\u00f8rgsm\u00e5l om mono-websider:<\/h2>\t\t\t\t<\/div>\n\t\t\t\t<div class=\"elementor-element elementor-element-3b5016d elementor-widget-divider--view-line elementor-widget elementor-widget-divider\" data-id=\"3b5016d\" data-element_type=\"widget\" data-e-type=\"widget\" data-widget_type=\"divider.default\">\n\t\t\t\t\t\t\t<div class=\"elementor-divider\">\n\t\t\t<span class=\"elementor-divider-separator\">\n\t\t\t\t\t\t<\/span>\n\t\t<\/div>\n\t\t\t\t\t\t<\/div>\n\t\t\t\t<div class=\"elementor-element elementor-element-ce55cf1 elementor-widget elementor-widget-heading\" data-id=\"ce55cf1\" data-element_type=\"widget\" data-e-type=\"widget\" data-widget_type=\"heading.default\">\n\t\t\t\t\t<h3 class=\"elementor-heading-title elementor-size-default\">Hvor lang tid tager det, f\u00f8r hjemmesiden er klar?<\/h3>\t\t\t\t<\/div>\n\t\t\t\t<div class=\"elementor-element elementor-element-afc494f elementor-widget elementor-widget-text-editor\" data-id=\"afc494f\" data-element_type=\"widget\" data-e-type=\"widget\" data-widget_type=\"text-editor.default\">\n\t\t\t\t\t\t\t\t\t<p>Den tid, det tager at lancere din hjemmeside, afh\u00e6nger af, hvor hurtigt du som kunde kan indsende det materiale, du vil have med p\u00e5 hjemmesiden, og hvor hurtig du er til at give feedback undervejs.<\/p><p>Standardleveringstiden for vores pakkel\u00f8sninger er ca. 1 m\u00e5ned.<\/p>\t\t\t\t\t\t\t\t<\/div>\n\t\t\t\t<div class=\"elementor-element elementor-element-07b428a elementor-widget-divider--view-line elementor-widget elementor-widget-divider\" data-id=\"07b428a\" data-element_type=\"widget\" data-e-type=\"widget\" data-widget_type=\"divider.default\">\n\t\t\t\t\t\t\t<div class=\"elementor-divider\">\n\t\t\t<span class=\"elementor-divider-separator\">\n\t\t\t\t\t\t<\/span>\n\t\t<\/div>\n\t\t\t\t\t\t<\/div>\n\t\t\t\t<div class=\"elementor-element elementor-element-061ef88 elementor-widget elementor-widget-heading\" data-id=\"061ef88\" data-element_type=\"widget\" data-e-type=\"widget\" data-widget_type=\"heading.default\">\n\t\t\t\t\t<h3 class=\"elementor-heading-title elementor-size-default\">Hvor kan jeg levere materiale til min hjemmeside?<\/h3>\t\t\t\t<\/div>\n\t\t\t\t<div class=\"elementor-element elementor-element-ea280c0 elementor-widget elementor-widget-text-editor\" data-id=\"ea280c0\" data-element_type=\"widget\" data-e-type=\"widget\" data-widget_type=\"text-editor.default\">\n\t\t\t\t\t\t\t\t\t<p>Du kan sende os materiale til din hjemmeside p\u00e5 <a href=\"mailto:post@techspace.no\">post@techspace.no<\/a>, eller ring til os p\u00e5 <a href=\"tel:+4791925014\">919 25 014<\/a>. (valg af tast 2)<\/p>\t\t\t\t\t\t\t\t<\/div>\n\t\t\t\t<div class=\"elementor-element elementor-element-4386e32 elementor-widget-divider--view-line elementor-widget elementor-widget-divider\" data-id=\"4386e32\" data-element_type=\"widget\" data-e-type=\"widget\" data-widget_type=\"divider.default\">\n\t\t\t\t\t\t\t<div class=\"elementor-divider\">\n\t\t\t<span class=\"elementor-divider-separator\">\n\t\t\t\t\t\t<\/span>\n\t\t<\/div>\n\t\t\t\t\t\t<\/div>\n\t\t\t\t<div class=\"elementor-element elementor-element-da83812 elementor-widget elementor-widget-heading\" data-id=\"da83812\" data-element_type=\"widget\" data-e-type=\"widget\" data-widget_type=\"heading.default\">\n\t\t\t\t\t<h3 class=\"elementor-heading-title elementor-size-default\">Hvorfor st\u00e5r der, at e-mail er inkluderet i pakken, hvad har det med hjemmesiden at g\u00f8re?<\/h3>\t\t\t\t<\/div>\n\t\t\t\t<div class=\"elementor-element elementor-element-bc5a9f2 elementor-widget elementor-widget-text-editor\" data-id=\"bc5a9f2\" data-element_type=\"widget\" data-e-type=\"widget\" data-widget_type=\"text-editor.default\">\n\t\t\t\t\t\t\t\t\t<p>Alle vores pakker inkluderer ogs\u00e5 e-mail(e). Antallet afh\u00e6nger af den pakke, du v\u00e6lger, men du kan altid k\u00f8be flere, hvis du har brug for det. E-mailen er relateret til dit dom\u00e6ne. Det betyder, at hvis din webadresse er www.eksempel.no, ejer du rettighederne til e-mailadressen post@eksempel.no.<\/p><p>Hvis du allerede har e-mailkonti til dig og dine medarbejdere, kan du forts\u00e6tte med at bruge dem p\u00e5 samme m\u00e5de som f\u00f8r. I s\u00e5 fald beholder du den e-mailaftale, du har med din nuv\u00e6rende udbyder, eller du kan flytte dem over til os.<\/p>\t\t\t\t\t\t\t\t<\/div>\n\t\t\t\t<div class=\"elementor-element elementor-element-c472fc2 elementor-widget elementor-widget-menu-anchor\" data-id=\"c472fc2\" data-element_type=\"widget\" data-e-type=\"widget\" data-widget_type=\"menu-anchor.default\">\n\t\t\t\t\t\t\t<div class=\"elementor-menu-anchor\" id=\"prosesser\"><\/div>\n\t\t\t\t\t\t<\/div>\n\t\t\t\t<div class=\"elementor-element elementor-element-a24289e elementor-widget elementor-widget-spacer\" data-id=\"a24289e\" data-element_type=\"widget\" data-e-type=\"widget\" data-widget_type=\"spacer.default\">\n\t\t\t\t\t\t\t<div class=\"elementor-spacer\">\n\t\t\t<div class=\"elementor-spacer-inner\"><\/div>\n\t\t<\/div>\n\t\t\t\t\t\t<\/div>\n\t\t\t\t<div class=\"elementor-element elementor-element-4303997 elementor-widget elementor-widget-heading\" data-id=\"4303997\" data-element_type=\"widget\" data-e-type=\"widget\" data-widget_type=\"heading.default\">\n\t\t\t\t\t<h2 class=\"elementor-heading-title elementor-size-default\">Processer og deadlines:<\/h2>\t\t\t\t<\/div>\n\t\t\t\t<div class=\"elementor-element elementor-element-5c7d78d elementor-widget-divider--view-line elementor-widget elementor-widget-divider\" data-id=\"5c7d78d\" data-element_type=\"widget\" data-e-type=\"widget\" data-widget_type=\"divider.default\">\n\t\t\t\t\t\t\t<div class=\"elementor-divider\">\n\t\t\t<span class=\"elementor-divider-separator\">\n\t\t\t\t\t\t<\/span>\n\t\t<\/div>\n\t\t\t\t\t\t<\/div>\n\t\t\t\t<div class=\"elementor-element elementor-element-c93aaec elementor-widget elementor-widget-heading\" data-id=\"c93aaec\" data-element_type=\"widget\" data-e-type=\"widget\" data-widget_type=\"heading.default\">\n\t\t\t\t\t<h3 class=\"elementor-heading-title elementor-size-default\">1. Tidslinje for bestillingsproces<\/h3>\t\t\t\t<\/div>\n\t\t\t\t<div class=\"elementor-element elementor-element-0f96d7b elementor-widget elementor-widget-text-editor\" data-id=\"0f96d7b\" data-element_type=\"widget\" data-e-type=\"widget\" data-widget_type=\"text-editor.default\">\n\t\t\t\t\t\t\t\t\t<p>Vores bestillingsproces for hjemmesider - fra du afgiver din bestilling, til din hjemmeside er lanceret - er beskrevet nedenfor. For at du ved pr\u00e6cis, hvad du kan forvente, har vi medtaget b\u00e5de vores og dine deadlines.<\/p><p>Kom i kontakt med os:<br \/>E-mail: <a href=\"mailto:post@techspace.no\">post@techspace.no<\/a><br \/>Telefon: <a href=\"tel:+4791925014\">+47 919 25 014<\/a><\/p>\t\t\t\t\t\t\t\t<\/div>\n\t\t\t\t<div class=\"elementor-element elementor-element-11b372a elementor-widget-divider--view-line elementor-widget elementor-widget-divider\" data-id=\"11b372a\" data-element_type=\"widget\" data-e-type=\"widget\" data-widget_type=\"divider.default\">\n\t\t\t\t\t\t\t<div class=\"elementor-divider\">\n\t\t\t<span class=\"elementor-divider-separator\">\n\t\t\t\t\t\t<\/span>\n\t\t<\/div>\n\t\t\t\t\t\t<\/div>\n\t\t\t\t<div class=\"elementor-element elementor-element-890a733 elementor-widget elementor-widget-heading\" data-id=\"890a733\" data-element_type=\"widget\" data-e-type=\"widget\" data-widget_type=\"heading.default\">\n\t\t\t\t\t<h3 class=\"elementor-heading-title elementor-size-default\">2. Giv oplysninger om hjemmesiden<\/h3>\t\t\t\t<\/div>\n\t\t\t\t<div class=\"elementor-element elementor-element-ab7ef0f elementor-widget elementor-widget-text-editor\" data-id=\"ab7ef0f\" data-element_type=\"widget\" data-e-type=\"widget\" data-widget_type=\"text-editor.default\">\n\t\t\t\t\t\t\t\t\t<ul><li>Som en del af opstartsfasen vil en af vores konsulenter kontakte dig for at aftale et tidspunkt for et opkald. Alternativt sender vi dig en sms og en e-mail for at informere dig om, at vi gerne vil i kontakt med dig ang\u00e5ende din nye hjemmeside. Du kan lave en aftale ved at ringe til <a href=\"tel:+4763001966\">+47 63 00 19 66.<\/a><\/li><\/ul><p>\u00a0<\/p><ul><li>For at den nye hjemmeside kan afspejle din virksomhed, vil vi gerne have en kort beskrivelse af, hvad du laver, og hvilke produkter og tjenester du tilbyder. Send venligst disse oplysninger til <a href=\"mailto:post@techspace.no\">post@techspace.no<\/a>. At indsende dit materiale s\u00e5 tidligt som muligt er den bedste m\u00e5de at komme hurtigt i gang p\u00e5.<\/li><\/ul><p>\u00a0<\/p><ul><li>Standardleveringstiden for vores pakkel\u00f8sninger er en m\u00e5ned, forudsat at vi modtager alle n\u00f8dvendige oplysninger.<\/li><\/ul><p>\u00a0<\/p><ul><li>Hvis vi ikke modtager oplysninger inden for 10 dage, udarbejder vi et designforslag baseret p\u00e5 tilg\u00e6ngelige oplysninger, og hvad vi ved om projektet. Ved projektets start udsendes fakturaer for drift og etablering.<\/li><\/ul>\t\t\t\t\t\t\t\t<\/div>\n\t\t\t\t<div class=\"elementor-element elementor-element-5f697ee elementor-widget-divider--view-line elementor-widget elementor-widget-divider\" data-id=\"5f697ee\" data-element_type=\"widget\" data-e-type=\"widget\" data-widget_type=\"divider.default\">\n\t\t\t\t\t\t\t<div class=\"elementor-divider\">\n\t\t\t<span class=\"elementor-divider-separator\">\n\t\t\t\t\t\t<\/span>\n\t\t<\/div>\n\t\t\t\t\t\t<\/div>\n\t\t\t\t<div class=\"elementor-element elementor-element-d0d1ba7 elementor-widget elementor-widget-heading\" data-id=\"d0d1ba7\" data-element_type=\"widget\" data-e-type=\"widget\" data-widget_type=\"heading.default\">\n\t\t\t\t\t<h3 class=\"elementor-heading-title elementor-size-default\">3. Meddelelse om link til hjemmeside<\/h3>\t\t\t\t<\/div>\n\t\t\t\t<div class=\"elementor-element elementor-element-59aedc6 elementor-widget elementor-widget-text-editor\" data-id=\"59aedc6\" data-element_type=\"widget\" data-e-type=\"widget\" data-widget_type=\"text-editor.default\">\n\t\t\t\t\t\t\t\t\t<ul><li>Du f\u00e5r forslag til s\u00f8gemaskineoptimeret tekst, der kan hj\u00e6lpe dig med at f\u00e5 flere henvendelser. S\u00e5 snart vi har modtaget dine instruktioner og oplysninger, vil vores designere skabe en hjemmeside, der matcher dine \u00f8nsker. N\u00e5r designforslaget er klar, modtager du en e-mail med et link til hjemmesiden.<\/li><\/ul><p>\u00a0<\/p><ul><li>S\u00f8rg for, at b\u00e5de tekst og design bliver gennemg\u00e5et.<\/li><\/ul>\t\t\t\t\t\t\t\t<\/div>\n\t\t\t\t<div class=\"elementor-element elementor-element-477b9fd elementor-widget-divider--view-line elementor-widget elementor-widget-divider\" data-id=\"477b9fd\" data-element_type=\"widget\" data-e-type=\"widget\" data-widget_type=\"divider.default\">\n\t\t\t\t\t\t\t<div class=\"elementor-divider\">\n\t\t\t<span class=\"elementor-divider-separator\">\n\t\t\t\t\t\t<\/span>\n\t\t<\/div>\n\t\t\t\t\t\t<\/div>\n\t\t\t\t<div class=\"elementor-element elementor-element-8a3e7ac elementor-widget elementor-widget-heading\" data-id=\"8a3e7ac\" data-element_type=\"widget\" data-e-type=\"widget\" data-widget_type=\"heading.default\">\n\t\t\t\t\t<h3 class=\"elementor-heading-title elementor-size-default\">4. Lancering af din hjemmeside<\/h3>\t\t\t\t<\/div>\n\t\t\t\t<div class=\"elementor-element elementor-element-f726d76 elementor-widget elementor-widget-text-editor\" data-id=\"f726d76\" data-element_type=\"widget\" data-e-type=\"widget\" data-widget_type=\"text-editor.default\">\n\t\t\t\t\t\t\t\t\tN\u00e5r du har godkendt designet af din hjemmeside, vil den v\u00e6re online inden for tre arbejdsdage. Normalt g\u00e5r det endnu hurtigere. For at vi kan lancere hjemmesiden s\u00e5 hurtigt som muligt, er det vigtigt, at vi f\u00e5r oplysninger om dom\u00e6net s\u00e5 tidligt som muligt.\t\t\t\t\t\t\t\t<\/div>\n\t\t\t\t<div class=\"elementor-element elementor-element-ada08df elementor-widget elementor-widget-text-editor\" data-id=\"ada08df\" data-element_type=\"widget\" data-e-type=\"widget\" data-widget_type=\"text-editor.default\">\n\t\t\t\t\t\t\t\t\t<p><strong>Tillykke, din virksomhed har nu en ny hjemmeside!<\/strong><\/p>\t\t\t\t\t\t\t\t<\/div>\n\t\t\t\t<\/div>\n\t\t\t\t<div class=\"elementor-element elementor-element-335602c elementor-widget elementor-widget-html\" data-id=\"335602c\" data-element_type=\"widget\" data-e-type=\"widget\" data-widget_type=\"html.default\">\n\t\t\t\t\t<!--<style>-->\n<!--    h2 {-->\n<!--  font-size: clamp(1.4rem, 2.5vw + 0.5rem, 2rem) !important;-->\n<!--}-->\n\n<!--h3 {-->\n<!--  font-size: clamp(1.1rem, 2vw + 0.3rem, 1.5rem)!important;-->\n<!--}-->\n\n<!--<\/style>-->\t\t\t\t<\/div>\n\t\t\t\t<div class=\"elementor-element elementor-element-6d0d7d5 elementor-widget elementor-widget-spacer\" data-id=\"6d0d7d5\" data-element_type=\"widget\" data-e-type=\"widget\" data-widget_type=\"spacer.default\">\n\t\t\t\t\t\t\t<div class=\"elementor-spacer\">\n\t\t\t<div class=\"elementor-spacer-inner\"><\/div>\n\t\t<\/div>\n\t\t\t\t\t\t<\/div>\n\t\t\t\t\t<\/div>\n\t\t\t\t<\/div>\n\t\t\t\t<\/div>","protected":false},"excerpt":{"rendered":"<p>Velkommen til v\u00e5re hjelpesider Her finner du en oversikt over alle de store og sm\u00e5 sp\u00f8rsm\u00e5lene vi vanligvis f\u00e5r om v\u00e5re nettsteder. Du finner ogs\u00e5 informasjon om hvordan du konfigurerer e-postkontoene dine hos oss i ulike apper og programmer. Ta en titt, og kontakt oss hvis du har flere sp\u00f8rsm\u00e5l! Sp\u00f8rsm\u00e5l rundt mono-nettsider V\u00e5re mest [&hellip;]<\/p>\n","protected":false},"author":4,"featured_media":0,"parent":3104,"menu_order":0,"comment_status":"closed","ping_status":"closed","template":"","meta":{"footnotes":"","_wp_rev_ctl_limit":""},"class_list":["post-3271","page","type-page","status-publish","hentry"],"_links":{"self":[{"href":"https:\/\/techspace.no\/da\/wp-json\/wp\/v2\/pages\/3271","targetHints":{"allow":["GET"]}}],"collection":[{"href":"https:\/\/techspace.no\/da\/wp-json\/wp\/v2\/pages"}],"about":[{"href":"https:\/\/techspace.no\/da\/wp-json\/wp\/v2\/types\/page"}],"author":[{"embeddable":true,"href":"https:\/\/techspace.no\/da\/wp-json\/wp\/v2\/users\/4"}],"replies":[{"embeddable":true,"href":"https:\/\/techspace.no\/da\/wp-json\/wp\/v2\/comments?post=3271"}],"version-history":[{"count":0,"href":"https:\/\/techspace.no\/da\/wp-json\/wp\/v2\/pages\/3271\/revisions"}],"up":[{"embeddable":true,"href":"https:\/\/techspace.no\/da\/wp-json\/wp\/v2\/pages\/3104"}],"wp:attachment":[{"href":"https:\/\/techspace.no\/da\/wp-json\/wp\/v2\/media?parent=3271"}],"curies":[{"name":"wp","href":"https:\/\/api.w.org\/{rel}","templated":true}]}}