{"id":2403,"date":"2025-05-08T08:56:52","date_gmt":"2025-05-08T08:56:52","guid":{"rendered":"https:\/\/techspace.no\/about\/"},"modified":"2025-11-25T11:59:40","modified_gmt":"2025-11-25T11:59:40","slug":"om-os","status":"publish","type":"page","link":"https:\/\/techspace.no\/da\/om-oss\/","title":{"rendered":"Omkring"},"content":{"rendered":"\t\t<div data-elementor-type=\"wp-page\" data-elementor-id=\"2403\" class=\"elementor elementor-2403\" data-elementor-post-type=\"page\">\n\t\t\t\t<div class=\"elementor-element elementor-element-7ae013e9 e-flex e-con-boxed e-con e-parent\" data-id=\"7ae013e9\" data-element_type=\"container\" data-e-type=\"container\">\n\t\t\t\t\t<div class=\"e-con-inner\">\n\t\t<div class=\"elementor-element elementor-element-7fcd51c2 e-con-full e-flex e-con e-child\" data-id=\"7fcd51c2\" data-element_type=\"container\" data-e-type=\"container\" data-settings=\"{&quot;animation&quot;:&quot;none&quot;}\">\n\t\t\t\t<div class=\"elementor-element elementor-element-19b257 elementor-widget elementor-widget-image\" data-id=\"19b257\" data-element_type=\"widget\" data-e-type=\"widget\" data-widget_type=\"image.default\">\n\t\t\t\t\t\t\t\t\t\t\t\t\t\t\t<img fetchpriority=\"high\" decoding=\"async\" width=\"1920\" height=\"765\" src=\"https:\/\/techspace.no\/wp-content\/uploads\/2025\/05\/About-Us-BG.webp\" class=\"attachment-2048x2048 size-2048x2048 wp-image-2570\" alt=\"\" srcset=\"https:\/\/techspace.no\/wp-content\/uploads\/2025\/05\/About-Us-BG.webp 1920w, https:\/\/techspace.no\/wp-content\/uploads\/2025\/05\/About-Us-BG-300x120.webp 300w, https:\/\/techspace.no\/wp-content\/uploads\/2025\/05\/About-Us-BG-1024x408.webp 1024w, https:\/\/techspace.no\/wp-content\/uploads\/2025\/05\/About-Us-BG-768x306.webp 768w, https:\/\/techspace.no\/wp-content\/uploads\/2025\/05\/About-Us-BG-1536x612.webp 1536w\" sizes=\"(max-width: 1920px) 100vw, 1920px\" \/>\t\t\t\t\t\t\t\t\t\t\t\t\t\t\t<\/div>\n\t\t\t\t<\/div>\n\t\t\t\t\t<\/div>\n\t\t\t\t<\/div>\n\t\t<div class=\"elementor-element elementor-element-4c64d299 e-flex e-con-boxed e-con e-parent\" data-id=\"4c64d299\" data-element_type=\"container\" data-e-type=\"container\">\n\t\t\t\t\t<div class=\"e-con-inner\">\n\t\t\t\t<div class=\"elementor-element elementor-element-ba99d60 elementor-widget elementor-widget-heading\" data-id=\"ba99d60\" data-element_type=\"widget\" data-e-type=\"widget\" data-widget_type=\"heading.default\">\n\t\t\t\t\t<div class=\"elementor-heading-title elementor-size-default\">Hvem vi er <\/div>\t\t\t\t<\/div>\n\t\t\t\t<div class=\"elementor-element elementor-element-28c3f41 elementor-widget elementor-widget-heading\" data-id=\"28c3f41\" data-element_type=\"widget\" data-e-type=\"widget\" data-settings=\"{&quot;_animation&quot;:&quot;none&quot;}\" data-widget_type=\"heading.default\">\n\t\t\t\t\t<h1 class=\"elementor-heading-title elementor-size-default\">Digitale l\u00f8sninger st\u00f8ttet av tillit og ekspertise<\/h1>\t\t\t\t<\/div>\n\t\t\t\t<div class=\"elementor-element elementor-element-6c206a45 elementor-widget__width-initial elementor-widget-mobile__width-inherit elementor-widget elementor-widget-text-editor\" data-id=\"6c206a45\" data-element_type=\"widget\" data-e-type=\"widget\" data-widget_type=\"text-editor.default\">\n\t\t\t\t\t\t\t\t\tVi bygger ikke bare nettsider, vi bygger langsiktige partnerskap. Dine m\u00e5l kommer f\u00f8rst, og ditt publikum er alltid i hjertet av v\u00e5r strategi.\t\t\t\t\t\t\t\t<\/div>\n\t\t\t\t\t<\/div>\n\t\t\t\t<\/div>\n\t\t<div class=\"elementor-element elementor-element-496c6a72 e-flex e-con-boxed e-con e-parent\" data-id=\"496c6a72\" data-element_type=\"container\" data-e-type=\"container\">\n\t\t\t\t\t<div class=\"e-con-inner\">\n\t\t<div class=\"elementor-element elementor-element-6c0f8dbd e-con-full e-flex e-con e-child\" data-id=\"6c0f8dbd\" data-element_type=\"container\" data-e-type=\"container\">\n\t\t\t\t<div class=\"elementor-element elementor-element-7c71ee99 elementor-widget elementor-widget-heading\" data-id=\"7c71ee99\" data-element_type=\"widget\" data-e-type=\"widget\" data-widget_type=\"heading.default\">\n\t\t\t\t\t<h3 class=\"elementor-heading-title elementor-size-default\">M\u00f8t hjernene bak Techspace<\/h3>\t\t\t\t<\/div>\n\t\t\t\t<div class=\"elementor-element elementor-element-78dda142 elementor-widget elementor-widget-text-editor\" data-id=\"78dda142\" data-element_type=\"widget\" data-e-type=\"widget\" data-widget_type=\"text-editor.default\">\n\t\t\t\t\t\t\t\t\tHos TechSpace er vi mer enn et digitalt byr\u00e5 \u2013 vi er din kreative og strategiske vekstpartner. V\u00e5r misjon er \u00e5 styrke enkeltpersoner og bedrifter med h\u00f8y-kvalitets, rimelige web-l\u00f8sninger som gir resultater i den virkelige verden.\t\t\t\t\t\t\t\t<\/div>\n\t\t\t\t<div class=\"elementor-element elementor-element-2f7b2367 elementor-widget elementor-widget-heading\" data-id=\"2f7b2367\" data-element_type=\"widget\" data-e-type=\"widget\" data-widget_type=\"heading.default\">\n\t\t\t\t\t<h3 class=\"elementor-heading-title elementor-size-default\">Hvordan Techspace ble til<\/h3>\t\t\t\t<\/div>\n\t\t\t\t<div class=\"elementor-element elementor-element-47f8c050 elementor-widget elementor-widget-text-editor\" data-id=\"47f8c050\" data-element_type=\"widget\" data-e-type=\"widget\" data-widget_type=\"text-editor.default\">\n\t\t\t\t\t\t\t\t\t<p>TechSpace ble grunnlagt med en visjon om \u00e5 forenkle den digitale reisen for alle \u2013 fra sm\u00e5 bedriftseiere til h\u00e5pefulle skapere. Vi s\u00e5 utfordringene folk m\u00f8ter n\u00e5r de skal bygge en sterk digital tilstedev\u00e6relse, s\u00e5 vi bestemte oss for \u00e5 fjerne barrierene.<\/p><p>I dag er vi stolte av \u00e5 tilby alt fra gratis nettsideutvikling og imponerende maler til ekspertstrategier for markedsf\u00f8ring \u2013 alt under ett tak.<\/p>\t\t\t\t\t\t\t\t<\/div>\n\t\t\t\t<\/div>\n\t\t<div class=\"elementor-element elementor-element-3bb8881a e-con-full e-flex e-con e-child\" data-id=\"3bb8881a\" data-element_type=\"container\" data-e-type=\"container\" data-settings=\"{&quot;background_background&quot;:&quot;classic&quot;}\">\n\t\t\t\t<\/div>\n\t\t\t\t\t<\/div>\n\t\t\t\t<\/div>\n\t\t<div class=\"elementor-element elementor-element-1399d97 e-flex e-con-boxed e-con e-parent\" data-id=\"1399d97\" data-element_type=\"container\" data-e-type=\"container\">\n\t\t\t\t\t<div class=\"e-con-inner\">\n\t\t\t\t<div class=\"elementor-element elementor-element-263eb54 elementor-widget elementor-widget-heading\" data-id=\"263eb54\" data-element_type=\"widget\" data-e-type=\"widget\" data-widget_type=\"heading.default\">\n\t\t\t\t\t<h2 class=\"elementor-heading-title elementor-size-default\">Portfolio<\/h2>\t\t\t\t<\/div>\n\t\t\t\t<div class=\"elementor-element elementor-element-9056cd8 elementor-widget elementor-widget-heading\" data-id=\"9056cd8\" data-element_type=\"widget\" data-e-type=\"widget\" data-widget_type=\"heading.default\">\n\t\t\t\t\t<div class=\"elementor-heading-title elementor-size-default\">Hva vi har bygget<\/div>\t\t\t\t<\/div>\n\t\t\t\t<div class=\"elementor-element elementor-element-0daf9f7 elementor-widget__width-initial elementor-widget-mobile__width-inherit elementor-widget elementor-widget-text-editor\" data-id=\"0daf9f7\" data-element_type=\"widget\" data-e-type=\"widget\" data-widget_type=\"text-editor.default\">\n\t\t\t\t\t\t\t\t\t<p>Hvert prosjekt er et samarbeid, hvert resultat en felles suksess. Her er et innblikk i hvordan vi realiserer visjoner.<\/p>\t\t\t\t\t\t\t\t<\/div>\n\t\t\t\t<div class=\"elementor-element elementor-element-aca36d0 elementor-widget__width-inherit my-website-filter elementor-widget elementor-widget-shortcode\" data-id=\"aca36d0\" data-element_type=\"widget\" data-e-type=\"widget\" data-widget_type=\"shortcode.default\">\n\t\t\t\t\t\t\t<div class=\"elementor-shortcode\"><div id=\"astra-portfolio\" class=\"astra-portfolio-wrap astra-portfolio-style-1 astra-portfolio-show-on-click\"\n\tdata-other-categories=\"\"\n\tdata-categories=\"58, 59, 60\"\n\tdata-tags=\"\"\n>\n\t\t<div class=\"astra-portfolio-filters\" class=\"wp-filter hide-if-no-js\">\n\n\t\t<!-- All Filters -->\n\t\t<div class=\"filters-wrap\">\n\t\t\t\t\t\t\t\n\t\t\t\t\t\t\t<div class=\"astra-portfolio-categories-wrap\"><\/div>\n\t\t\t\t\t\t\t\n\t\t<\/div>\n\n\t\t\n\t<\/div>\n\t\n\t<!-- All Astra Portfolio -->\n\t<div class=\"astra-portfolio-shortcode-wrap astra-portfolio-grid astra-portfolio astra-portfolio-row\"><\/div><!-- .astra-portfolio -->\n\n<\/div><!-- .astra-portfolio. -->\n\n\t\t\t<script type=\"text\/template\" id=\"tmpl-astra-portfolio-responsive-view\">\n\t\t\t\t<span class=\"responsive-view\">\n\t<span class=\"actions\">\n\t\t<a class=\"desktop\" href=\"#\"><span data-view=\"desktop \" class=\"active dashicons dashicons-desktop\"><\/span><\/a>\n\t\t<a class=\"tablet\" href=\"#\"><span data-view=\"tablet\" class=\"dashicons dashicons-tablet\"><\/span><\/a>\n\t\t<a class=\"mobile\" href=\"#\"><span data-view=\"mobile\" class=\"dashicons dashicons-smartphone\"><\/span><\/a>\n\t<\/span>\n<\/span>\n\t\t\t<\/script>\n\n\t\t\t\t\t\t<script type=\"text\/template\" id=\"tmpl-astra-portfolio-filters\">\n\n\t\t\t\t<# if ( data ) { #>\n\n\t<ul class=\"{{ data.args.wrapper_class }} {{ data.args.class }}\">\n\n\t\t<# if ( data.args.show_all ) { #>\n\t\t\t<li>\n\t\t\t\t<a href=\"#\" data-group=\"all\">\n\t\t\t\t\tAll\t\t\t\t<\/a>\n\t\t\t<\/li>\n\t\t<# } #>\n\n\t\t<# for ( key in data.items ) { #>\n\n\t\t\t<# if ( data.items[ key ].count ) { #>\n\n\t\t\t\t<li>\n\t\t\t\t\t<a href=\"#\" data-group='{{ data.items[ key ].id }}' class=\"{{ data.items[ key ].name }}\">\n\t\t\t\t\t\t{{{ data.items[ key ].name }}}\n\t\t\t\t\t<\/a>\n\t\t\t\t<\/li>\n\n\t\t\t<# } #>\n\n\t\t<# } #>\n\n\t<\/ul>\n<# } #>\n\n\t\t\t<\/script>\n\n\t\t\t\t\t\t<script type=\"text\/template\" id=\"tmpl-astra-portfolio-no-items-found\">\n\n\t\t\t\t<div class=\"astra-portfolio-not-found\">\n\t<p>\n\t\tNo items found.<br\/>\n\t<\/p>\n<\/div>\n\n\t\t\t<\/script>\n\n\t\t\t\t\t\t<script type=\"text\/template\" id=\"tmpl-astra-portfolio-list\">\n\n\t\t\t\t<# if ( data.items.length ) { #>\n\t<# for ( key in data.items ) {\n\n\t\tvar item_classes = '';\n\t\tif( 1 == data.items[ key ]['astra-site-open-in-new-tab'] )\n\t\t{\n\t\t\titem_classes = ' open-in-new-tab ';\n\t\t}\n\n\t\tvar open_in = data.items[ key ]['astra-site-open-portfolio-in'] || '';\n\n\t\titem_classes += ' ' + open_in + ' ';\n\t\tvar style = 'style-1';\n\t\tvar speed = '3';\n\t\t#>\n\n\t\t<div class=\"site-single {{ item_classes }} astra-portfolio-col-md-3 {{ data.items[ key ]['portfolio-type'] }}\" data-slug=\"{{ data.items[ key ]['slug'] }}\" data-id=\"{{data.items[ key ]['id']}}\" data-portfolio-type=\"{{data.items[ key ]['portfolio-type']}}\">\n\t\t\t<div class=\"inner\">\n\t\t\t\t\t\t\t\t<#\n\t\t\t\tvar css = '';\n\t\t\t\tif( 'style-1' == style && '' !== data.items[ key ]['thumbnail-image-url'] ) {\n\t\t\t\t\tcss = \"background-image:url('\"+data.items[ key ]['thumbnail-image-url']+\"'); \";\n\t\t\t\t\tif( '' !== speed ) {\n\t\t\t\t\t\tcss += \"transition: all ease-in-out \" + speed + \"s;\";\n\t\t\t\t\t}\n\t\t\t\t}\n\n\t\t\t\tvar type = data.items[ key ]['portfolio-type'] || '';\n\n\t\t\t\tswitch( type ) {\n\t\t\t\t\tcase 'page': \n\t\t\t\t\t\t\t\t\tvar permalink = data.items[ key ]['link'] || '';\n\t\t\t\t\t\t\t\t\tvar target = '_blank';\n\t\t\t\t\t\t\t\t\tif( 'same-tab' == open_in )\n\t\t\t\t\t\t\t\t\t{\n\t\t\t\t\t\t\t\t\t\ttarget = '_self';\n\t\t\t\t\t\t\t\t\t}\n\t\t\t\t\t\t\t\t\tif( 'iframe' == open_in )\n\t\t\t\t\t\t\t\t\t{ #>\n\t\t\t\t\t\t\t\t\t\t<span class=\"site-preview\" data-href=\"{{ permalink }}TB_iframe=true&width=600&height=550\" data-title=\"{{ data.items[ key ].title.rendered }}\" style=\"{{css}}\">\n\t\t\t\t\t\t\t\t\t<# } else { #>\n\t\t\t\t\t\t\t\t\t\t<a target=\"{{ target }}\" class=\"site-preview\" title=\"{{ data.items[ key ].title.rendered }}\" href=\"{{{permalink}}}\" data-elementor-open-lightbox=\"no\" style=\"{{css}}\">\n\t\t\t\t\t\t\t\t\t<# } #>\n\t\t\t\t\t\t\t\t\t\t<# if( 'style-1' !== style && '' !== data.items[ key ]['thumbnail-image-url'] ) { #>\n\t\t\t\t\t\t\t\t\t\t\t<img class=\"lazy\" data-src=\"{{ data.items[ key ]['thumbnail-image-url'] }}\" alt=\"{{ data.items[ key ]['thumbnail-image-meta']['alt'] }}\" title=\"{{ data.items[ key ]['thumbnail-image-meta']['title'] }}\" \/>\n\t\t\t\t\t\t\t\t\t\t\t<noscript>\n\t\t\t\t\t\t\t\t\t\t\t\t<img decoding=\"async\" src=\"{{ data.items[ key ]['thumbnail-image-url'] }}\" alt=\"{{ data.items[ key ]['thumbnail-image-meta']['alt'] }}\" title=\"{{ data.items[ key ]['thumbnail-image-meta']['title'] }}\" \/>\n\t\t\t\t\t\t\t\t\t\t\t<\/noscript>\n\t\t\t\t\t\t\t\t\t\t<# } #>\n\t\t\t\t\t\t\t\t\t\t\t\t\t\t\t\t\t\t\t\t<span class=\"view-demo-wrap\">\n\t\t\t\t\t\t\t\t\t\t\t<span class=\"view-demo\"> Quick View <\/span>\n\t\t\t\t\t\t\t\t\t\t<\/span>\n\t\t\t\t\t\t\t\t\t\t\t\t\t\t\t\t\t\t\t<# if( 'iframe' == open_in )\n\t\t\t\t\t\t\t\t\t{ #>\n\t\t\t\t\t\t\t\t\t\t<\/span>\n\t\t\t\t\t\t\t\t\t<# } else { #>\n\t\t\t\t\t\t\t\t\t\t<\/a>\n\t\t\t\t\t\t\t\t\t<# }\n\t\t\t\t\t\tbreak;\n\t\t\t\t\tcase 'video': \n\t\t\t\t\t\t\t\t\tvar video_url = data.items[ key ]['portfolio-video-url'] || '';\n\t\t\t\t\t\t\t\t\t#>\t\t\t\t\t\t\t\t\t\t\n\t\t\t\t\t\t\t\t\t<a class=\"site-preview\" title=\"{{ data.items[ key ].title.rendered }}\" href=\"{{{video_url}}}\" data-elementor-open-lightbox=\"no\" style=\"{{css}}\">\n\t\t\t\t\t\t\t\t\t\t<# if( 'style-1' !== style && '' !== data.items[ key ]['thumbnail-image-url'] ) { #>\n\t\t\t\t\t\t\t\t\t\t\t<img class=\"lazy\" data-src=\"{{ data.items[ key ]['thumbnail-image-url'] }}\" alt=\"{{ data.items[ key ]['thumbnail-image-meta']['alt'] }}\" title=\"{{ data.items[ key ]['thumbnail-image-meta']['title'] }}\" \/>\n\t\t\t\t\t\t\t\t\t\t\t<noscript>\n\t\t\t\t\t\t\t\t\t\t\t\t<img decoding=\"async\" src=\"{{ data.items[ key ]['thumbnail-image-url'] }}\" alt=\"{{ data.items[ key ]['thumbnail-image-meta']['alt'] }}\" title=\"{{ data.items[ key ]['thumbnail-image-meta']['title'] }}\" \/>\n\t\t\t\t\t\t\t\t\t\t\t<\/noscript>\n\t\t\t\t\t\t\t\t\t\t<# } #>\n\t\t\t\t\t\t\t\t\t\t\t\t\t\t\t\t\t\t\t\t<span class=\"view-demo-wrap\">\n\t\t\t\t\t\t\t\t\t\t\t<span class=\"view-demo\"> Quick View <\/span>\n\t\t\t\t\t\t\t\t\t\t<\/span>\n\t\t\t\t\t\t\t\t\t\t\t\t\t\t\t\t\t\t\t<\/a>\n\t\t\t\t\t\t\t\t\t<#\n\t\t\t\t\t\tbreak;\n\t\t\t\t\tcase 'image': \n\t\t\t\t\t\t\t\t\tvar image_url = data.items[ key ]['lightbox-image-url'] || '';\n\t\t\t\t\t\t\t\t\tif( '' === image_url ) {\n\t\t\t\t\t\t\t\t\t\timage_url = data.items[ key ]['thumbnail-image-url'] || '';\n\t\t\t\t\t\t\t\t\t}\n\t\t\t\t\t\t\t\t\t#>\n\t\t\t\t\t\t\t\t\t<a class=\"site-preview\" title=\"{{ data.items[ key ].title.rendered }}\" href=\"{{{image_url}}}\" data-elementor-open-lightbox=\"no\" style=\"{{css}}\">\n\t\t\t\t\t\t\t\t\t\t<# if( 'style-1' !== style && '' !== data.items[ key ]['thumbnail-image-url'] ) { #>\n\t\t\t\t\t\t\t\t\t\t\t<img class=\"lazy\" data-src=\"{{ data.items[ key ]['thumbnail-image-url'] }}\" alt=\"{{ data.items[ key ]['thumbnail-image-meta']['alt'] }}\" title=\"{{ data.items[ key ]['thumbnail-image-meta']['title'] }}\" \/>\n\t\t\t\t\t\t\t\t\t\t\t<noscript>\n\t\t\t\t\t\t\t\t\t\t\t\t<img decoding=\"async\" src=\"{{ data.items[ key ]['thumbnail-image-url'] }}\" alt=\"{{ data.items[ key ]['thumbnail-image-meta']['alt'] }}\" title=\"{{ data.items[ key ]['thumbnail-image-meta']['title'] }}\" \/>\n\t\t\t\t\t\t\t\t\t\t\t<\/noscript>\n\t\t\t\t\t\t\t\t\t\t<# } #>\n\t\t\t\t\t\t\t\t\t\t\t\t\t\t\t\t\t\t\t\t<span class=\"view-demo-wrap\">\n\t\t\t\t\t\t\t\t\t\t\t<span class=\"view-demo\"> Quick View <\/span>\n\t\t\t\t\t\t\t\t\t\t<\/span>\n\t\t\t\t\t\t\t\t\t\t\t\t\t\t\t\t\t\t\t<\/a>\n\t\t\t\t\t\t\t\t\t<#\n\t\t\t\t\t\tbreak;\n\n\t\t\t\t\tcase 'iframe': \n\t\t\t\t\tdefault:\n\n\t\t\t\t\t\t\t\t\tif( 1 == data.items[ key ]['astra-site-open-in-new-tab'] ) { #>\n\t\t\t\t\t\t\t\t\t\t<a class=\"site-preview\" href=\"{{ data.items[ key ]['astra-site-url'] }}\" target=\"_blank\" data-title=\"{{ data.items[ key ].title.rendered }}\" data-elementor-open-lightbox=\"no\" style=\"{{css}}\" aria-label=\"Visit {{ data.items[key].title.rendered }} website\">\n\t\t\t\t\t\t\t\t\t<# } else { #>\n\t\t\t\t\t\t\t\t\t\t<span class=\"site-preview\" data-href=\"{{ data.items[ key ]['astra-site-url'] }}TB_iframe=true&width=600&height=550\" data-title=\"{{ data.items[ key ].title.rendered }}\" style=\"{{css}}\" aria-label=\"Visit {{ data.items[key].title.rendered }} website\">\n\t\t\t\t\t\t\t\t\t<# } #>\n\t\t\t\t\t\t\t\t\t\t<# if( 'style-1' !== style && '' !== data.items[ key ]['thumbnail-image-url'] ) { #>\n\t\t\t\t\t\t\t\t\t\t\t<img class=\"lazy\" data-src=\"{{ data.items[ key ]['thumbnail-image-url'] }}\" alt=\"{{ data.items[ key ]['thumbnail-image-meta']['alt'] }}\" title=\"{{ data.items[ key ]['thumbnail-image-meta']['title'] }}\" \/>\n\t\t\t\t\t\t\t\t\t\t\t<noscript>\n\t\t\t\t\t\t\t\t\t\t\t\t<img decoding=\"async\" src=\"{{ data.items[ key ]['thumbnail-image-url'] }}\" alt=\"{{ data.items[ key ]['thumbnail-image-meta']['alt'] }}\" title=\"{{ data.items[ key ]['thumbnail-image-meta']['title'] }}\" \/>\n\t\t\t\t\t\t\t\t\t\t\t<\/noscript>\n\t\t\t\t\t\t\t\t\t\t<# } #>\n\t\t\t\t\t\t\t\t\t\t\t\t\t\t\t\t\t\t\t\t<span class=\"view-demo-wrap\">\n\t\t\t\t\t\t\t\t\t\t\t<span class=\"view-demo\"> Quick View <\/span>\n\t\t\t\t\t\t\t\t\t\t<\/span>\n\t\t\t\t\t\t\t\t\t\t\t\t\t\t\t\t\t\t\t<# if( 1 == data.items[ key ]['astra-site-open-in-new-tab'] ) { #>\n\t\t\t\t\t\t\t\t\t\t<\/a>\n\t\t\t\t\t\t\t\t\t<# } else { #>\n\t\t\t\t\t\t\t\t\t\t<\/span>\n\t\t\t\t\t\t\t\t\t<# }\n\t\t\t\t\t\tbreak;\n\t\t\t\t}\n\t\t\t\t#>\n\t\t\t\t\t\t\t\t\t<div class=\"template-meta\">\n\t\t\t\t\t\t<div class=\"item-title\">\n\t\t\t\t\t\t\t{{{ data.items[ key ].title.rendered }}}\n\t\t\t\t\t\t\t<# if ( data.items[ key ]['astra-site-type'] ) { #>\n\t\t\t\t\t\t\t\t<span class=\"site-type {{data.items[ key ]['astra-site-type']}}\">{{data.items[ key ]['astra-site-type']}}<\/span>\n\t\t\t\t\t\t\t<# } #>\n\t\t\t\t\t\t<\/div>\n\t\t\t\t\t<\/div>\n\t\t\t\t\t\t\t<\/div>\n\t\t<\/div>\n\t<# } #>\n<# } else { #>\n\t<div class=\"astra-portfolio-not-found\">\n\t\t<p>\n\t\t\tNo items found.<br\/>\n\t\t<\/p>\n\t<\/div>\n<# } #>\n\n\t\t\t<\/script>\n\t\t\t\n<script type=\"text\/template\" id=\"tmpl-astra-portfolio-load-more-sites\">\n\t<button class=\"astra-portfolio-load-more-sites\">Load More<\/button>\n<\/script>\n\n<script type=\"text\/template\" id=\"tmpl-astra-portfolio-spinner\">\n\t<span class=\"spinner is-active\"><\/span>\n<\/script>\n\n<script type=\"text\/template\" id=\"tmpl-astra-portfolio-not-found\">\n\t<span class=\"astra-portfolio-not-found\">\n\t\t<p>\n\t\t\tNo items found.<br\/>\n\t\t<\/p>\n\t<\/span>\n<\/script>\n\n<script type=\"text\/template\" id=\"tmpl-astra-portfolio-no-more-demos\">\n\t<span class=\"no-more-demos\">\n\t\t\t<\/span>\n<\/script>\n<\/div>\n\t\t\t\t\t\t<\/div>\n\t\t\t\t\t<\/div>\n\t\t\t\t<\/div>\n\t\t\t\t<\/div>\n\t\t","protected":false},"excerpt":{"rendered":"<p>Hvem vi er Digitale l\u00f8sninger st\u00f8ttet av tillit og ekspertise Vi bygger ikke bare nettsider, vi bygger langsiktige partnerskap. Dine m\u00e5l kommer f\u00f8rst, og ditt publikum er alltid i hjertet av v\u00e5r strategi. M\u00f8t hjernene bak Techspace Hos TechSpace er vi mer enn et digitalt byr\u00e5 \u2013 vi er din kreative og strategiske vekstpartner. V\u00e5r [&hellip;]<\/p>\n","protected":false},"author":4,"featured_media":0,"parent":0,"menu_order":0,"comment_status":"closed","ping_status":"closed","template":"","meta":{"footnotes":"","_wp_rev_ctl_limit":""},"class_list":["post-2403","page","type-page","status-publish","hentry"],"_links":{"self":[{"href":"https:\/\/techspace.no\/da\/wp-json\/wp\/v2\/pages\/2403","targetHints":{"allow":["GET"]}}],"collection":[{"href":"https:\/\/techspace.no\/da\/wp-json\/wp\/v2\/pages"}],"about":[{"href":"https:\/\/techspace.no\/da\/wp-json\/wp\/v2\/types\/page"}],"author":[{"embeddable":true,"href":"https:\/\/techspace.no\/da\/wp-json\/wp\/v2\/users\/4"}],"replies":[{"embeddable":true,"href":"https:\/\/techspace.no\/da\/wp-json\/wp\/v2\/comments?post=2403"}],"version-history":[{"count":0,"href":"https:\/\/techspace.no\/da\/wp-json\/wp\/v2\/pages\/2403\/revisions"}],"wp:attachment":[{"href":"https:\/\/techspace.no\/da\/wp-json\/wp\/v2\/media?parent=2403"}],"curies":[{"name":"wp","href":"https:\/\/api.w.org\/{rel}","templated":true}]}}